{"id":529,"date":"2020-12-03T11:45:11","date_gmt":"2020-12-03T11:45:11","guid":{"rendered":"https:\/\/mogvn.net\/?post_type=product&#038;p=529"},"modified":"2023-09-08T02:03:09","modified_gmt":"2023-09-08T02:03:09","slug":"valtek-mark-one","status":"publish","type":"product","link":"https:\/\/sval.vn\/vi\/san-pham\/valtek-mark-one\/","title":{"rendered":"VALTEK MARK ONE"},"content":{"rendered":"","protected":false},"excerpt":{"rendered":"<p><strong>MODEL<\/strong>: Mark One<\/p>\n<p><strong>Lo\u1ea1i van\/Valve Type<\/strong> :\u00a0 Globe Control Valve<\/p>\n<p><strong>\u0110\u1eb7c \u0111i\u1ec3m \/Special Service<\/strong> : Mark One l\u00e0 d\u00f2ng van c\u00f3 hi\u1ec7u su\u1ea5t v\u01b0\u1ee3t tr\u1ed9i trong qu\u00e1 tr\u00ecnh s\u1eed d\u1ee5ng \u0111\u1ed1i v\u1edbi c\u1ea3 ch\u1ea5t l\u1ecfng v\u00e0 ch\u1ea5t kh\u00ed . Cho ph\u00e9p s\u1eeda ch\u1eefa, thay th\u1ebf, b\u1ea3o tr\u00ec d\u1ec5 d\u00e0ng, nhanh ch\u00f3ng, chi ph\u00ed th\u1ea5p . L\u00e0 d\u00f2ng van s\u1eed d\u1ee5ng actuator d\u1ea1ng xilanh ( spring &#8211; cylinder) c\u00f3 \u0111\u1ed9 ch\u00ednh x\u00e1c cao, tin c\u1eady.<\/p>\n<p><strong>C\u1ee1 van \/Valve size:<\/strong> 0.5 &#8221; &#8211; 48 &#8221;<\/p>\n<p><strong>Class<\/strong>: 150 &#8211; 2500<\/p>\n<p><strong>V\u1eadt li\u1ec7u th\u00e2n van \/Body material :\u00a0<\/strong>WCC,WCB , 316SS, 316LSS, Cr-Mo WC6;F11, Duplex SS 22% Cr &#8230;.<\/p>\n","protected":false},"featured_media":530,"template":"","meta":[],"product_cat":[89],"product_tag":[71,84,83,70,72],"class_list":{"0":"post-529","1":"product","2":"type-product","3":"status-publish","4":"has-post-thumbnail","6":"product_cat-flowserve","7":"product_tag-flowserve","8":"product_tag-flowserve-viet-nam","9":"product_tag-mark-one","10":"product_tag-sval","11":"product_tag-valve","13":"first","14":"instock","15":"shipping-taxable","16":"product-type-simple"},"_links":{"self":[{"href":"https:\/\/sval.vn\/vi\/wp-json\/wp\/v2\/product\/529"}],"collection":[{"href":"https:\/\/sval.vn\/vi\/wp-json\/wp\/v2\/product"}],"about":[{"href":"https:\/\/sval.vn\/vi\/wp-json\/wp\/v2\/types\/product"}],"wp:featuredmedia":[{"embeddable":true,"href":"https:\/\/sval.vn\/vi\/wp-json\/wp\/v2\/media\/530"}],"wp:attachment":[{"href":"https:\/\/sval.vn\/vi\/wp-json\/wp\/v2\/media?parent=529"}],"wp:term":[{"taxonomy":"product_cat","embeddable":true,"href":"https:\/\/sval.vn\/vi\/wp-json\/wp\/v2\/product_cat?post=529"},{"taxonomy":"product_tag","embeddable":true,"href":"https:\/\/sval.vn\/vi\/wp-json\/wp\/v2\/product_tag?post=529"}],"curies":[{"name":"wp","href":"https:\/\/api.w.org\/{rel}","templated":true}]}}