{"id":523,"date":"2020-12-03T11:40:44","date_gmt":"2020-12-03T11:40:44","guid":{"rendered":"https:\/\/mogvn.net\/?post_type=product&#038;p=523"},"modified":"2023-09-07T11:40:23","modified_gmt":"2023-09-07T11:40:23","slug":"valtek-mark-200","status":"publish","type":"product","link":"https:\/\/sval.vn\/vi\/san-pham\/valtek-mark-200\/","title":{"rendered":"VALTEK MARK 200"},"content":{"rendered":"","protected":false},"excerpt":{"rendered":"<p><strong>MODEL<\/strong>: Mark 200<\/p>\n<p><strong>Lo\u1ea1i van\/Valve Type<\/strong> :\u00a0 Linear Globe and Angle bodies<\/p>\n<p><strong>\u0110\u1eb7c \u0111i\u1ec3m \/Special Service<\/strong> : Mark One l\u00e0 d\u00f2ng van d\u00f9ng cho nh\u1eefng \u1ee9ng d\u1ee5ng c\u00f3 \u00e1p su\u1ea5t cao , \u0111i\u1ec1u khi\u1ec3n d\u00f2ng l\u01b0u l\u01b0\u1ee3ng l\u1edbn\u00a0 .L\u00e0 d\u00f2ng van c\u00f3 hi\u1ec7u qu\u1ea3 kinh t\u1ebf cao ,Cv l\u1edbn . V\u1edbi thi\u1ebft k\u1ebf \u0111\u1eb7c bi\u1ec7t v\u1ec1 trim , mark 200 t\u0103ng kh\u1ea3 n\u0103ng \u0111i\u1ec1u khi\u1ec3n v\u00e0 gi\u1ea3m thi\u1ec3u \u0111\u00e1ng k\u1ec3 \u0111\u01b0\u1ee3c hi\u1ec7n t\u01b0\u1ee3ng cavitation v\u00e0 \u0111\u1ed9 \u1ed3n.<\/p>\n<p><strong>C\u1ee1 van \/Valve size:<\/strong> 2 &#8221; &#8211; 16 &#8221;<\/p>\n<p><strong>Pressure: <\/strong>Class 900 &#8211; 2500<\/p>\n<p><strong>V\u1eadt li\u1ec7u th\u00e2n van \/Body material :<\/strong>Carbon Steel; Chrome Moly; Stainless Steel; Duplex..<\/p>\n<p><strong>Temperature:<\/strong> -196 \u00b0C to 815 \u00b0C;-320 \u00b0F to 1500 \u00b0F<\/p>\n","protected":false},"featured_media":524,"template":"","meta":[],"product_cat":[89],"product_tag":[71,70,72],"class_list":{"0":"post-523","1":"product","2":"type-product","3":"status-publish","4":"has-post-thumbnail","6":"product_cat-flowserve","7":"product_tag-flowserve","8":"product_tag-sval","9":"product_tag-valve","11":"first","12":"instock","13":"shipping-taxable","14":"product-type-simple"},"_links":{"self":[{"href":"https:\/\/sval.vn\/vi\/wp-json\/wp\/v2\/product\/523"}],"collection":[{"href":"https:\/\/sval.vn\/vi\/wp-json\/wp\/v2\/product"}],"about":[{"href":"https:\/\/sval.vn\/vi\/wp-json\/wp\/v2\/types\/product"}],"wp:featuredmedia":[{"embeddable":true,"href":"https:\/\/sval.vn\/vi\/wp-json\/wp\/v2\/media\/524"}],"wp:attachment":[{"href":"https:\/\/sval.vn\/vi\/wp-json\/wp\/v2\/media?parent=523"}],"wp:term":[{"taxonomy":"product_cat","embeddable":true,"href":"https:\/\/sval.vn\/vi\/wp-json\/wp\/v2\/product_cat?post=523"},{"taxonomy":"product_tag","embeddable":true,"href":"https:\/\/sval.vn\/vi\/wp-json\/wp\/v2\/product_tag?post=523"}],"curies":[{"name":"wp","href":"https:\/\/api.w.org\/{rel}","templated":true}]}}