{"id":517,"date":"2020-12-03T11:06:27","date_gmt":"2020-12-03T11:06:27","guid":{"rendered":"https:\/\/mogvn.net\/?post_type=product&#038;p=517"},"modified":"2023-09-07T11:44:43","modified_gmt":"2023-09-07T11:44:43","slug":"valtek-mark-six","status":"publish","type":"product","link":"https:\/\/sval.vn\/vi\/san-pham\/valtek-mark-six\/","title":{"rendered":"VALTEK MARK SIX"},"content":{"rendered":"","protected":false},"excerpt":{"rendered":"<p><strong>MODEL<\/strong>: Mark Six<\/p>\n<p><strong>Lo\u1ea1i van\/Valve Type<\/strong> :\u00a0 Linear Globe<\/p>\n<p><strong>\u0110\u1eb7c \u0111i\u1ec3m \/Special Service<\/strong> : Mark Six\u00a0 l\u00e0 d\u00f2ng van \u0111i\u1ec1u khi\u1ec3n d\u1eabn \u0111\u1ea7u \u0111\u1eb7c bi\u1ec7t d\u00f9ng cho nh\u1eefng \u1ee9ng d\u1ee5ng l\u1ea1nh nhi\u1ec7t \u0111\u1ed9\u00a0\u00a0<span class=\"fontstyle0\">-405\u00b0F\/-218\u00b0C. Thi\u1ebft k\u1ebf th\u00e2n van \u0111\u01b0\u1ee3c ch\u1ebf t\u1ea1o b\u1eb1ng \u0111\u1ed3ng ho\u1eb7c th\u00e9p kh\u00f4ng g\u1ec9 Austenitic \u0111\u1ea3m b\u1ea3o b\u1ec1n \u0111\u1ed1i v\u1edbi s\u1ef1 va cham c\u1ee7a l\u01b0u ch\u1ea5t trong valve \u1edf nhi\u1ec7t \u0111\u1ed9 th\u1ea5p v\u00e0 h\u1ea1n ch\u1ebf s\u1ef1 truy\u1ec1n nhi\u1ec7t t\u1ed1i thi\u1ec3u. Mark Six \u0111\u01b0\u1ee3c thi\u1ebft k\u1ebf t\u1ed1i \u01b0u cho l\u01b0u l\u01b0\u1ee3ng d\u00f2ng ch\u1ea3y l\u1edbn , l\u00e0m h\u1ea1n ch\u1ebf nh\u1ecf nh\u1ea5t vi\u1ec7c l\u00e0m n\u00f3ng l\u01b0u ch\u1ea5t ch\u1ea3y qua van. Mark Six \u0111\u01b0\u1ee3c thi\u1ebft k\u1ebf ph\u00f9 h\u1ee3p v\u1edbi actuator d\u1ea1ng xi lanh t\u1ea1o ra l\u1ef1c \u0111\u1ea9y cao, \u0111\u00f3ng ch\u1eb7t , l\u00e0 l\u1ef1a ch\u1ecdn ho\u00e0n h\u1ea3o cho vi\u1ec7c \u0111i\u1ec1u khi\u1ec3n .\u00a0<\/span><\/p>\n<p><strong style=\"font-size: 14.4px;\">C\u1ee1\u00a0<\/strong><strong style=\"font-size: 14.4px;\">van \/Valve size:<\/strong><span style=\"font-size: 14.4px;\"> 0.5 &#8221; &#8211; 10 &#8220;,\u00a0<\/span><\/p>\n<p><strong>Pressure: <\/strong>Class 150, 300, 600<\/p>\n<p><strong>Body Style<\/strong>: Globe, Angle<\/p>\n<p><strong>V\u1eadt li\u1ec7u th\u00e2n van \/Body material : <\/strong>316*, 316L, 304. 304L, bronze ( \u0111\u1ed3ng)<\/p>\n","protected":false},"featured_media":600,"template":"","meta":[],"product_cat":[89],"product_tag":[71,70,72],"class_list":{"0":"post-517","1":"product","2":"type-product","3":"status-publish","4":"has-post-thumbnail","6":"product_cat-flowserve","7":"product_tag-flowserve","8":"product_tag-sval","9":"product_tag-valve","11":"first","12":"instock","13":"shipping-taxable","14":"product-type-simple"},"_links":{"self":[{"href":"https:\/\/sval.vn\/vi\/wp-json\/wp\/v2\/product\/517"}],"collection":[{"href":"https:\/\/sval.vn\/vi\/wp-json\/wp\/v2\/product"}],"about":[{"href":"https:\/\/sval.vn\/vi\/wp-json\/wp\/v2\/types\/product"}],"wp:featuredmedia":[{"embeddable":true,"href":"https:\/\/sval.vn\/vi\/wp-json\/wp\/v2\/media\/600"}],"wp:attachment":[{"href":"https:\/\/sval.vn\/vi\/wp-json\/wp\/v2\/media?parent=517"}],"wp:term":[{"taxonomy":"product_cat","embeddable":true,"href":"https:\/\/sval.vn\/vi\/wp-json\/wp\/v2\/product_cat?post=517"},{"taxonomy":"product_tag","embeddable":true,"href":"https:\/\/sval.vn\/vi\/wp-json\/wp\/v2\/product_tag?post=517"}],"curies":[{"name":"wp","href":"https:\/\/api.w.org\/{rel}","templated":true}]}}