{"id":515,"date":"2020-12-03T11:03:59","date_gmt":"2020-12-03T11:03:59","guid":{"rendered":"https:\/\/mogvn.net\/?post_type=product&#038;p=515"},"modified":"2023-09-07T11:45:10","modified_gmt":"2023-09-07T11:45:10","slug":"valtek-mark-eight","status":"publish","type":"product","link":"https:\/\/sval.vn\/vi\/san-pham\/valtek-mark-eight\/","title":{"rendered":"VALTEK MARK EIGHT"},"content":{"rendered":"","protected":false},"excerpt":{"rendered":"<p><strong>MODEL<\/strong>: Mark Eight<\/p>\n<p><strong>Lo\u1ea1i van\/Valve Type<\/strong> :\u00a0 Linear Globe<\/p>\n<p><strong>\u0110\u1eb7c \u0111i\u1ec3m \/Special Service<\/strong> : Mark Eight l\u00e0 d\u00f2ng van \u0111i\u1ec1u khi\u1ec3n v\u1edbi th\u00e2n van thi\u1ebft k\u1ebf ki\u1ec3u Y d\u00f9ng cho \u1ee9ng d\u1ee5ng c\u00f3 l\u01b0u l\u01b0\u1ee3ng cao v\u00e0 l\u00e0m gi\u1ea3m nhi\u1ec5u lo\u1ea1n c\u1ee7a d\u00f2ng ch\u1ea3y h\u01a1n so v\u1edbi nh\u1eefng d\u00f2ng van kh\u00e1c .\u0110\u01b0\u1ee3c thi\u1ebft k\u1ebf theo ki\u1ec3u straitght &#8211; througth n\u00ean d\u00f2ng Mark Eight gi\u1ea3m thi\u1ec3u \u0111\u1ed9 \u1ed3n v\u00e0 \u0111\u1ed9 rung.<\/p>\n<p><strong style=\"font-size: 14.4px;\">C\u1ee1\u00a0<\/strong><strong style=\"font-size: 14.4px;\">van \/Valve size:<\/strong><span style=\"font-size: 14.4px;\"> 1.5 &#8221; &#8211; 14 &#8220;,<\/span><\/p>\n<p><strong>Pressure: <\/strong>Class 150 &#8211; 600<\/p>\n<p><strong>Body Style<\/strong>: Y- Body Globe<\/p>\n<p><strong>V\u1eadt li\u1ec7u th\u00e2n van \/Body material :<\/strong><span class=\"fontstyle0\">Carbon steel, stainless steel, chromemoly, bronze, alloy 20, monel, nickel, titanium, other castable materials<\/span><\/p>\n","protected":false},"featured_media":601,"template":"","meta":[],"product_cat":[89],"product_tag":[71,70,72],"class_list":{"0":"post-515","1":"product","2":"type-product","3":"status-publish","4":"has-post-thumbnail","6":"product_cat-flowserve","7":"product_tag-flowserve","8":"product_tag-sval","9":"product_tag-valve","11":"first","12":"instock","13":"shipping-taxable","14":"product-type-simple"},"_links":{"self":[{"href":"https:\/\/sval.vn\/vi\/wp-json\/wp\/v2\/product\/515"}],"collection":[{"href":"https:\/\/sval.vn\/vi\/wp-json\/wp\/v2\/product"}],"about":[{"href":"https:\/\/sval.vn\/vi\/wp-json\/wp\/v2\/types\/product"}],"wp:featuredmedia":[{"embeddable":true,"href":"https:\/\/sval.vn\/vi\/wp-json\/wp\/v2\/media\/601"}],"wp:attachment":[{"href":"https:\/\/sval.vn\/vi\/wp-json\/wp\/v2\/media?parent=515"}],"wp:term":[{"taxonomy":"product_cat","embeddable":true,"href":"https:\/\/sval.vn\/vi\/wp-json\/wp\/v2\/product_cat?post=515"},{"taxonomy":"product_tag","embeddable":true,"href":"https:\/\/sval.vn\/vi\/wp-json\/wp\/v2\/product_tag?post=515"}],"curies":[{"name":"wp","href":"https:\/\/api.w.org\/{rel}","templated":true}]}}