{"id":513,"date":"2020-12-03T11:02:33","date_gmt":"2020-12-03T11:02:33","guid":{"rendered":"https:\/\/mogvn.net\/?post_type=product&#038;p=513"},"modified":"2023-09-07T11:46:12","modified_gmt":"2023-09-07T11:46:12","slug":"valtek-mark-ten-survivor","status":"publish","type":"product","link":"https:\/\/sval.vn\/vi\/san-pham\/valtek-mark-ten-survivor\/","title":{"rendered":"VALTEK MARK TEN (SURVIVOR)"},"content":{"rendered":"","protected":false},"excerpt":{"rendered":"<p><strong>MODEL<\/strong>: Mark Ten<\/p>\n<p><strong style=\"font-size: 14.4px;\">Lo\u1ea1i van\/Valve Type<\/strong><span style=\"font-size: 14.4px;\"> :\u00a0 Linear Globe<\/span><\/p>\n<p><strong>\u0110\u1eb7c \u0111i\u1ec3m \/Special Service<\/strong> : Mark Ten l\u00e0 d\u00f2ng van \u0111i\u1ec1u khi\u1ec3n d\u00f9ng cho nh\u1eefng \u1ee9ng d\u1ee5ng l\u1edbn ,m\u00f4i tr\u01b0\u1eddng kh\u1eafc nghi\u1ec7t, v\u1edbi m\u00f4i ch\u1ea5t c\u00f3 \u0111\u1ed9 \u0103n m\u00f2n cao. V\u1edbi t\u00ednh n\u0103ng th\u00eam trong thi\u1ebft k\u1ebf trim b\u1eb1ng ch\u1ea5t li\u1ec7u s\u1ee9 \u0111\u1eb7c bi\u1ec7t , l\u00e0m t\u0103ng \u0111\u1ed9 b\u1ec1n c\u1ee7a van.<\/p>\n<p><strong style=\"font-size: 14.4px;\">C\u1ee1\u00a0<\/strong><strong style=\"font-size: 14.4px;\">van \/Valve size:<\/strong><span style=\"font-size: 14.4px;\"> 1 &#8221; &#8211; 14 &#8220;,<\/span><\/p>\n<p><strong>Pressure: <\/strong>Class 150 &#8211; 1500<\/p>\n<p><strong>Body form<\/strong>: <span class=\"fontstyle0\">Sweep angle<\/span><\/p>\n<p><strong style=\"font-size: 14.4px;\">V\u1eadt li\u1ec7u th\u00e2n van\/ Body material:\u00a0<\/strong><span class=\"fontstyle0\" style=\"font-size: 14.4px;\">Carbon steel, stainless steel, Titanium Gr3,\u00a0<\/span><\/p>\n<p><strong>Actuator tyle<\/strong>:\u00a0<span class=\"fontstyle0\">Double-acting cylinder with fail-safe spring (25, 50, 100, 200, 300 square-in cylinder)<\/span><\/p>\n","protected":false},"featured_media":606,"template":"","meta":[],"product_cat":[89],"product_tag":[71,70,72],"class_list":{"0":"post-513","1":"product","2":"type-product","3":"status-publish","4":"has-post-thumbnail","6":"product_cat-flowserve","7":"product_tag-flowserve","8":"product_tag-sval","9":"product_tag-valve","11":"first","12":"instock","13":"shipping-taxable","14":"product-type-simple"},"_links":{"self":[{"href":"https:\/\/sval.vn\/vi\/wp-json\/wp\/v2\/product\/513"}],"collection":[{"href":"https:\/\/sval.vn\/vi\/wp-json\/wp\/v2\/product"}],"about":[{"href":"https:\/\/sval.vn\/vi\/wp-json\/wp\/v2\/types\/product"}],"wp:featuredmedia":[{"embeddable":true,"href":"https:\/\/sval.vn\/vi\/wp-json\/wp\/v2\/media\/606"}],"wp:attachment":[{"href":"https:\/\/sval.vn\/vi\/wp-json\/wp\/v2\/media?parent=513"}],"wp:term":[{"taxonomy":"product_cat","embeddable":true,"href":"https:\/\/sval.vn\/vi\/wp-json\/wp\/v2\/product_cat?post=513"},{"taxonomy":"product_tag","embeddable":true,"href":"https:\/\/sval.vn\/vi\/wp-json\/wp\/v2\/product_tag?post=513"}],"curies":[{"name":"wp","href":"https:\/\/api.w.org\/{rel}","templated":true}]}}