{"id":505,"date":"2020-12-03T10:30:01","date_gmt":"2020-12-03T10:30:01","guid":{"rendered":"https:\/\/mogvn.net\/?post_type=product&#038;p=505"},"modified":"2023-09-07T11:51:21","modified_gmt":"2023-09-07T11:51:21","slug":"valtek-valdisk-tx3","status":"publish","type":"product","link":"https:\/\/sval.vn\/vi\/san-pham\/valtek-valdisk-tx3\/","title":{"rendered":"VALTEK VALDISK TX3"},"content":{"rendered":"","protected":false},"excerpt":{"rendered":"<p><strong>MODEL<\/strong>: Valdisk TX3<\/p>\n<p><strong>Lo\u1ea1i van\/Valve Type<\/strong> : Rotaly Control Valve<\/p>\n<p><strong>\u0110\u1eb7c \u0111i\u1ec3m \/Special Service<\/strong> : ValdiskTX l\u00e0 d\u00f2ng van b\u01b0\u1edbm l\u1ec7ch t\u00e2m v\u1edbi kh\u1ea3 n\u0103ng \u0111i\u1ec1u khi\u1ec3n d\u00f2ng l\u1edbn , \u0111\u00f3ng ch\u1eb7t v\u00e0 kh\u00f4ng r\u00f2 r\u1ec9 .<\/p>\n<p><strong>Body style<\/strong>:\u00a0<span class=\"fontstyle0\">Wafer, lug, double flange, top entry cry<\/span><\/p>\n<p><strong style=\"font-size: 14.4px;\">Class<\/strong><span style=\"font-size: 14.4px;\">: 150 &#8211; 1500<\/span><\/p>\n<p><strong>C\u1ee1 van \/Valve size:<\/strong> 3 &#8221; &#8211; 24 &#8221;<\/p>\n<p><strong>Material<\/strong> :<span class=\"fontstyle0\">Carbon steel, stainless steel, duplex stainless steel, Inconel 625, Monel, Hastelloy C, Alloy 20<\/span><\/p>\n<p><strong>Temparature:\u00a0<\/strong><span class=\"fontstyle0\">Standard -58\u00b0F (-50\u00b0C) to 800\u00b0F (427\u00b0C), High Temperature to 1500\u00b0F (820\u00b0C), Cryogenic to -320\u00b0F (-196\u00b0C)<\/span><\/p>\n<p>&nbsp;<\/p>\n","protected":false},"featured_media":506,"template":"","meta":[],"product_cat":[89],"product_tag":[71,70,72],"class_list":{"0":"post-505","1":"product","2":"type-product","3":"status-publish","4":"has-post-thumbnail","6":"product_cat-flowserve","7":"product_tag-flowserve","8":"product_tag-sval","9":"product_tag-valve","11":"first","12":"instock","13":"shipping-taxable","14":"product-type-simple"},"_links":{"self":[{"href":"https:\/\/sval.vn\/vi\/wp-json\/wp\/v2\/product\/505"}],"collection":[{"href":"https:\/\/sval.vn\/vi\/wp-json\/wp\/v2\/product"}],"about":[{"href":"https:\/\/sval.vn\/vi\/wp-json\/wp\/v2\/types\/product"}],"wp:featuredmedia":[{"embeddable":true,"href":"https:\/\/sval.vn\/vi\/wp-json\/wp\/v2\/media\/506"}],"wp:attachment":[{"href":"https:\/\/sval.vn\/vi\/wp-json\/wp\/v2\/media?parent=505"}],"wp:term":[{"taxonomy":"product_cat","embeddable":true,"href":"https:\/\/sval.vn\/vi\/wp-json\/wp\/v2\/product_cat?post=505"},{"taxonomy":"product_tag","embeddable":true,"href":"https:\/\/sval.vn\/vi\/wp-json\/wp\/v2\/product_tag?post=505"}],"curies":[{"name":"wp","href":"https:\/\/api.w.org\/{rel}","templated":true}]}}