{"id":503,"date":"2020-12-03T10:24:55","date_gmt":"2020-12-03T10:24:55","guid":{"rendered":"https:\/\/mogvn.net\/?post_type=product&#038;p=503"},"modified":"2023-09-07T11:51:56","modified_gmt":"2023-09-07T11:51:56","slug":"valtek-maxflo","status":"publish","type":"product","link":"https:\/\/sval.vn\/vi\/san-pham\/valtek-maxflo\/","title":{"rendered":"VALTEK MAXFLO"},"content":{"rendered":"","protected":false},"excerpt":{"rendered":"<p><strong>MODEL<\/strong>: MaxFlo 3<\/p>\n<p><strong>Lo\u1ea1i van\/Valve Type<\/strong> : Rotaly Control Valve<\/p>\n<p><strong>\u0110\u1eb7c \u0111i\u1ec3m \/Special Service<\/strong> : MaxFlo 3\u00a0 l\u00e0 d\u00f2ng van \u0111i\u1ec1u khi\u1ec3n hi\u1ec7u su\u1ea5t cao, an to\u00e0n, kinh t\u1ebf, gi\u00e0u t\u00ednh n\u0103ng. V\u1edbi c\u1ea5u tr\u00fac l\u1ec7ch t\u00e2m ,\u00a0 van \u0111\u01b0\u1ee3c d\u00f9ng cho nh\u1eefng \u1ee9ng d\u1ee5ng c\u00f3 l\u01b0u l\u01b0\u1ee3ng d\u00f2ng ch\u1ea3y l\u1edbn, d\u1ea3i \u0111i\u1ec1u khi\u1ec3n r\u1ed9ng,<\/p>\n<p><strong style=\"font-size: 14.4px;\">Class<\/strong><span style=\"font-size: 14.4px;\">: 150 &#8211; 600<\/span><\/p>\n<p><strong>C\u1ee1 van \/Valve size:<\/strong> 1 &#8221; &#8211; 12 &#8221;<\/p>\n<p><strong>Temparature:\u00a0<\/strong><span class=\"fontstyle0\">-148<\/span><span class=\"fontstyle0\">0<\/span><span class=\"fontstyle0\">F to 750\u00b0F (-100\u00b0<\/span><span class=\"fontstyle0\">C to 400\u00b0C)<\/span><\/p>\n","protected":false},"featured_media":372,"template":"","meta":[],"product_cat":[89],"product_tag":[71,70,72],"class_list":{"0":"post-503","1":"product","2":"type-product","3":"status-publish","4":"has-post-thumbnail","6":"product_cat-flowserve","7":"product_tag-flowserve","8":"product_tag-sval","9":"product_tag-valve","11":"first","12":"instock","13":"shipping-taxable","14":"product-type-simple"},"_links":{"self":[{"href":"https:\/\/sval.vn\/vi\/wp-json\/wp\/v2\/product\/503"}],"collection":[{"href":"https:\/\/sval.vn\/vi\/wp-json\/wp\/v2\/product"}],"about":[{"href":"https:\/\/sval.vn\/vi\/wp-json\/wp\/v2\/types\/product"}],"wp:featuredmedia":[{"embeddable":true,"href":"https:\/\/sval.vn\/vi\/wp-json\/wp\/v2\/media\/372"}],"wp:attachment":[{"href":"https:\/\/sval.vn\/vi\/wp-json\/wp\/v2\/media?parent=503"}],"wp:term":[{"taxonomy":"product_cat","embeddable":true,"href":"https:\/\/sval.vn\/vi\/wp-json\/wp\/v2\/product_cat?post=503"},{"taxonomy":"product_tag","embeddable":true,"href":"https:\/\/sval.vn\/vi\/wp-json\/wp\/v2\/product_tag?post=503"}],"curies":[{"name":"wp","href":"https:\/\/api.w.org\/{rel}","templated":true}]}}