{"id":501,"date":"2020-12-03T10:22:10","date_gmt":"2020-12-03T10:22:10","guid":{"rendered":"https:\/\/mogvn.net\/?post_type=product&#038;p=501"},"modified":"2023-09-08T01:47:58","modified_gmt":"2023-09-08T01:47:58","slug":"valtek-shearstream","status":"publish","type":"product","link":"https:\/\/sval.vn\/vi\/san-pham\/valtek-shearstream\/","title":{"rendered":"VALTEK SHEARSTREAM"},"content":{"rendered":"","protected":false},"excerpt":{"rendered":"<p><strong>MODEL<\/strong>: Shearstream<\/p>\n<p><strong>Lo\u1ea1i van\/Valve Type<\/strong> : Rotaly Control valve<\/p>\n<p><strong>\u0110\u1eb7c \u0111i\u1ec3m \/Special Service<\/strong> : Shearstream\u00a0 l\u00e0 d\u00f2ng van C\u00f4ng su\u1ea5t cao, \u0111\u1ea3o chi\u1ec1u l\u1edbn, ch\u00each \u00e1p th\u1ea5p, s\u1eed d\u1ee5ng hi\u1ec7u qu\u1ea3, kinh t\u1ebf . T\u1ed1c \u0111\u1ed9 d\u00f2ng ch\u1ea3y cao d\u1ef1a tr\u00ean c\u1ed5ng \u0111i th\u1eb3ng, kh\u00f4ng h\u1ea1n ch\u1ebf. D\u00f9ng cho nh\u1eefng \u1ee9ng d\u1ee5ng c\u00f3 kh\u1ea3 n\u0103ng m\u00e0i m\u00f2n, \u0103n m\u00f2n, ch\u1ea5t l\u00f5ng l\u1eabn ch\u1ea5t r\u1eafn, hai pha<\/p>\n<p><strong style=\"font-size: 14.4px;\">Class<\/strong><span style=\"font-size: 14.4px;\">: 150 &#8211; 600<\/span><\/p>\n<p><strong>C\u1ee1 van \/Valve size:<\/strong> 1 &#8221; &#8211; 20 &#8221;<\/p>\n<p><strong>Material :<\/strong><span class=\"fontstyle0\">Carbon Steel (WCB)Stainless Steel (CF8M),Other Alloys (Monel, Hastelloy B\/C, Alloy 20, Titanium etc.)<\/span><\/p>\n<p>&nbsp;<\/p>\n","protected":false},"featured_media":610,"template":"","meta":[],"product_cat":[89],"product_tag":[71,70,72],"class_list":{"0":"post-501","1":"product","2":"type-product","3":"status-publish","4":"has-post-thumbnail","6":"product_cat-flowserve","7":"product_tag-flowserve","8":"product_tag-sval","9":"product_tag-valve","11":"first","12":"instock","13":"shipping-taxable","14":"product-type-simple"},"_links":{"self":[{"href":"https:\/\/sval.vn\/vi\/wp-json\/wp\/v2\/product\/501"}],"collection":[{"href":"https:\/\/sval.vn\/vi\/wp-json\/wp\/v2\/product"}],"about":[{"href":"https:\/\/sval.vn\/vi\/wp-json\/wp\/v2\/types\/product"}],"wp:featuredmedia":[{"embeddable":true,"href":"https:\/\/sval.vn\/vi\/wp-json\/wp\/v2\/media\/610"}],"wp:attachment":[{"href":"https:\/\/sval.vn\/vi\/wp-json\/wp\/v2\/media?parent=501"}],"wp:term":[{"taxonomy":"product_cat","embeddable":true,"href":"https:\/\/sval.vn\/vi\/wp-json\/wp\/v2\/product_cat?post=501"},{"taxonomy":"product_tag","embeddable":true,"href":"https:\/\/sval.vn\/vi\/wp-json\/wp\/v2\/product_tag?post=501"}],"curies":[{"name":"wp","href":"https:\/\/api.w.org\/{rel}","templated":true}]}}