{"id":1711,"date":"2024-09-23T14:11:27","date_gmt":"2024-09-23T14:11:27","guid":{"rendered":"https:\/\/sval.vn\/?post_type=product&#038;p=1711"},"modified":"2024-10-12T02:21:05","modified_gmt":"2024-10-12T02:21:05","slug":"leakblok-premium-p200","status":"publish","type":"product","link":"https:\/\/sval.vn\/vi\/san-pham\/leakblok-premium-p200\/","title":{"rendered":"LEAKBLOK\u00ae Premium P200"},"content":{"rendered":"T\u00ednh ch\u1ea5t v\u1eadt li\u1ec7u<\/p>\n<p>&nbsp;<\/p>\n<table>\n<tbody>\n<tr>\n<td class=\"grey\">Color<\/td>\n<td>Blue(Black Printed)<\/td>\n<\/tr>\n<tr>\n<td class=\"grey\">Composition<\/td>\n<td>Aramid Fiber + NBR Binder<\/td>\n<\/tr>\n<tr>\n<td class=\"grey\">Fluids Service<\/td>\n<td>Portable Water, Oils, Fuels, Salt Solution, Mild acids and alkalis, gas line<\/td>\n<\/tr>\n<tr>\n<td class=\"grey\">Pressure<\/td>\n<td>Short-term peak<br \/>\n80bar(1160 psi)<\/td>\n<\/tr>\n<tr>\n<td class=\"grey\">Temperature<\/td>\n<td>Continuous<br \/>\n-150\u2103(-238\u00b0F) ~ 220\u2103(428\u00b0F)<br \/>\nShort-term peak<br \/>\n-196\u2103(-321\u00b0F) ~ 350\u2103(660\u00b0F)<\/td>\n<\/tr>\n<tr>\n<td class=\"grey\">pH range<\/td>\n<td>4-11<\/td>\n<\/tr>\n<tr>\n<td class=\"grey\">Thickness(mm)<\/td>\n<td>0.8 ~ 3.2(mm)<\/td>\n<\/tr>\n<tr>\n<td class=\"grey\">Size(mm)<\/td>\n<td>1270(W)\u00d71270(L), 1500(W)\u00d71500(L)<br \/>\nAvailable in Rolls.<\/td>\n<\/tr>\n<tr>\n<td class=\"grey\">Certificates<\/td>\n<td>Lloyd\u2019s &amp; ABS Type Approval , TA-Luft(VDI 2440), WRAS, BS 7531 Grade Y<\/p>\n<p>Fire Endurance Test(ISO 19921 &amp; 19922)<\/td>\n<\/tr>\n<\/tbody>\n<\/table>\n<p><strong>Ph\u1ea1m vi d\u1ecbch v\u1ee5<\/strong><\/p>\n<p><img loading=\"lazy\" decoding=\"async\" class=\"alignnone wp-image-987452866\" src=\"http:\/\/www.khonglieng.com.sg\/wp-content\/uploads\/leakblok-p200-graph.jpg\" sizes=\"(max-width: 400px) 100vw, 400px\" srcset=\"https:\/\/khonglieng.com.sg\/wp-content\/uploads\/leakblok-p200-graph.jpg 760w, https:\/\/khonglieng.com.sg\/wp-content\/uploads\/leakblok-p200-graph-510x350.jpg 510w, https:\/\/khonglieng.com.sg\/wp-content\/uploads\/leakblok-p200-graph-300x206.jpg 300w\" alt=\"\" width=\"400\" height=\"275\" \/><\/p>\n<table>\n<tbody>\n<tr>\n<td class=\"grey\">Area A<\/td>\n<td>Satisfactory area subject to chemical compatibility<\/td>\n<\/tr>\n<tr>\n<td class=\"grey\">Area B<\/td>\n<td>Usually suitable but required technical recommend by Khong Lieng<\/td>\n<\/tr>\n<tr>\n<td class=\"grey\">P\u00d7T(Max)<\/td>\n<td>psi \u00d7\u00b0F(bar\u00d7\u00b0C) \/ 496,480(17,600)<\/td>\n<\/tr>\n<\/tbody>\n<\/table>\n<p><strong>T\u00ednh ch\u1ea5t v\u1eadt l\u00fd<\/strong><\/p>\n<table>\n<tbody>\n<tr class=\"grey\">\n<td>Test Method<\/td>\n<td>Description<\/td>\n<td class=\"center\">LEAKBLOK<span class=\"small\"><sup>\u00ae<\/sup><\/span>\u00a0P200<\/td>\n<\/tr>\n<tr>\n<td class=\"grey\">ASTM D792<\/td>\n<td>Density (g\/cm<span class=\"small\"><sup>3<\/sup><\/span>)<\/td>\n<td class=\"center\">\u00a01.9<\/td>\n<\/tr>\n<tr>\n<td class=\"grey\">ASTM F152<\/td>\n<td>Tensile Strength<br \/>\nAcross grain.\u00a0MPa (kgf\/mm<span class=\"small\"><sup>2<\/sup><\/span>)<\/td>\n<td class=\"center\">15.0(1.53)<\/td>\n<\/tr>\n<tr>\n<td class=\"grey\">ASTM F36<br \/>\nProcedure J<\/td>\n<td>Compressibility (%)<br \/>\nRecovery (%)<\/td>\n<td class=\"center\">9<br \/>\n71<\/td>\n<\/tr>\n<tr>\n<td class=\"grey\">DIN 3535 \u2013 6<\/td>\n<td>Gas permeability (ml\/min)<\/td>\n<td class=\"center\">\u2264 0.01<\/td>\n<\/tr>\n<tr>\n<td class=\"grey\">DIN 52913<\/td>\n<td>Relaxation Stress(MPa)<br \/>\n-50MPa 16 hours @175\u00b0C<\/td>\n<td class=\"center\">38.2<\/td>\n<\/tr>\n<tr>\n<td class=\"grey\">BS 7531<\/td>\n<td>Relaxation Stress(MPa)<br \/>\n-40MPa 16 hours @300\u00b0C<\/td>\n<td class=\"center\">23.7<\/td>\n<\/tr>\n<tr>\n<td class=\"grey\">VDI 2440<br \/>\n(TA-Luft)<\/td>\n<td>Leak rate<br \/>\n( mbar\u00b7l \/(s\u00b7m) )<br \/>\n-at 150\u00b0C 48 hours<\/td>\n<td class=\"center\">2\u00b710<span class=\"small\"><sup>-8<\/sup><\/span><\/td>\n<\/tr>\n<\/tbody>\n<\/table>\n<p><strong>T\u00ednh ch\u1ea5t ng\u00e2m<\/strong><\/p>\n<table>\n<tbody>\n<tr class=\"grey\">\n<td>Test Method<br \/>\nASTM F146<\/td>\n<td>Description<\/td>\n<td class=\"center\">LEAKBLOK<span class=\"small\"><sup>\u00ae<\/sup><\/span>\u00a0P200<\/td>\n<\/tr>\n<tr>\n<td class=\"grey\">at 150\u00b0C\u00d75hrs<br \/>\nASTM Oil no 3<\/td>\n<td>Thickness Increase (%)<\/td>\n<td class=\"center\">3<\/td>\n<\/tr>\n<tr>\n<td class=\"grey\">at 20~30\u00b0C\u00d75hrs<br \/>\nASTM Fuel B<\/td>\n<td>Thickness Increase (%)<br \/>\nWeight Increase (%)<\/td>\n<td class=\"center\">6<br \/>\n9<\/td>\n<\/tr>\n<\/tbody>\n<\/table>\n<p><strong>D\u1eef li\u1ec7u thi\u1ebft k\u1ebf gio\u0103ng<\/strong><\/p>\n<table>\n<tbody>\n<tr class=\"grey\">\n<td class=\"center\">Thickness (mm)<\/td>\n<td class=\"center\">Gasket Factor (m)<\/td>\n<td class=\"center\">Min. Design Seating Stress(y)<br \/>\nKgf\/cm<span class=\"small\"><sup>2<\/sup><\/span>\u00a0(psi)<\/td>\n<\/tr>\n<tr>\n<td class=\"center\">3.2<\/td>\n<td class=\"center\">2.00<\/td>\n<td class=\"center\">112(1600)<\/td>\n<\/tr>\n<tr>\n<td class=\"center\">1.6<\/td>\n<td class=\"center\">2.75<\/td>\n<td class=\"center\">260(3700)<\/td>\n<\/tr>\n<tr>\n<td class=\"center\">0.8<\/td>\n<td class=\"center\">3.50<\/td>\n<td class=\"center\">457(6500)<\/td>\n<\/tr>\n<\/tbody>\n<\/table>\n<p>*<\/p>\n<p>* T\u1ea5t c\u1ea3 d\u1eef li\u1ec7u \u0111\u1ec1u l\u00e0 gi\u00e1 tr\u1ecb \u0111\u1ed9 d\u00e0y th\u00f4ng th\u01b0\u1eddng 1,5 mm.<\/p>\n<p>C\u00f4ng ngh\u1ec7 ti\u00ean ti\u1ebfn, LEAKBLOK\u00ae, ho\u00e0n to\u00e0n kh\u00e1c bi\u1ec7t so v\u1edbi c\u00e1ch s\u1ea3n xu\u1ea5t cu\u1ed9n l\u1ecbch truy\u1ec1n th\u1ed1ng.<\/p>\n<p>\u0110\u01b0\u1ee3c ph\u00e1t minh \u0111\u1eb7c bi\u1ec7t v\u1edbi quy tr\u00ecnh kh\u00f4ng ch\u1ee9a dung m\u00f4i th\u00e2n thi\u1ec7n v\u1edbi m\u00f4i tr\u01b0\u1eddng.<\/p>\n<p>So v\u1edbi s\u1ea3n ph\u1ea9m tr\u01b0\u1edbc \u0111\u00f3, s\u1ea3n ph\u1ea9m cho th\u1ea5y \u0111\u1ed9 b\u1ec1n cao v\u00e0 v\u01b0\u1ee3t tr\u1ed9i \u1edf \u1ee9ng su\u1ea5t ng\u1ed3i th\u1ea5p.<\/p>\n<p>Th\u00edch h\u1ee3p \u0111\u1ec3 s\u1eed d\u1ee5ng h\u01a1i n\u01b0\u1edbc v\u00e0 \u0111\u01b0\u1eddng \u1ed1ng s\u1ea1ch, b\u1ea3o v\u1ec7 tuy\u1ec7t v\u1eddi kh\u1ecfi \u00f4 nhi\u1ec5m ch\u1ea5t l\u1ecfng.<\/p>\n<p>&nbsp;<\/p>\n<p><strong>C\u1ea3nh b\u00e1o<\/strong><\/p>\n<p>&nbsp;<\/p>\n<p>Kh\u00f4ng kh\u1ea3 d\u1ee5ng \u1edf nhi\u1ec7t \u0111\u1ed9 v\u00e0 \u00e1p su\u1ea5t t\u1ed1i \u0111a c\u00f9ng l\u00fac.<\/p>\n<p>Ch\u1ec9 c\u00f3 h\u01b0\u1edbng d\u1eabn, n\u1ebfu n\u1eb1m ngo\u00e0i ph\u1ea1m vi n\u00e0y, h\u00e3y li\u00ean h\u1ec7 v\u1edbi ch\u00fang t\u00f4i.<\/p>\n<p>Kh\u00f4ng t\u00e1i s\u1eed d\u1ee5ng gio\u0103ng tr\u1eeb khi c\u00f3 ch\u1ec9 \u0111\u1ecbnh c\u1ee5 th\u1ec3.<\/p>\n<p>Kh\u00f4ng s\u1eed d\u1ee5ng h\u1ee3p ch\u1ea5t gio\u0103ng v\u1edbi gio\u0103ng v\u00ec \u0111i\u1ec1u n\u00e0y s\u1ebd \u1ea3nh h\u01b0\u1edfng x\u1ea5u \u0111\u1ebfn hi\u1ec7u su\u1ea5t.<\/p>\n<p>Vui l\u00f2ng tham kh\u1ea3o \u00fd ki\u1ebfn \u200b\u200bc\u1ee7a Sval v\u1ec1 \u1ee9ng d\u1ee5ng \u0111\u01b0\u1eddng \u1ed1ng h\u01a1i n\u01b0\u1edbc v\u00e0 kh\u00ed n\u1ed5 \u0111\u1eb7c bi\u1ec7t.<\/p>\n<p>Vui l\u00f2ng tham kh\u1ea3o \u00fd ki\u1ebfn \u200b\u200bc\u1ee7a \u0111\u1ed9i ng\u0169 b\u00e1n h\u00e0ng c\u1ee7a Sval \u0111\u1ec3 c\u00f3 chi\u1ec1u d\u00e0i t\u1ed1i \u0111a.","protected":false},"excerpt":{"rendered":"<p><strong>Gio\u0103ng n\u00e9n kh\u00f4ng ch\u1ee9a ami\u0103ng (Compressed Asbestos-Free Gasket)<\/strong><\/p>\n<p>Gio\u0103ng LEAKBLOK\u00ae Premium P200 \u0111\u01b0\u1ee3c l\u00e0m t\u1eeb s\u1ee3i Aramid v\u00e0 ch\u1ea5t k\u1ebft d\u00ednh NBR. Th\u00edch h\u1ee3p cho n\u01b0\u1edbc di \u0111\u1ed9ng, d\u1ea7u, nhi\u00ean li\u1ec7u, dung d\u1ecbch mu\u1ed1i, axit nh\u1eb9 &amp; ki\u1ec1m v\u00e0 \u0111\u01b0\u1eddng \u1ed1ng d\u1eabn kh\u00ed.<\/p>\n","protected":false},"featured_media":1712,"template":"","meta":[],"product_cat":[242,246],"product_tag":[],"class_list":{"0":"post-1711","1":"product","2":"type-product","3":"status-publish","4":"has-post-thumbnail","6":"product_cat-jes","7":"product_cat-leakblok","9":"first","10":"instock","11":"shipping-taxable","12":"product-type-simple"},"_links":{"self":[{"href":"https:\/\/sval.vn\/vi\/wp-json\/wp\/v2\/product\/1711"}],"collection":[{"href":"https:\/\/sval.vn\/vi\/wp-json\/wp\/v2\/product"}],"about":[{"href":"https:\/\/sval.vn\/vi\/wp-json\/wp\/v2\/types\/product"}],"wp:featuredmedia":[{"embeddable":true,"href":"https:\/\/sval.vn\/vi\/wp-json\/wp\/v2\/media\/1712"}],"wp:attachment":[{"href":"https:\/\/sval.vn\/vi\/wp-json\/wp\/v2\/media?parent=1711"}],"wp:term":[{"taxonomy":"product_cat","embeddable":true,"href":"https:\/\/sval.vn\/vi\/wp-json\/wp\/v2\/product_cat?post=1711"},{"taxonomy":"product_tag","embeddable":true,"href":"https:\/\/sval.vn\/vi\/wp-json\/wp\/v2\/product_tag?post=1711"}],"curies":[{"name":"wp","href":"https:\/\/api.w.org\/{rel}","templated":true}]}}