{"id":1703,"date":"2024-09-23T09:07:58","date_gmt":"2024-09-23T09:07:58","guid":{"rendered":"https:\/\/sval.vn\/?post_type=product&#038;p=1703"},"modified":"2024-10-12T02:25:59","modified_gmt":"2024-10-12T02:25:59","slug":"pack-ryt","status":"publish","type":"product","link":"https:\/\/sval.vn\/vi\/san-pham\/pack-ryt\/","title":{"rendered":"Pack-RYT"},"content":{"rendered":"<strong>\u1ed4n \u0111\u1ecbnh tr\u1ee5c<\/strong><\/p>\n<p>\u0110\u1ed9 tin c\u1eady c\u1ee7a h\u1ec7 th\u1ed1ng b\u1ecbt k\u00edn c\u00f3 \u0111\u01b0\u1ee3c tr\u1ef1c ti\u1ebfp t\u1eeb vi\u1ec7c \u1ed5n \u0111\u1ecbnh tr\u1ee5c. H\u1ec7 th\u1ed1ng b\u1ecbt k\u00edn Pack Ryt \u0111\u01b0a tr\u1ee5c v\u00e0o tr\u1ea1ng th\u00e1i \u0111\u1ed3ng t\u00e2m v\u00e0 gi\u1eef ch\u00fang \u1edf \u0111\u00f3, gi\u00fap t\u0103ng \u0111\u00e1ng k\u1ec3 \u0111\u1ed9 tin c\u1eady c\u1ee7a h\u1ec7 th\u1ed1ng b\u1ecbt k\u00edn. C\u1ea3i thi\u1ec7n l\u1ee3i t\u1ee9c \u0111\u1ea7u t\u01b0 v\u1edbi h\u1ec7 th\u1ed1ng b\u1ecbt k\u00edn Pack Ryt \u0111\u01b0\u1ee3c th\u1ef1c hi\u1ec7n v\u1edbi c\u1ea3 c\u00e1c \u1ee9ng d\u1ee5ng b\u1ecbt k\u00edn kh\u00f3 b\u1ecbt k\u00edn v\u00e0 \u1ee9ng d\u1ee5ng b\u1ecbt k\u00edn h\u00e0ng ng\u00e0y. V\u00ed d\u1ee5 v\u1ec1 c\u00e1c lo\u1ea1i thi\u1ebft b\u1ecb c\u00f3 chuy\u1ec3n \u0111\u1ed9ng tr\u1ee5c \u0111\u01b0\u1ee3c h\u01b0\u1edfng l\u1ee3i t\u1eeb c\u00f4ng ngh\u1ec7 b\u1ecbt k\u00edn Pack Ryt bao g\u1ed3m:<\/p>\n<p>M\u00e1y khu\u1ea5y \u2013 thi\u1ebft k\u1ebf tr\u1ee5c nh\u00f4 ra<\/p>\n<p>B\u01a1m th\u1eb3ng \u0111\u1ee9ng \u2013 tr\u1ee5c d\u00e0i, \u00edt h\u1ed7 tr\u1ee3<\/p>\n<p>B\u01a1m ngang h\u1ed9p chia \u0111\u00f4i \u2013 tr\u1ee5c gi\u1eefa v\u00f5ng xu\u1ed1ng, thi\u1ebft b\u1ecb ch\u1eadm \u2013 R\u00f2 r\u1ec9 xo\u1eafn \u1ed1c ch\u1ea1y ra ngo\u00e0i c\u0169ng nh\u01b0 b\u1ea5t k\u1ef3 thi\u1ebft b\u1ecb n\u00e0o kh\u00f4ng ho\u1ea1t \u0111\u1ed9ng \u1edf \u0111i\u1ec3m hi\u1ec7u qu\u1ea3 nh\u1ea5t c\u1ee7a n\u00f3.<\/p>\n<p><strong>Ti\u1ebft ki\u1ec7m n\u01b0\u1edbc<\/strong><\/p>\n<p>S\u1eed d\u1ee5ng h\u1ec7 th\u1ed1ng b\u1ecbt k\u00edn Pack Ryt \u0111\u1ea3m b\u1ea3o gi\u1ea3m \u0111\u00e1ng k\u1ec3 l\u01b0\u1ee3ng n\u01b0\u1edbc x\u1ea3 \u0111\u01b0\u1ee3c s\u1eed d\u1ee5ng. Do kho\u1ea3ng c\u00e1ch r\u1ea5t g\u1ea7n gi\u1eefa \u1ed5 tr\u1ee5c v\u00e0 \u1ed1ng l\u00f3t, n\u01b0\u1edbc \u0111i v\u00e0o quy tr\u00ecnh b\u1ecb h\u1ea1n ch\u1ebf nghi\u00eam ng\u1eb7t. Vi\u1ec7c h\u1ea1n ch\u1ebf n\u00e0y l\u00e0 c\u1ed1 h\u1eefu v\u00e0 t\u1ef1 \u0111\u1ed9ng.<\/p>\n<p>Pack Ryt kh\u00f4ng y\u00eau c\u1ea7u l\u01b0u l\u01b0\u1ee3ng k\u1ebf \u0111\u1ec3 gi\u1ea3m l\u01b0u l\u01b0\u1ee3ng.<\/p>\n<p><strong>Ti\u1ebft ki\u1ec7m n\u0103ng l\u01b0\u1ee3ng<\/strong><\/p>\n<p>H\u1ec7 th\u1ed1ng Pack Ryt s\u1eed d\u1ee5ng c\u00f9ng ho\u1eb7c \u00edt ampe h\u01a1n so v\u1edbi m\u1ed9t ph\u1edbt c\u01a1 kh\u00ed duy nh\u1ea5t tr\u00ean c\u00f9ng m\u1ed9t m\u00e1y b\u01a1m ho\u1eb7c m\u00e1y b\u01a1m gi\u1ed1ng h\u1ec7t nhau.","protected":false},"excerpt":{"rendered":"<p><strong>B\u1eb1ng s\u00e1ng ch\u1ebf s\u1ed1: 6834862<\/strong><\/p>\n<p>H\u1ec7 th\u1ed1ng pack-RYT l\u00e0 m\u1ed9t h\u1ec7 th\u1ed1ng h\u1ed9p nh\u1ed3i \u0111\u1ed9c \u0111\u00e1o l\u1ea7n \u0111\u1ea7u ti\u00ean k\u1ebft h\u1ee3p h\u1ec7 th\u1ed1ng \u1ed5 tr\u1ee5c v\u00e0 k\u00eanh x\u1ea3 v\u1edbi nhau. H\u1ec7 th\u1ed1ng n\u00e0y c\u00f3 nhi\u1ec1u \u01b0u \u0111i\u1ec3m v\u00e0 \u0111\u01b0\u1ee3c li\u1ec7t k\u00ea b\u00ean d\u01b0\u1edbi \u0111\u1ec3 b\u1ea1n d\u1ec5 tham kh\u1ea3o.<\/p>\n","protected":false},"featured_media":1704,"template":"","meta":[],"product_cat":[255,240],"product_tag":[],"class_list":{"0":"post-1703","1":"product","2":"type-product","3":"status-publish","4":"has-post-thumbnail","6":"product_cat-compression-packing","7":"product_cat-klinger","9":"first","10":"instock","11":"shipping-taxable","12":"product-type-simple"},"_links":{"self":[{"href":"https:\/\/sval.vn\/vi\/wp-json\/wp\/v2\/product\/1703"}],"collection":[{"href":"https:\/\/sval.vn\/vi\/wp-json\/wp\/v2\/product"}],"about":[{"href":"https:\/\/sval.vn\/vi\/wp-json\/wp\/v2\/types\/product"}],"wp:featuredmedia":[{"embeddable":true,"href":"https:\/\/sval.vn\/vi\/wp-json\/wp\/v2\/media\/1704"}],"wp:attachment":[{"href":"https:\/\/sval.vn\/vi\/wp-json\/wp\/v2\/media?parent=1703"}],"wp:term":[{"taxonomy":"product_cat","embeddable":true,"href":"https:\/\/sval.vn\/vi\/wp-json\/wp\/v2\/product_cat?post=1703"},{"taxonomy":"product_tag","embeddable":true,"href":"https:\/\/sval.vn\/vi\/wp-json\/wp\/v2\/product_tag?post=1703"}],"curies":[{"name":"wp","href":"https:\/\/api.w.org\/{rel}","templated":true}]}}