{"id":1701,"date":"2024-09-23T09:07:09","date_gmt":"2024-09-23T09:07:09","guid":{"rendered":"https:\/\/sval.vn\/?post_type=product&#038;p=1701"},"modified":"2024-10-12T02:30:30","modified_gmt":"2024-10-12T02:30:30","slug":"style-k35-die-formed-rings","status":"publish","type":"product","link":"https:\/\/sval.vn\/vi\/san-pham\/style-k35-die-formed-rings\/","title":{"rendered":"Style K35 Die formed rings"},"content":{"rendered":"","protected":false},"excerpt":{"rendered":"<p><strong>Ki\u1ec3u K35 V\u00f2ng \u0111\u00fac khu\u00f4n<\/strong><\/p>\n<p><em><strong>V\u1eadt li\u1ec7u<\/strong><\/em><\/p>\n<p>\u0110\u01b0\u1ee3c s\u1ea3n xu\u1ea5t t\u1eeb \u200b\u200bb\u0103ng than ch\u00ec \u0111\u00e3 t\u00e1ch l\u1edbp.<\/p>\n<p><em><strong>\u1ee8ng d\u1ee5ng<\/strong><\/em><\/p>\n<p>H\u1ea7u nh\u01b0 ch\u1ed1ng l\u1ea1i m\u1ecdi m\u00f4i tr\u01b0\u1eddng ngo\u1ea1i tr\u1eeb ch\u1ea5t oxy h\u00f3a m\u1ea1nh<\/p>\n<p>Ch\u00fang t\u00f4i c\u00f3 th\u1ec3 s\u1ea3n xu\u1ea5t h\u1ea7u h\u1ebft c\u00e1c k\u00edch th\u01b0\u1edbc, ti\u1ebft di\u1ec7n ho\u1eb7c m\u1eadt \u0111\u1ed9 v\u00f2ng \u0111\u1ec3 ph\u00f9 h\u1ee3p v\u1edbi y\u00eau c\u1ea7u c\u1ee7a kh\u00e1ch h\u00e0ng.<\/p>\n<p>\u0110\u1ed1i v\u1edbi ph\u1edbt \u00e1p su\u1ea5t, h\u00e3y tham kh\u1ea3o m\u1ee5c s\u1ea3n ph\u1ea9m kh\u00e1c trong danh m\u1ee5c.<\/p>\n","protected":false},"featured_media":1702,"template":"","meta":[],"product_cat":[255,240],"product_tag":[],"class_list":{"0":"post-1701","1":"product","2":"type-product","3":"status-publish","4":"has-post-thumbnail","6":"product_cat-compression-packing","7":"product_cat-klinger","9":"first","10":"instock","11":"shipping-taxable","12":"product-type-simple"},"_links":{"self":[{"href":"https:\/\/sval.vn\/vi\/wp-json\/wp\/v2\/product\/1701"}],"collection":[{"href":"https:\/\/sval.vn\/vi\/wp-json\/wp\/v2\/product"}],"about":[{"href":"https:\/\/sval.vn\/vi\/wp-json\/wp\/v2\/types\/product"}],"wp:featuredmedia":[{"embeddable":true,"href":"https:\/\/sval.vn\/vi\/wp-json\/wp\/v2\/media\/1702"}],"wp:attachment":[{"href":"https:\/\/sval.vn\/vi\/wp-json\/wp\/v2\/media?parent=1701"}],"wp:term":[{"taxonomy":"product_cat","embeddable":true,"href":"https:\/\/sval.vn\/vi\/wp-json\/wp\/v2\/product_cat?post=1701"},{"taxonomy":"product_tag","embeddable":true,"href":"https:\/\/sval.vn\/vi\/wp-json\/wp\/v2\/product_tag?post=1701"}],"curies":[{"name":"wp","href":"https:\/\/api.w.org\/{rel}","templated":true}]}}