{"id":1699,"date":"2024-09-23T09:06:22","date_gmt":"2024-09-23T09:06:22","guid":{"rendered":"https:\/\/sval.vn\/?post_type=product&#038;p=1699"},"modified":"2024-10-12T02:35:37","modified_gmt":"2024-10-12T02:35:37","slug":"style-k35-tape","status":"publish","type":"product","link":"https:\/\/sval.vn\/vi\/san-pham\/style-k35-tape\/","title":{"rendered":"Style K35 Tape"},"content":{"rendered":"<strong>Kh\u1ea3 n\u0103ng ph\u1ee5c v\u1ee5<\/strong><\/p>\n<p>Nhi\u1ec7t \u0111\u1ed9 C: -200 \u0111\u1ebfn 450<\/p>\n<p>Kh\u1ea3 n\u0103ng ch\u1ecbu pH: 0 -14<\/p>\n<p>M\u1eadt \u0111\u1ed9: 1,0 g\/cm3<\/p>\n<p>\u0110\u1ed9 tinh khi\u1ebft: &gt;98%<\/p>\n<p><strong>K\u00edch th\u01b0\u1edbc c\u00f3 s\u1eb5n<\/strong><\/p>\n<p>6mm x 0,5mm x 12 m\u00e9t<\/p>\n<p>10mm x 0,5mm x 12 m\u00e9t<\/p>\n<p>12mm x 0,5mm x 12 m\u00e9t<\/p>\n<p>15mm x 0,5mm x 12 m\u00e9t<\/p>\n<p>20mm x 0,5mm x 12 m\u00e9t<\/p>\n<p>25mm x 0,5mm x 12 m\u00e9t","protected":false},"excerpt":{"rendered":"<p><strong>B\u0103ng keo graphite t\u00e1ch l\u1edbp<\/strong><\/p>\n<p><strong>\u1ee8ng d\u1ee5ng<\/strong><\/p>\n<p>H\u1ea7u nh\u01b0 ch\u1ed1ng l\u1ea1i m\u1ecdi lo\u1ea1i m\u00f4i tr\u01b0\u1eddng ngo\u1ea1i tr\u1eeb ch\u1ea5t oxy h\u00f3a m\u1ea1nh. C\u00f3 th\u1ec3 l\u1eafp tr\u1ef1c ti\u1ebfp v\u00e0o h\u1ed9p nh\u1ed3i van v\u00e0 n\u00e9n l\u1ea1i \u0111\u1ec3 t\u1ea1o th\u00e0nh v\u1eadt li\u1ec7u \u0111\u00f3ng g\u00f3i ph\u00f9 h\u1ee3p cho c\u00e1c \u1ee9ng d\u1ee5ng nhi\u1ec7t \u0111\u1ed9 v\u00e0 \u00e1p su\u1ea5t cao. C\u00f3 th\u1ec3 cung c\u1ea5p d\u1ea1ng tr\u01a1n ho\u1eb7c c\u00f3 l\u1edbp l\u00f3t d\u00ednh.<\/p>\n","protected":false},"featured_media":1700,"template":"","meta":[],"product_cat":[255,240],"product_tag":[],"class_list":{"0":"post-1699","1":"product","2":"type-product","3":"status-publish","4":"has-post-thumbnail","6":"product_cat-compression-packing","7":"product_cat-klinger","9":"first","10":"instock","11":"shipping-taxable","12":"product-type-simple"},"_links":{"self":[{"href":"https:\/\/sval.vn\/vi\/wp-json\/wp\/v2\/product\/1699"}],"collection":[{"href":"https:\/\/sval.vn\/vi\/wp-json\/wp\/v2\/product"}],"about":[{"href":"https:\/\/sval.vn\/vi\/wp-json\/wp\/v2\/types\/product"}],"wp:featuredmedia":[{"embeddable":true,"href":"https:\/\/sval.vn\/vi\/wp-json\/wp\/v2\/media\/1700"}],"wp:attachment":[{"href":"https:\/\/sval.vn\/vi\/wp-json\/wp\/v2\/media?parent=1699"}],"wp:term":[{"taxonomy":"product_cat","embeddable":true,"href":"https:\/\/sval.vn\/vi\/wp-json\/wp\/v2\/product_cat?post=1699"},{"taxonomy":"product_tag","embeddable":true,"href":"https:\/\/sval.vn\/vi\/wp-json\/wp\/v2\/product_tag?post=1699"}],"curies":[{"name":"wp","href":"https:\/\/api.w.org\/{rel}","templated":true}]}}