{"id":1695,"date":"2024-09-23T09:04:27","date_gmt":"2024-09-23T09:04:27","guid":{"rendered":"https:\/\/sval.vn\/?post_type=product&#038;p=1695"},"modified":"2024-10-12T02:47:57","modified_gmt":"2024-10-12T02:47:57","slug":"style-k11","status":"publish","type":"product","link":"https:\/\/sval.vn\/vi\/san-pham\/style-k11\/","title":{"rendered":"Style K11"},"content":{"rendered":"<strong>Kh\u1ea3 n\u0103ng ph\u1ee5c v\u1ee5<\/strong><\/p>\n<p>Nhi\u1ec7t \u0111\u1ed9 \u0111\u1ed9 C: -100 \u0111\u1ebfn 300<\/p>\n<p>Kh\u1ea3 n\u0103ng pH: 4 \u2013 10<\/p>\n<p>\u00c1p su\u1ea5t quay t\u1ed1i \u0111a: 40 bar<\/p>\n<p>\u00c1p su\u1ea5t t\u0129nh t\u1ed1i \u0111a: 100 bar<\/p>\n<p>T\u1ed1c \u0111\u1ed9 quay t\u1ed1i \u0111a: 15 m\/gi\u00e2y<\/p>\n<p>\u00c1p su\u1ea5t qua l\u1ea1i t\u1ed1i \u0111a: 25 bar<\/p>\n<p>T\u1ed1c \u0111\u1ed9 qua l\u1ea1i t\u1ed1i \u0111a: 2 m\/gi\u00e2y","protected":false},"excerpt":{"rendered":"<p><strong>V\u1eadt li\u1ec7u<\/strong><\/p>\n<p>S\u1ee3i acrylic v\u00e0 ph\u00e2n t\u00e1n than ch\u00ec<\/p>\n<p><strong>\u1ee8ng d\u1ee5ng<\/strong><\/p>\n<p>N\u01b0\u1edbc, axit v\u00e0 ki\u1ec1m nh\u1eb9, b\u00f9n nh\u1eb9. Th\u00edch h\u1ee3p khi vi\u1ec7c s\u1eed d\u1ee5ng v\u1eadt li\u1ec7u \u0111\u00f3ng g\u00f3i kh\u00f4ng g\u00e2y \u00f4 nhi\u1ec5m kh\u00f4ng quan tr\u1ecdng.<\/p>\n","protected":false},"featured_media":1696,"template":"","meta":[],"product_cat":[255,240],"product_tag":[],"class_list":{"0":"post-1695","1":"product","2":"type-product","3":"status-publish","4":"has-post-thumbnail","6":"product_cat-compression-packing","7":"product_cat-klinger","9":"first","10":"instock","11":"shipping-taxable","12":"product-type-simple"},"_links":{"self":[{"href":"https:\/\/sval.vn\/vi\/wp-json\/wp\/v2\/product\/1695"}],"collection":[{"href":"https:\/\/sval.vn\/vi\/wp-json\/wp\/v2\/product"}],"about":[{"href":"https:\/\/sval.vn\/vi\/wp-json\/wp\/v2\/types\/product"}],"wp:featuredmedia":[{"embeddable":true,"href":"https:\/\/sval.vn\/vi\/wp-json\/wp\/v2\/media\/1696"}],"wp:attachment":[{"href":"https:\/\/sval.vn\/vi\/wp-json\/wp\/v2\/media?parent=1695"}],"wp:term":[{"taxonomy":"product_cat","embeddable":true,"href":"https:\/\/sval.vn\/vi\/wp-json\/wp\/v2\/product_cat?post=1695"},{"taxonomy":"product_tag","embeddable":true,"href":"https:\/\/sval.vn\/vi\/wp-json\/wp\/v2\/product_tag?post=1695"}],"curies":[{"name":"wp","href":"https:\/\/api.w.org\/{rel}","templated":true}]}}