{"id":1691,"date":"2024-09-23T09:01:41","date_gmt":"2024-09-23T09:01:41","guid":{"rendered":"https:\/\/sval.vn\/?post_type=product&#038;p=1691"},"modified":"2024-10-12T04:07:30","modified_gmt":"2024-10-12T04:07:30","slug":"style-k4333","status":"publish","type":"product","link":"https:\/\/sval.vn\/vi\/san-pham\/style-k4333\/","title":{"rendered":"Style K4333"},"content":{"rendered":"<strong>Kh\u1ea3 n\u0103ng ph\u1ee5c v\u1ee5<\/strong><\/p>\n<p>Nhi\u1ec7t \u0111\u1ed9 \u0111\u1ed9 C: \u2013 80 \u0111\u1ebfn 260<\/p>\n<p>Kh\u1ea3 n\u0103ng pH: 1 \u2013 12<\/p>\n<p>\u00c1p su\u1ea5t quay t\u1ed1i \u0111a: 35 bar<\/p>\n<p>\u00c1p su\u1ea5t t\u0129nh t\u1ed1i \u0111a: 200 bar<\/p>\n<p>T\u1ed1c \u0111\u1ed9 quay t\u1ed1i \u0111a: 15 m\/gi\u00e2y<\/p>\n<p>\u00c1p su\u1ea5t qua l\u1ea1i t\u1ed1i \u0111a: 100 bar<\/p>\n<p>T\u1ed1c \u0111\u1ed9 qua l\u1ea1i t\u1ed1i \u0111a: 2 m\/gi\u00e2y","protected":false},"excerpt":{"rendered":"<p><strong>V\u1eadt li\u1ec7u<\/strong><\/p>\n<p>S\u1ee3i polyimide v\u1edbi ch\u1ea5t b\u00f4i tr\u01a1n PTFE<\/p>\n<p><strong>\u1ee8ng d\u1ee5ng<\/strong><\/p>\n<p>Th\u00edch h\u1ee3p cho n\u01b0\u1edbc, d\u1ea7u, hydrocarbon, axit nh\u1eb9 v\u00e0 ki\u1ec1m. M\u1ed9t lo\u1ea1i v\u1eadt li\u1ec7u \u0111\u00f3ng g\u00f3i d\u1ea1ng b\u00f9n t\u1ed1t trong ng\u00e0nh c\u00f4ng nghi\u1ec7p b\u1ed9t gi\u1ea5y, gi\u1ea5y v\u00e0 \u0111\u01b0\u1eddng.<\/p>\n","protected":false},"featured_media":1692,"template":"","meta":[],"product_cat":[255,240],"product_tag":[],"class_list":{"0":"post-1691","1":"product","2":"type-product","3":"status-publish","4":"has-post-thumbnail","6":"product_cat-compression-packing","7":"product_cat-klinger","9":"first","10":"instock","11":"shipping-taxable","12":"product-type-simple"},"_links":{"self":[{"href":"https:\/\/sval.vn\/vi\/wp-json\/wp\/v2\/product\/1691"}],"collection":[{"href":"https:\/\/sval.vn\/vi\/wp-json\/wp\/v2\/product"}],"about":[{"href":"https:\/\/sval.vn\/vi\/wp-json\/wp\/v2\/types\/product"}],"wp:featuredmedia":[{"embeddable":true,"href":"https:\/\/sval.vn\/vi\/wp-json\/wp\/v2\/media\/1692"}],"wp:attachment":[{"href":"https:\/\/sval.vn\/vi\/wp-json\/wp\/v2\/media?parent=1691"}],"wp:term":[{"taxonomy":"product_cat","embeddable":true,"href":"https:\/\/sval.vn\/vi\/wp-json\/wp\/v2\/product_cat?post=1691"},{"taxonomy":"product_tag","embeddable":true,"href":"https:\/\/sval.vn\/vi\/wp-json\/wp\/v2\/product_tag?post=1691"}],"curies":[{"name":"wp","href":"https:\/\/api.w.org\/{rel}","templated":true}]}}