{"id":1687,"date":"2024-09-23T09:00:00","date_gmt":"2024-09-23T09:00:00","guid":{"rendered":"https:\/\/sval.vn\/?post_type=product&#038;p=1687"},"modified":"2024-10-12T03:02:28","modified_gmt":"2024-10-12T03:02:28","slug":"style-k4313","status":"publish","type":"product","link":"https:\/\/sval.vn\/vi\/san-pham\/style-k4313\/","title":{"rendered":"Style K4313"},"content":{"rendered":"<strong>Kh\u1ea3 n\u0103ng ph\u1ee5c v\u1ee5<\/strong><\/p>\n<p>Nhi\u1ec7t \u0111\u1ed9 C: -100 \u0111\u1ebfn 280<\/p>\n<p>Kh\u1ea3 n\u0103ng ch\u1ecbu pH: 2 -12<\/p>\n<p>\u00c1p su\u1ea5t quay t\u1ed1i \u0111a: 25 bar<\/p>\n<p>\u00c1p su\u1ea5t t\u0129nh t\u1ed1i \u0111a: 250 bar<\/p>\n<p>T\u1ed1c \u0111\u1ed9 quay t\u1ed1i \u0111a: 20 m\/gi\u00e2y<\/p>\n<p>\u00c1p su\u1ea5t qua l\u1ea1i t\u1ed1i \u0111a: 150 bar<\/p>\n<p>T\u1ed1c \u0111\u1ed9 qua l\u1ea1i t\u1ed1i \u0111a: 2 m\/gi\u00e2y","protected":false},"excerpt":{"rendered":"<p>V\u1eadt li\u1ec7u<\/p>\n<p>&nbsp;<\/p>\n<p>M\u1ed9t lo\u1ea1i v\u1eadt li\u1ec7u \u0111\u1ec7m lai k\u1ebft h\u1ee3p s\u1ee3i Aramid v\u00e0 PTFE than ch\u00ec \u0111\u00e3 qua s\u1eed d\u1ee5ng.<\/p>\n<p>\u1ee8ng d\u1ee5ng<\/p>\n<p>Th\u00edch h\u1ee3p cho nhi\u1ec1u lo\u1ea1i m\u00e1y b\u01a1m h\u00f3a ch\u1ea5t v\u00e0 \u1ee9ng d\u1ee5ng b\u00f9n n\u1eb7ng. Gi\u1ea3m m\u00e0i m\u00f2n tr\u1ee5c \u0111\u1ed1i v\u1edbi v\u1eadt li\u1ec7u \u0111\u1ec7m aramid nguy\u00ean ch\u1ea5t. N\u1ebfu c\u1ea7n v\u1eadt li\u1ec7u \u0111\u1ec7m kh\u00f4ng g\u00e2y \u00f4 nhi\u1ec5m, h\u00e3y s\u1eed d\u1ee5ng K4311 c\u00f3 s\u1ee3i PTFE nguy\u00ean ch\u1ea5t thay v\u00ec than ch\u00ec\/PTFE.<\/p>\n","protected":false},"featured_media":1688,"template":"","meta":[],"product_cat":[255,240],"product_tag":[],"class_list":{"0":"post-1687","1":"product","2":"type-product","3":"status-publish","4":"has-post-thumbnail","6":"product_cat-compression-packing","7":"product_cat-klinger","9":"first","10":"instock","11":"shipping-taxable","12":"product-type-simple"},"_links":{"self":[{"href":"https:\/\/sval.vn\/vi\/wp-json\/wp\/v2\/product\/1687"}],"collection":[{"href":"https:\/\/sval.vn\/vi\/wp-json\/wp\/v2\/product"}],"about":[{"href":"https:\/\/sval.vn\/vi\/wp-json\/wp\/v2\/types\/product"}],"wp:featuredmedia":[{"embeddable":true,"href":"https:\/\/sval.vn\/vi\/wp-json\/wp\/v2\/media\/1688"}],"wp:attachment":[{"href":"https:\/\/sval.vn\/vi\/wp-json\/wp\/v2\/media?parent=1687"}],"wp:term":[{"taxonomy":"product_cat","embeddable":true,"href":"https:\/\/sval.vn\/vi\/wp-json\/wp\/v2\/product_cat?post=1687"},{"taxonomy":"product_tag","embeddable":true,"href":"https:\/\/sval.vn\/vi\/wp-json\/wp\/v2\/product_tag?post=1687"}],"curies":[{"name":"wp","href":"https:\/\/api.w.org\/{rel}","templated":true}]}}