{"id":1685,"date":"2024-09-23T08:59:07","date_gmt":"2024-09-23T08:59:07","guid":{"rendered":"https:\/\/sval.vn\/?post_type=product&#038;p=1685"},"modified":"2024-10-12T04:06:56","modified_gmt":"2024-10-12T04:06:56","slug":"style-k4307","status":"publish","type":"product","link":"https:\/\/sval.vn\/vi\/san-pham\/style-k4307\/","title":{"rendered":"Style K4307"},"content":{"rendered":"<strong>Kh\u1ea3 n\u0103ng ph\u1ee5c v\u1ee5<\/strong><\/p>\n<p>Nhi\u1ec7t \u0111\u1ed9 \u0111\u1ed9 C: 0 \u0111\u1ebfn 120<\/p>\n<p>Kh\u1ea3 n\u0103ng pH: 4 \u2013 9<\/p>\n<p>\u00c1p su\u1ea5t quay t\u1ed1i \u0111a: 20 bar<\/p>\n<p>\u00c1p su\u1ea5t t\u0129nh t\u1ed1i \u0111a: 70 bar<\/p>\n<p>T\u1ed1c \u0111\u1ed9 quay t\u1ed1i \u0111a: 10 m\/gi\u00e2y<\/p>\n<p>\u00c1p su\u1ea5t qua l\u1ea1i t\u1ed1i \u0111a: 20 bar<\/p>\n<p>T\u1ed1c \u0111\u1ed9 qua l\u1ea1i t\u1ed1i \u0111a: 3 m\/gi\u00e2y","protected":false},"excerpt":{"rendered":"<p><strong>V\u1eadt li\u1ec7u<\/strong><\/p>\n<p>S\u1ee3i lanh v\u1edbi PTFE\/ch\u1ea5t b\u00f4i tr\u01a1n kho\u00e1ng.<\/p>\n<p><strong>\u1ee8ng d\u1ee5ng<\/strong><\/p>\n<p>N\u01b0\u1edbc, axit nh\u1eb9 v\u00e0 ki\u1ec1m, ch\u1ea5t nh\u1eddn v\u00e0 b\u00f9n nh\u00e3o, \u1ed1ng \u0111u\u00f4i t\u00e0u. Ch\u1ed1ng th\u1ed1i r\u1eefa do n\u01b0\u1edbc.<\/p>\n","protected":false},"featured_media":1686,"template":"","meta":[],"product_cat":[255,240],"product_tag":[],"class_list":{"0":"post-1685","1":"product","2":"type-product","3":"status-publish","4":"has-post-thumbnail","6":"product_cat-compression-packing","7":"product_cat-klinger","9":"first","10":"instock","11":"shipping-taxable","12":"product-type-simple"},"_links":{"self":[{"href":"https:\/\/sval.vn\/vi\/wp-json\/wp\/v2\/product\/1685"}],"collection":[{"href":"https:\/\/sval.vn\/vi\/wp-json\/wp\/v2\/product"}],"about":[{"href":"https:\/\/sval.vn\/vi\/wp-json\/wp\/v2\/types\/product"}],"wp:featuredmedia":[{"embeddable":true,"href":"https:\/\/sval.vn\/vi\/wp-json\/wp\/v2\/media\/1686"}],"wp:attachment":[{"href":"https:\/\/sval.vn\/vi\/wp-json\/wp\/v2\/media?parent=1685"}],"wp:term":[{"taxonomy":"product_cat","embeddable":true,"href":"https:\/\/sval.vn\/vi\/wp-json\/wp\/v2\/product_cat?post=1685"},{"taxonomy":"product_tag","embeddable":true,"href":"https:\/\/sval.vn\/vi\/wp-json\/wp\/v2\/product_tag?post=1685"}],"curies":[{"name":"wp","href":"https:\/\/api.w.org\/{rel}","templated":true}]}}