{"id":1681,"date":"2024-09-23T08:26:59","date_gmt":"2024-09-23T08:26:59","guid":{"rendered":"https:\/\/sval.vn\/?post_type=product&#038;p=1681"},"modified":"2024-10-12T03:09:58","modified_gmt":"2024-10-12T03:09:58","slug":"style-2001","status":"publish","type":"product","link":"https:\/\/sval.vn\/vi\/san-pham\/style-2001\/","title":{"rendered":"Style 2001"},"content":{"rendered":"<strong>Kh\u1ea3 n\u0103ng d\u1ecbch v\u1ee5<\/strong><\/p>\n<p>Nhi\u1ec7t \u0111\u1ed9 \u0111\u1ed9 C: 232<\/p>\n<p>Kh\u1ea3 n\u0103ng pH: 1 \u2013 14<\/p>\n<p>\u00c1p su\u1ea5t quay t\u1ed1i \u0111a: 30 bar<\/p>\n<p>\u00c1p su\u1ea5t t\u0129nh t\u1ed1i \u0111a: 100 bar<\/p>\n<p>T\u1ed1c \u0111\u1ed9 quay t\u1ed1i \u0111a: 11 m\/gi\u00e2y","protected":false},"excerpt":{"rendered":"<p><strong>V\u1eadt li\u1ec7u<\/strong><\/p>\n<p>S\u1ee3i \u0111\u01a1n X t\u1ea9m PTFE ph\u00e2n t\u00e1n.<\/p>\n<p><strong>\u1ee8ng d\u1ee5ng<\/strong><\/p>\n<p>M\u1ed9t v\u1eadt li\u1ec7u \u0111\u00f3ng g\u00f3i m\u1ec1m v\u1eeba ph\u1ea3i, b\u1ec1n, ch\u1ed1ng h\u00f3a ch\u1ea5t v\u00e0 d\u1ec5 d\u00e0ng tr\u00ean tr\u1ee5c. M\u1ed9t v\u1eadt li\u1ec7u \u0111\u00f3ng g\u00f3i s\u1ea1ch cho axit v\u00e0 ki\u1ec1m v\u00e0 kh\u00f4ng l\u00e0m \u00f4 nhi\u1ec5m s\u1ea3n ph\u1ea9m. Th\u00edch h\u1ee3p l\u00fd t\u01b0\u1edfng cho ng\u00e0nh c\u00f4ng nghi\u1ec7p B\u1ed9t gi\u1ea5y &amp; Gi\u1ea5y.<\/p>\n","protected":false},"featured_media":1682,"template":"","meta":[],"product_cat":[255,240],"product_tag":[],"class_list":{"0":"post-1681","1":"product","2":"type-product","3":"status-publish","4":"has-post-thumbnail","6":"product_cat-compression-packing","7":"product_cat-klinger","9":"first","10":"instock","11":"shipping-taxable","12":"product-type-simple"},"_links":{"self":[{"href":"https:\/\/sval.vn\/vi\/wp-json\/wp\/v2\/product\/1681"}],"collection":[{"href":"https:\/\/sval.vn\/vi\/wp-json\/wp\/v2\/product"}],"about":[{"href":"https:\/\/sval.vn\/vi\/wp-json\/wp\/v2\/types\/product"}],"wp:featuredmedia":[{"embeddable":true,"href":"https:\/\/sval.vn\/vi\/wp-json\/wp\/v2\/media\/1682"}],"wp:attachment":[{"href":"https:\/\/sval.vn\/vi\/wp-json\/wp\/v2\/media?parent=1681"}],"wp:term":[{"taxonomy":"product_cat","embeddable":true,"href":"https:\/\/sval.vn\/vi\/wp-json\/wp\/v2\/product_cat?post=1681"},{"taxonomy":"product_tag","embeddable":true,"href":"https:\/\/sval.vn\/vi\/wp-json\/wp\/v2\/product_tag?post=1681"}],"curies":[{"name":"wp","href":"https:\/\/api.w.org\/{rel}","templated":true}]}}