{"id":1679,"date":"2024-09-23T08:11:21","date_gmt":"2024-09-23T08:11:21","guid":{"rendered":"https:\/\/sval.vn\/?post_type=product&#038;p=1679"},"modified":"2024-10-12T02:48:12","modified_gmt":"2024-10-12T02:48:12","slug":"style-2000","status":"publish","type":"product","link":"https:\/\/sval.vn\/vi\/san-pham\/style-2000\/","title":{"rendered":"Style 2000"},"content":{"rendered":"<div><strong>Kh\u1ea3 n\u0103ng d\u1ecbch v\u1ee5<\/strong><\/div>\n<div><\/div>\n<div>Nhi\u1ec7t \u0111\u1ed9 \u0111\u1ed9 C: 232<\/div>\n<div>Kh\u1ea3 n\u0103ng pH: 1 \u2013 14<\/div>\n<div>\u00c1p su\u1ea5t quay t\u1ed1i \u0111a: 30 bar<\/div>\n<div>\u00c1p su\u1ea5t t\u0129nh t\u1ed1i \u0111a: 100 bar<\/div>\n<div>T\u1ed1c \u0111\u1ed9 quay t\u1ed1i \u0111a: 11m\/gi\u00e2y<\/div>\n<div>\u00c1p su\u1ea5t qua l\u1ea1i t\u1ed1i \u0111a: 35 bar<\/div>\n<div>T\u1ed1c \u0111\u1ed9 qua l\u1ea1i t\u1ed1i \u0111a: 2 m\/gi\u00e2y<\/div>","protected":false},"excerpt":{"rendered":"<div><strong>V\u1eadt li\u1ec7u<\/strong><\/div>\n<div>Phenylene\/Fibre X t\u1ea9m PTFE ph\u00e2n t\u00e1n.<\/div>\n<div><strong>\u1ee8ng d\u1ee5ng<\/strong><\/div>\n<div>M\u1ed9t s\u1ef1 thay th\u1ebf tuy\u1ec7t v\u1eddi cho v\u1eadt li\u1ec7u \u0111\u00f3ng g\u00f3i PTFE ami\u0103ng. N\u00f3 b\u1ec1n h\u01a1n nhi\u1ec1u, ch\u1ed1ng h\u00f3a ch\u1ea5t t\u1ed1t h\u01a1n v\u00e0 d\u1ec5 d\u00e0ng h\u01a1n nhi\u1ec1u tr\u00ean tr\u1ee5c. M\u1ed9t v\u1eadt li\u1ec7u \u0111\u00f3ng g\u00f3i s\u1ea1ch cho axit v\u00e0 ki\u1ec1m v\u00e0 b\u1ea5t k\u1ef3 \u1ee9ng d\u1ee5ng n\u00e0o c\u1ea7n kh\u00f4ng l\u00e0m nhi\u1ec5m b\u1ea9n s\u1ea3n ph\u1ea9m. Tuy\u1ec7t v\u1eddi tr\u00ean b\u00f9n.<\/div>\n","protected":false},"featured_media":1680,"template":"","meta":[],"product_cat":[255,240],"product_tag":[],"class_list":{"0":"post-1679","1":"product","2":"type-product","3":"status-publish","4":"has-post-thumbnail","6":"product_cat-compression-packing","7":"product_cat-klinger","9":"first","10":"instock","11":"shipping-taxable","12":"product-type-simple"},"_links":{"self":[{"href":"https:\/\/sval.vn\/vi\/wp-json\/wp\/v2\/product\/1679"}],"collection":[{"href":"https:\/\/sval.vn\/vi\/wp-json\/wp\/v2\/product"}],"about":[{"href":"https:\/\/sval.vn\/vi\/wp-json\/wp\/v2\/types\/product"}],"wp:featuredmedia":[{"embeddable":true,"href":"https:\/\/sval.vn\/vi\/wp-json\/wp\/v2\/media\/1680"}],"wp:attachment":[{"href":"https:\/\/sval.vn\/vi\/wp-json\/wp\/v2\/media?parent=1679"}],"wp:term":[{"taxonomy":"product_cat","embeddable":true,"href":"https:\/\/sval.vn\/vi\/wp-json\/wp\/v2\/product_cat?post=1679"},{"taxonomy":"product_tag","embeddable":true,"href":"https:\/\/sval.vn\/vi\/wp-json\/wp\/v2\/product_tag?post=1679"}],"curies":[{"name":"wp","href":"https:\/\/api.w.org\/{rel}","templated":true}]}}