{"id":1677,"date":"2024-09-23T08:10:25","date_gmt":"2024-09-23T08:10:25","guid":{"rendered":"https:\/\/sval.vn\/?post_type=product&#038;p=1677"},"modified":"2024-10-12T04:05:58","modified_gmt":"2024-10-12T04:05:58","slug":"style-396c","status":"publish","type":"product","link":"https:\/\/sval.vn\/vi\/san-pham\/style-396c\/","title":{"rendered":"Style 396C"},"content":{"rendered":"<strong>Kh\u1ea3 n\u0103ng ph\u1ee5c v\u1ee5<\/strong><\/p>\n<p>Nhi\u1ec7t \u0111\u1ed9 \u0111\u1ed9 C: -196 \u0111\u1ebfn 454<\/p>\n<p>Trong h\u01a1i n\u01b0\u1edbc b\u00e3o h\u00f2a \u0111\u1ed9 C: 650<\/p>\n<p>Kh\u1ea3 n\u0103ng pH: 0 \u2013 14<\/p>\n<p>\u00c1p su\u1ea5t quay t\u1ed1i \u0111a: 56 bar<\/p>\n<p>\u00c1p su\u1ea5t t\u0129nh t\u1ed1i \u0111a: 345 bar<\/p>\n<p>T\u1ed1c \u0111\u1ed9 quay t\u1ed1i \u0111a: 22 m\/gi\u00e2y","protected":false},"excerpt":{"rendered":"<p><strong>V\u1eadt li\u1ec7u:<\/strong><\/p>\n<p>L\u00f5i graphite b\u00ean trong \u0111\u01b0\u1ee3c c\u1ea5p b\u1eb1ng s\u00e1ng ch\u1ebf c\u00f3 l\u00f2 xo b\u00ean trong b\u1eb1ng d\u00e2y Inconel xo\u1eafn \u1ed1c, \u0111\u01b0\u1ee3c b\u1ec7n b\u00ean ngo\u00e0i b\u1eb1ng l\u00e1 graphite t\u00e1ch l\u1edbp carbon.<\/p>\n<p><strong>\u1ee8ng d\u1ee5ng<\/strong><\/p>\n<p>Tuy\u1ec7t v\u1eddi tr\u00ean m\u00e1y b\u01a1m v\u00e0 van, \u0111\u1eb7c bi\u1ec7t l\u00e0 c\u00e1c \u1ee9ng d\u1ee5ng \u0103n m\u00f2n. \u0110\u00e1p \u1ee9ng c\u00e1c y\u00eau c\u1ea7u c\u1ee7a API 589, 607 v\u00e0 622. \u0110\u1ec7m kh\u00ed th\u1ea3i d\u1ec5 bay h\u01a1i c\u1ee7a Klinger.<\/p>\n","protected":false},"featured_media":1678,"template":"","meta":[],"product_cat":[255,240],"product_tag":[],"class_list":{"0":"post-1677","1":"product","2":"type-product","3":"status-publish","4":"has-post-thumbnail","6":"product_cat-compression-packing","7":"product_cat-klinger","9":"first","10":"instock","11":"shipping-taxable","12":"product-type-simple"},"_links":{"self":[{"href":"https:\/\/sval.vn\/vi\/wp-json\/wp\/v2\/product\/1677"}],"collection":[{"href":"https:\/\/sval.vn\/vi\/wp-json\/wp\/v2\/product"}],"about":[{"href":"https:\/\/sval.vn\/vi\/wp-json\/wp\/v2\/types\/product"}],"wp:featuredmedia":[{"embeddable":true,"href":"https:\/\/sval.vn\/vi\/wp-json\/wp\/v2\/media\/1678"}],"wp:attachment":[{"href":"https:\/\/sval.vn\/vi\/wp-json\/wp\/v2\/media?parent=1677"}],"wp:term":[{"taxonomy":"product_cat","embeddable":true,"href":"https:\/\/sval.vn\/vi\/wp-json\/wp\/v2\/product_cat?post=1677"},{"taxonomy":"product_tag","embeddable":true,"href":"https:\/\/sval.vn\/vi\/wp-json\/wp\/v2\/product_tag?post=1677"}],"curies":[{"name":"wp","href":"https:\/\/api.w.org\/{rel}","templated":true}]}}