{"id":1675,"date":"2024-09-23T08:09:27","date_gmt":"2024-09-23T08:09:27","guid":{"rendered":"https:\/\/sval.vn\/?post_type=product&#038;p=1675"},"modified":"2024-10-12T04:05:44","modified_gmt":"2024-10-12T04:05:44","slug":"style-396","status":"publish","type":"product","link":"https:\/\/sval.vn\/vi\/san-pham\/style-396\/","title":{"rendered":"Style 396"},"content":{"rendered":"<strong>Kh\u1ea3 n\u0103ng d\u1ecbch v\u1ee5<\/strong><\/p>\n<p>Nhi\u1ec7t \u0111\u1ed9 \u0110\u1ed9 C: -196 \u0111\u1ebfn 454<\/p>\n<p>Trong h\u01a1i n\u01b0\u1edbc b\u00e3o h\u00f2a \u0110\u1ed9 C: 650<\/p>\n<p>Kh\u1ea3 n\u0103ng pH: 0 \u2013 14<\/p>\n<p>\u00c1p su\u1ea5t quay t\u1ed1i \u0111a: 35 bar<\/p>\n<p>\u00c1p su\u1ea5t t\u0129nh t\u1ed1i \u0111a: 175 bar<\/p>\n<p>T\u1ed1c \u0111\u1ed9 quay t\u1ed1i \u0111a: 22 m\/gi\u00e2y<\/p>\n<p>&nbsp;","protected":false},"excerpt":{"rendered":"<p><strong>V\u1eadt li\u1ec7u<\/strong><\/p>\n<p>M\u1ed9t lo\u1ea1i than ch\u00ec m\u1ec1m d\u1ebbo d\u00e0y \u0111\u1eb7c v\u1edbi s\u1ee3i carbon\/than ch\u00ec \u0111\u1ec3 ch\u1ed1ng \u0111\u00f9n<\/p>\n<p><strong>\u1ee8ng d\u1ee5ng<\/strong><\/p>\n<p>Ho\u1ea1t \u0111\u1ed9ng th\u00e0nh c\u00f4ng tr\u00ean m\u00e1y b\u01a1m v\u00e0 van. \u0110\u00f3ng g\u00f3i r\u1ea5t v\u1eeba v\u1eb7n v\u00e0 c\u00f3 th\u1ec3 ch\u1ea1y kh\u00f4ng nh\u1ecf gi\u1ecdt trong m\u1ed9t s\u1ed1 \u1ee9ng d\u1ee5ng nh\u1ea5t \u0111\u1ecbnh. Tuy\u1ec7t v\u1eddi tr\u00ean m\u00e1y b\u01a1m n\u01b0\u1edbc c\u1ea5p, x\u00fat v\u00e0 ng\u01b0ng t\u1ee5.<\/p>\n","protected":false},"featured_media":1676,"template":"","meta":[],"product_cat":[255,240],"product_tag":[],"class_list":{"0":"post-1675","1":"product","2":"type-product","3":"status-publish","4":"has-post-thumbnail","6":"product_cat-compression-packing","7":"product_cat-klinger","9":"first","10":"instock","11":"shipping-taxable","12":"product-type-simple"},"_links":{"self":[{"href":"https:\/\/sval.vn\/vi\/wp-json\/wp\/v2\/product\/1675"}],"collection":[{"href":"https:\/\/sval.vn\/vi\/wp-json\/wp\/v2\/product"}],"about":[{"href":"https:\/\/sval.vn\/vi\/wp-json\/wp\/v2\/types\/product"}],"wp:featuredmedia":[{"embeddable":true,"href":"https:\/\/sval.vn\/vi\/wp-json\/wp\/v2\/media\/1676"}],"wp:attachment":[{"href":"https:\/\/sval.vn\/vi\/wp-json\/wp\/v2\/media?parent=1675"}],"wp:term":[{"taxonomy":"product_cat","embeddable":true,"href":"https:\/\/sval.vn\/vi\/wp-json\/wp\/v2\/product_cat?post=1675"},{"taxonomy":"product_tag","embeddable":true,"href":"https:\/\/sval.vn\/vi\/wp-json\/wp\/v2\/product_tag?post=1675"}],"curies":[{"name":"wp","href":"https:\/\/api.w.org\/{rel}","templated":true}]}}