{"id":1673,"date":"2024-09-23T08:08:32","date_gmt":"2024-09-23T08:08:32","guid":{"rendered":"https:\/\/sval.vn\/?post_type=product&#038;p=1673"},"modified":"2024-10-12T04:04:54","modified_gmt":"2024-10-12T04:04:54","slug":"style-390","status":"publish","type":"product","link":"https:\/\/sval.vn\/vi\/san-pham\/style-390\/","title":{"rendered":"Style 390"},"content":{"rendered":"<strong>Kh\u1ea3 n\u0103ng d\u1ecbch v\u1ee5<\/strong><\/p>\n<p>Nhi\u1ec7t \u0111\u1ed9 \u0110\u1ed9 C: -196 \u0111\u1ebfn 400<\/p>\n<p>Trong h\u01a1i n\u01b0\u1edbc b\u00e3o h\u00f2a \u0110\u1ed9 C: 650<\/p>\n<p>Kh\u1ea3 n\u0103ng pH: 1 \u2013 14<\/p>\n<p>\u00c1p su\u1ea5t quay t\u1ed1i \u0111a: 35 bar<\/p>\n<p>\u00c1p su\u1ea5t t\u0129nh t\u1ed1i \u0111a: 170 bar<\/p>\n<p>T\u1ed1c \u0111\u1ed9 quay t\u1ed1i \u0111a: 25 m\/gi\u00e2y","protected":false},"excerpt":{"rendered":"<p><strong>V\u1eadt li\u1ec7u<\/strong><\/p>\n<p>S\u1ee3i graphite tinh khi\u1ebft cao \u0111\u01b0\u1ee3c t\u1ea9m d\u00e0y \u0111\u1eb7c graphite k\u00edch th\u01b0\u1edbc micron<\/p>\n<p><strong>\u1ee8ng d\u1ee5ng<\/strong><\/p>\n<p>Kh\u1ea3 n\u0103ng ch\u1ed1ng h\u00f3a ch\u1ea5t v\u00e0 d\u1eabn nhi\u1ec7t cao. M\u1ed9t lo\u1ea1i v\u1eadt li\u1ec7u \u0111\u00f3ng g\u00f3i ch\u1ed1ng ma s\u00e1t r\u1ea5t hi\u1ec7u qu\u1ea3 tr\u00ean nhi\u1ec1u lo\u1ea1i d\u1ecbch v\u1ee5 kh\u00e1c nhau. Cho ph\u00e9p v\u1eadn h\u00e0nh \u1edf m\u1ee9c r\u00f2 r\u1ec9 t\u1ed1i thi\u1ec3u. Kh\u00f4ng b\u1ecb c\u1ee9ng.<\/p>\n","protected":false},"featured_media":1674,"template":"","meta":[],"product_cat":[255,240],"product_tag":[],"class_list":{"0":"post-1673","1":"product","2":"type-product","3":"status-publish","4":"has-post-thumbnail","6":"product_cat-compression-packing","7":"product_cat-klinger","9":"first","10":"instock","11":"shipping-taxable","12":"product-type-simple"},"_links":{"self":[{"href":"https:\/\/sval.vn\/vi\/wp-json\/wp\/v2\/product\/1673"}],"collection":[{"href":"https:\/\/sval.vn\/vi\/wp-json\/wp\/v2\/product"}],"about":[{"href":"https:\/\/sval.vn\/vi\/wp-json\/wp\/v2\/types\/product"}],"wp:featuredmedia":[{"embeddable":true,"href":"https:\/\/sval.vn\/vi\/wp-json\/wp\/v2\/media\/1674"}],"wp:attachment":[{"href":"https:\/\/sval.vn\/vi\/wp-json\/wp\/v2\/media?parent=1673"}],"wp:term":[{"taxonomy":"product_cat","embeddable":true,"href":"https:\/\/sval.vn\/vi\/wp-json\/wp\/v2\/product_cat?post=1673"},{"taxonomy":"product_tag","embeddable":true,"href":"https:\/\/sval.vn\/vi\/wp-json\/wp\/v2\/product_tag?post=1673"}],"curies":[{"name":"wp","href":"https:\/\/api.w.org\/{rel}","templated":true}]}}