{"id":1671,"date":"2024-09-23T08:04:26","date_gmt":"2024-09-23T08:04:26","guid":{"rendered":"https:\/\/sval.vn\/?post_type=product&#038;p=1671"},"modified":"2024-10-12T04:03:38","modified_gmt":"2024-10-12T04:03:38","slug":"style-k55","status":"publish","type":"product","link":"https:\/\/sval.vn\/vi\/san-pham\/style-k55\/","title":{"rendered":"Style K55"},"content":{"rendered":"<strong>Kh\u1ea3 n\u0103ng ph\u1ee5c v\u1ee5<\/strong><\/p>\n<p>Nhi\u1ec7t \u0111\u1ed9 \u0111\u1ed9 C: -200 \u0111\u1ebfn 280<\/p>\n<p>Kh\u1ea3 n\u0103ng pH: 0 \u2013 14<\/p>\n<p>\u00c1p su\u1ea5t quay t\u1ed1i \u0111a: 30 bar<\/p>\n<p>\u00c1p su\u1ea5t t\u0129nh t\u1ed1i \u0111a: 200 bar<\/p>\n<p>T\u1ed1c \u0111\u1ed9 quay t\u1ed1i \u0111a: 20m\/gi\u00e2y<\/p>\n<p>\u00c1p su\u1ea5t qua l\u1ea1i t\u1ed1i \u0111a: 100 bar<\/p>\n<p>T\u1ed1c \u0111\u1ed9 qua l\u1ea1i t\u1ed1i \u0111a: 3 m\/gi\u00e2y<\/p>\n<p>&nbsp;","protected":false},"excerpt":{"rendered":"<p><strong>V\u1eadt li\u1ec7u<\/strong><\/p>\n<p>S\u1ee3i PTFE b\u1ecdc than ch\u00ec<\/p>\n<p><strong>\u1ee8ng d\u1ee5ng<\/strong><\/p>\n<p>C\u00f3 th\u1ec3 s\u1eed d\u1ee5ng trong h\u1ea7u h\u1ebft m\u1ecdi m\u00f4i tr\u01b0\u1eddng bao g\u1ed3m c\u1ea3 axit m\u1ea1nh v\u00e0 ki\u1ec1m. K55 c\u00f3 \u0111\u1eb7c t\u00ednh t\u1ea3n nhi\u1ec7t r\u1ea5t t\u1ed1t v\u00e0 d\u1ec5 d\u00e0ng tr\u00ean \u1ed1ng l\u00f3t v\u00e0 tr\u1ee5c. R\u1ea5t t\u1ed1t trong b\u00f9n nh\u1eb9 v\u00e0 tr\u00ean m\u00e1y b\u01a1m c\u1ea5p li\u1ec7u<\/p>\n","protected":false},"featured_media":1672,"template":"","meta":[],"product_cat":[255,240],"product_tag":[],"class_list":{"0":"post-1671","1":"product","2":"type-product","3":"status-publish","4":"has-post-thumbnail","6":"product_cat-compression-packing","7":"product_cat-klinger","9":"first","10":"instock","11":"shipping-taxable","12":"product-type-simple"},"_links":{"self":[{"href":"https:\/\/sval.vn\/vi\/wp-json\/wp\/v2\/product\/1671"}],"collection":[{"href":"https:\/\/sval.vn\/vi\/wp-json\/wp\/v2\/product"}],"about":[{"href":"https:\/\/sval.vn\/vi\/wp-json\/wp\/v2\/types\/product"}],"wp:featuredmedia":[{"embeddable":true,"href":"https:\/\/sval.vn\/vi\/wp-json\/wp\/v2\/media\/1672"}],"wp:attachment":[{"href":"https:\/\/sval.vn\/vi\/wp-json\/wp\/v2\/media?parent=1671"}],"wp:term":[{"taxonomy":"product_cat","embeddable":true,"href":"https:\/\/sval.vn\/vi\/wp-json\/wp\/v2\/product_cat?post=1671"},{"taxonomy":"product_tag","embeddable":true,"href":"https:\/\/sval.vn\/vi\/wp-json\/wp\/v2\/product_tag?post=1671"}],"curies":[{"name":"wp","href":"https:\/\/api.w.org\/{rel}","templated":true}]}}