{"id":1665,"date":"2024-09-23T07:54:35","date_gmt":"2024-09-23T07:54:35","guid":{"rendered":"https:\/\/sval.vn\/?post_type=product&#038;p=1665"},"modified":"2024-10-12T04:13:40","modified_gmt":"2024-10-12T04:13:40","slug":"style-k25","status":"publish","type":"product","link":"https:\/\/sval.vn\/vi\/san-pham\/style-k25\/","title":{"rendered":"Style K25"},"content":{"rendered":"<strong>Kh\u1ea3 n\u0103ng ph\u1ee5c v\u1ee5<\/strong><\/p>\n<p>Nhi\u1ec7t \u0111\u1ed9 C: -100 \u0111\u1ebfn 260<\/p>\n<p>Kh\u1ea3 n\u0103ng pH: 2 \u2013 12<\/p>\n<p>\u00c1p su\u1ea5t quay t\u1ed1i \u0111a: 30 bar<\/p>\n<p>\u00c1p su\u1ea5t t\u0129nh t\u1ed1i \u0111a: 200 bar<\/p>\n<p>T\u1ed1c \u0111\u1ed9 quay t\u1ed1i \u0111a: 15 m\/gi\u00e2y<\/p>\n<p>\u00c1p su\u1ea5t qua l\u1ea1i t\u1ed1i \u0111a: 100 bar<\/p>\n<p>T\u1ed1c \u0111\u1ed9 qua l\u1ea1i t\u1ed1i \u0111a: 2 m\/gi\u00e2y","protected":false},"excerpt":{"rendered":"<p><strong>V\u1eadt li\u1ec7u<\/strong><\/p>\n<p>S\u1ee3i aramid v\u00e0 b\u00f4i tr\u01a1n PTFE<\/p>\n<p><strong>\u1ee8ng d\u1ee5ng<\/strong><\/p>\n<p>Th\u00edch h\u1ee3p cho nhi\u1ec1u lo\u1ea1i h\u00f3a ch\u1ea5t v\u00e0 \u1ee9ng d\u1ee5ng b\u00f9n \u0111\u1eb7c. Tuy\u1ec7t v\u1eddi khi d\u00f9ng l\u00e0m v\u1eadt li\u1ec7u \u0111\u1ea5u b\u00f2 v\u00e0 k\u1ebft h\u1ee3p v\u1edbi c\u00e1c s\u1ee3i kh\u00e1c. \u0110\u1ea3m b\u1ea3o r\u1eb1ng v\u1eadt li\u1ec7u \u0111\u1ec7m \u0111\u01b0\u1ee3c b\u00f4i tr\u01a1n t\u1ed1t n\u1ebfu s\u1eed d\u1ee5ng trong m\u00e1y b\u01a1m t\u1ed1c \u0111\u1ed9 trung b\u00ecnh v\u00e0 cao do \u0111\u1eb7c t\u00ednh ch\u1ed1ng m\u00e0i m\u00f2n c\u1ee7a n\u00f3.<\/p>\n","protected":false},"featured_media":1666,"template":"","meta":[],"product_cat":[255,240],"product_tag":[],"class_list":{"0":"post-1665","1":"product","2":"type-product","3":"status-publish","4":"has-post-thumbnail","6":"product_cat-compression-packing","7":"product_cat-klinger","9":"first","10":"instock","11":"shipping-taxable","12":"product-type-simple"},"_links":{"self":[{"href":"https:\/\/sval.vn\/vi\/wp-json\/wp\/v2\/product\/1665"}],"collection":[{"href":"https:\/\/sval.vn\/vi\/wp-json\/wp\/v2\/product"}],"about":[{"href":"https:\/\/sval.vn\/vi\/wp-json\/wp\/v2\/types\/product"}],"wp:featuredmedia":[{"embeddable":true,"href":"https:\/\/sval.vn\/vi\/wp-json\/wp\/v2\/media\/1666"}],"wp:attachment":[{"href":"https:\/\/sval.vn\/vi\/wp-json\/wp\/v2\/media?parent=1665"}],"wp:term":[{"taxonomy":"product_cat","embeddable":true,"href":"https:\/\/sval.vn\/vi\/wp-json\/wp\/v2\/product_cat?post=1665"},{"taxonomy":"product_tag","embeddable":true,"href":"https:\/\/sval.vn\/vi\/wp-json\/wp\/v2\/product_tag?post=1665"}],"curies":[{"name":"wp","href":"https:\/\/api.w.org\/{rel}","templated":true}]}}