{"id":1661,"date":"2024-09-23T07:25:22","date_gmt":"2024-09-23T07:25:22","guid":{"rendered":"https:\/\/sval.vn\/?post_type=product&#038;p=1661"},"modified":"2024-10-12T04:23:10","modified_gmt":"2024-10-12T04:23:10","slug":"maxiflex-style-cr-rj","status":"publish","type":"product","link":"https:\/\/sval.vn\/vi\/san-pham\/maxiflex-style-cr-rj\/","title":{"rendered":"Maxiflex Style CR-RJ"},"content":{"rendered":"","protected":false},"excerpt":{"rendered":"<p>Gio\u0103ng xo\u1eafn CR-RJ \u0111\u01b0\u1ee3c thi\u1ebft k\u1ebf \u0111\u1ec3 s\u1eed d\u1ee5ng nh\u01b0 m\u1ed9t v\u1eadt ph\u1ea9m thay th\u1ebf b\u1ea3o d\u01b0\u1ee1ng cho c\u00e1c m\u1ed1i n\u1ed1i lo\u1ea1i v\u00f2ng khi b\u1ec1 m\u1eb7t b\u1ecbt k\u00edn trong r\u00e3nh c\u1ee7a m\u1eb7t b\u00edch, h\u00ecnh b\u1ea7u d\u1ee5c ho\u1eb7c h\u00ecnh b\u00e1t gi\u00e1c b\u1ecb \u1ea3nh h\u01b0\u1edfng.<\/p>\n<p>C\u00e1c gio\u0103ng n\u00e0y c\u00f3 s\u1eb5n cho NPS 1\/2 \u0111\u1ebfn 24 v\u00e0 c\u00e1c lo\u1ea1i \u00e1p su\u1ea5t t\u1eeb \u200b\u200b150 \u0111\u1ebfn 1500. \u0110\u1ed9 d\u00e0y th\u00e0nh ph\u1ea7n ti\u00eau chu\u1ea9n l\u00e0 4,5mm v\u00e0 \u0111\u1ed9 d\u00e0y v\u00f2ng ngo\u00e0i l\u00e0 3,2mm. C\u00e1c gio\u0103ng n\u00e0y c\u0169ng c\u00f3 s\u1eb5n theo Ki\u1ec3u CRIR-RJ \u0111\u01b0\u1ee3c l\u1eafp v\u00f2ng trong d\u00e0y 3,2mm. Vui l\u00f2ng tham kh\u1ea3o \u00fd ki\u1ebfn \u200b\u200bc\u1ee7a ch\u00fang t\u00f4i khi c\u1ea7n v\u00f2ng trong v\u00ec ph\u1ea3i x\u00e1c \u0111\u1ecbnh r\u1eb1ng c\u00f3 \u0111\u1ee7 kh\u00f4ng gian \u0111\u1ec3 l\u1eafp v\u00f2ng trong.<\/p>\n<p>Ch\u00fang t\u00f4i khuy\u00ean d\u00f9ng gio\u0103ng CRIR-RJ cho c\u00e1c lo\u1ea1i \u00e1p su\u1ea5t t\u1eeb \u200b\u200b600 tr\u1edf l\u00ean. K\u00edch th\u01b0\u1edbc khe h\u1edf gi\u1eefa c\u00e1c m\u1eb7t m\u1eb7t b\u00edch ph\u1ea3i \u0111\u01b0\u1ee3c ki\u1ec3m tra tr\u00ean \u0111\u01b0\u1eddng \u1ed1ng n\u1ed1i kh\u00edt tr\u01b0\u1edbc khi l\u1eafp \u0111\u1eb7t \u0111\u1ec3 \u0111\u1ea3m b\u1ea3o c\u00f3 th\u1ec3 \u0111\u1ea1t \u0111\u01b0\u1ee3c \u0111\u1ed9 n\u00e9n t\u1ed1i \u01b0u m\u00e0 kh\u00f4ng g\u00e2y \u1ee9ng su\u1ea5t qu\u00e1 m\u1ee9c cho bu l\u00f4ng ho\u1eb7c m\u1eb7t b\u00edch.<\/p>\n<p>Kh\u00e1ch h\u00e0ng c\u00f3 tr\u00e1ch nhi\u1ec7m \u0111\u1ea3m b\u1ea3o r\u1eb1ng mi\u1ebfng \u0111\u1ec7m ph\u00f9 h\u1ee3p v\u1edbi \u1ee9ng d\u1ee5ng v\u00e0 c\u00f3 \u0111\u1ee7 kho\u1ea3ng h\u1edf gi\u1eefa l\u1ed7 b\u00edch v\u00e0 r\u00e3nh v\u00f2ng \u0111\u1ec3 l\u1eafp mi\u1ebfng \u0111\u1ec7m \u0111\u00fang c\u00e1ch.<\/p>\n<p>Klinger Maxiflex Spiral Wound c\u0169ng c\u00f3 ch\u1ee9ng nh\u1eadn An to\u00e0n ch\u00e1y n\u1ed5 \u0111\u1ec3<\/p>\n","protected":false},"featured_media":1662,"template":"","meta":[],"product_cat":[240,251],"product_tag":[],"class_list":{"0":"post-1661","1":"product","2":"type-product","3":"status-publish","4":"has-post-thumbnail","6":"product_cat-klinger","7":"product_cat-spiral-wounds","9":"first","10":"instock","11":"shipping-taxable","12":"product-type-simple"},"_links":{"self":[{"href":"https:\/\/sval.vn\/vi\/wp-json\/wp\/v2\/product\/1661"}],"collection":[{"href":"https:\/\/sval.vn\/vi\/wp-json\/wp\/v2\/product"}],"about":[{"href":"https:\/\/sval.vn\/vi\/wp-json\/wp\/v2\/types\/product"}],"wp:featuredmedia":[{"embeddable":true,"href":"https:\/\/sval.vn\/vi\/wp-json\/wp\/v2\/media\/1662"}],"wp:attachment":[{"href":"https:\/\/sval.vn\/vi\/wp-json\/wp\/v2\/media?parent=1661"}],"wp:term":[{"taxonomy":"product_cat","embeddable":true,"href":"https:\/\/sval.vn\/vi\/wp-json\/wp\/v2\/product_cat?post=1661"},{"taxonomy":"product_tag","embeddable":true,"href":"https:\/\/sval.vn\/vi\/wp-json\/wp\/v2\/product_tag?post=1661"}],"curies":[{"name":"wp","href":"https:\/\/api.w.org\/{rel}","templated":true}]}}