{"id":1659,"date":"2024-09-23T07:24:38","date_gmt":"2024-09-23T07:24:38","guid":{"rendered":"https:\/\/sval.vn\/?post_type=product&#038;p=1659"},"modified":"2024-10-12T04:21:18","modified_gmt":"2024-10-12T04:21:18","slug":"maxiflex-crir-108","status":"publish","type":"product","link":"https:\/\/sval.vn\/vi\/san-pham\/maxiflex-crir-108\/","title":{"rendered":"Maxiflex CRIR-108"},"content":{"rendered":"","protected":false},"excerpt":{"rendered":"<div>Gio\u0103ng Klingermaxiflex CRIR-108 \u0111\u01b0\u1ee3c ph\u00e1t tri\u1ec3n ri\u00eang \u0111\u1ec3 s\u1eed d\u1ee5ng tr\u00ean c\u00e1c \u0110\u01a1n v\u1ecb Alkyl h\u00f3a HF v\u00e0 c\u00e1c \u1ee9ng d\u1ee5ng t\u01b0\u01a1ng t\u1ef1 kh\u00e1c, trong \u0111\u00f3 s\u1ef1 \u0103n m\u00f2n c\u1ee7a m\u1eb7t b\u00edch l\u00e0 v\u1ea5n \u0111\u1ec1 th\u1ef1c s\u1ef1.<\/div>\n<div><\/div>\n<div>Gio\u0103ng xo\u1eafn \u1ed1c truy\u1ec1n th\u1ed1ng s\u1eed d\u1ee5ng v\u00f2ng trong b\u1eb1ng th\u00e9p Monel ho\u1eb7c Carbon, \u0111\u00f4i khi kh\u00f4ng t\u1ea1o ra m\u00f4i tr\u01b0\u1eddng k\u00edn kh\u00edt gi\u1eefa v\u00f2ng trong v\u00e0 m\u1eb7t b\u00edch. \u0110i\u1ec1u n\u00e0y c\u00f3 th\u1ec3 khi\u1ebfn m\u1ed9t l\u01b0\u1ee3ng nh\u1ecf s\u1ea3n ph\u1ea9m di chuy\u1ec3n gi\u1eefa v\u00f2ng trong v\u00e0 m\u1eb7t b\u00edch, do \u0111\u00f3 l\u00e0m t\u0103ng kh\u1ea3 n\u0103ng x\u1ea3y ra hi\u1ec7n t\u01b0\u1ee3ng \u0103n m\u00f2n ho\u1eb7c gi\u00f2n.<\/div>\n<div><\/div>\n<div>Gio\u0103ng Klingermaxiflex CRIR-108 cung c\u1ea5p th\u00eam m\u1ed9t l\u1edbp \u0111\u1ec7m tr\u00ean v\u00f2ng trong gi\u00fap b\u1ecbt k\u00edn v\u00e0 ng\u0103n ng\u1eeba b\u1ea5t k\u1ef3 s\u1ef1 t\u00edch t\u1ee5 n\u00e0o c\u1ee7a s\u1ea3n ph\u1ea9m, gi\u00fap lo\u1ea1i b\u1ecf m\u1ecdi s\u1ef1 \u0103n m\u00f2n c\u1ee7a m\u1eb7t b\u00edch b\u1eb1ng th\u00e9p carbon.<\/div>\n<div><\/div>\n<div>Klingermaxiflex CRIR-108 \u0111\u01b0\u1ee3c thi\u1ebft k\u1ebf ph\u00f9 h\u1ee3p v\u1edbi m\u1eb7t b\u00edch Ti\u00eau chu\u1ea9n v\u00e0 Kh\u00f4ng Ti\u00eau chu\u1ea9n v\u00e0 kh\u00f4ng y\u00eau c\u1ea7u th\u00eam \u1ee9ng su\u1ea5t bu l\u00f4ng \u0111\u1ec3 n\u00e9n v\u00e0 duy tr\u00ec \u0111\u1ed9 k\u00edn kh\u00edt.<\/div>\n<div><\/div>\n<div>Vui l\u00f2ng tham kh\u1ea3o \u00fd ki\u1ebfn \u200b\u200bc\u1ee7a ch\u00fang t\u00f4i \u0111\u1ec3 bi\u1ebft thi\u1ebft k\u1ebf ch\u00ednh x\u00e1c c\u1ee7a c\u00e1c gio\u0103ng n\u00e0y do l\u1edbp ph\u1ee7 tr\u00ean v\u00f2ng trong c\u00f3 th\u1ec3 l\u00e0 than ch\u00ec gi\u00e3n n\u1edf ho\u1eb7c PTFE gi\u00e3n n\u1edf.<\/div>\n","protected":false},"featured_media":1660,"template":"","meta":[],"product_cat":[240,251],"product_tag":[],"class_list":{"0":"post-1659","1":"product","2":"type-product","3":"status-publish","4":"has-post-thumbnail","6":"product_cat-klinger","7":"product_cat-spiral-wounds","9":"first","10":"instock","11":"shipping-taxable","12":"product-type-simple"},"_links":{"self":[{"href":"https:\/\/sval.vn\/vi\/wp-json\/wp\/v2\/product\/1659"}],"collection":[{"href":"https:\/\/sval.vn\/vi\/wp-json\/wp\/v2\/product"}],"about":[{"href":"https:\/\/sval.vn\/vi\/wp-json\/wp\/v2\/types\/product"}],"wp:featuredmedia":[{"embeddable":true,"href":"https:\/\/sval.vn\/vi\/wp-json\/wp\/v2\/media\/1660"}],"wp:attachment":[{"href":"https:\/\/sval.vn\/vi\/wp-json\/wp\/v2\/media?parent=1659"}],"wp:term":[{"taxonomy":"product_cat","embeddable":true,"href":"https:\/\/sval.vn\/vi\/wp-json\/wp\/v2\/product_cat?post=1659"},{"taxonomy":"product_tag","embeddable":true,"href":"https:\/\/sval.vn\/vi\/wp-json\/wp\/v2\/product_tag?post=1659"}],"curies":[{"name":"wp","href":"https:\/\/api.w.org\/{rel}","templated":true}]}}