{"id":1655,"date":"2024-09-23T07:23:12","date_gmt":"2024-09-23T07:23:12","guid":{"rendered":"https:\/\/sval.vn\/?post_type=product&#038;p=1655"},"modified":"2024-10-12T04:27:50","modified_gmt":"2024-10-12T04:27:50","slug":"maxiflex-style-hx-rir","status":"publish","type":"product","link":"https:\/\/sval.vn\/vi\/san-pham\/maxiflex-style-hx-rir\/","title":{"rendered":"Maxiflex Style HX-RIR"},"content":{"rendered":"","protected":false},"excerpt":{"rendered":"<p><strong>(D\u00f9ng cho b\u1ed9 trao \u0111\u1ed5i nhi\u1ec7t)<\/strong><\/p>\n<p>&nbsp;<\/p>\n<p>Ph\u1ea7n t\u1eed l\u00e0m k\u00edn xo\u1eafn \u1ed1c Maxiflex<\/p>\n<p>K\u1ebft h\u1ee3p gi\u1eefa v\u00f2ng trong v\u00e0 v\u00f2ng ngo\u00e0i<\/p>\n<p>V\u00f2ng trong c\u00f3 th\u1ec3 c\u00f3 thanh truy\u1ec1n ho\u1eb7c c\u00f3 th\u1ec3 mang mi\u1ebfng \u0111\u1ec7m m\u1ec1m ho\u1eb7c b\u1ecdc kim lo\u1ea1i v\u1edbi thanh truy\u1ec1n<\/p>\n<p>S\u1ea3n xu\u1ea5t theo thi\u1ebft k\u1ebf c\u1ee7a kh\u00e1ch h\u00e0ng<\/p>\n<p>Nhi\u1ec1u l\u1ef1a ch\u1ecdn v\u1eadt li\u1ec7u cho ch\u1ea5t \u0111\u1ed9n v\u00e0 d\u1ea3i kim lo\u1ea1i<\/p>\n<p>S\u1ea3n xu\u1ea5t v\u1edbi c\u00e1c cu\u1ed9n d\u00e2y ngo\u00e0i m\u1ecfng \u0111\u1ec3 t\u1ea1o ra c\u00e1c mi\u1ebfng \u0111\u1ec7m \u1ed5n \u0111\u1ecbnh, \u0111\u01b0\u1eddng k\u00ednh l\u1edbn cho c\u00e1c \u1ee9ng d\u1ee5ng trao \u0111\u1ed5i nhi\u1ec7t h\u1eb9p<\/p>\n","protected":false},"featured_media":1656,"template":"","meta":[],"product_cat":[240,251],"product_tag":[],"class_list":{"0":"post-1655","1":"product","2":"type-product","3":"status-publish","4":"has-post-thumbnail","6":"product_cat-klinger","7":"product_cat-spiral-wounds","9":"first","10":"instock","11":"shipping-taxable","12":"product-type-simple"},"_links":{"self":[{"href":"https:\/\/sval.vn\/vi\/wp-json\/wp\/v2\/product\/1655"}],"collection":[{"href":"https:\/\/sval.vn\/vi\/wp-json\/wp\/v2\/product"}],"about":[{"href":"https:\/\/sval.vn\/vi\/wp-json\/wp\/v2\/types\/product"}],"wp:featuredmedia":[{"embeddable":true,"href":"https:\/\/sval.vn\/vi\/wp-json\/wp\/v2\/media\/1656"}],"wp:attachment":[{"href":"https:\/\/sval.vn\/vi\/wp-json\/wp\/v2\/media?parent=1655"}],"wp:term":[{"taxonomy":"product_cat","embeddable":true,"href":"https:\/\/sval.vn\/vi\/wp-json\/wp\/v2\/product_cat?post=1655"},{"taxonomy":"product_tag","embeddable":true,"href":"https:\/\/sval.vn\/vi\/wp-json\/wp\/v2\/product_tag?post=1655"}],"curies":[{"name":"wp","href":"https:\/\/api.w.org\/{rel}","templated":true}]}}