{"id":1644,"date":"2024-09-23T07:11:21","date_gmt":"2024-09-23T07:11:21","guid":{"rendered":"https:\/\/sval.vn\/?post_type=product&#038;p=1644"},"modified":"2024-10-12T03:28:31","modified_gmt":"2024-10-12T03:28:31","slug":"maxiflex-style-cr","status":"publish","type":"product","link":"https:\/\/sval.vn\/vi\/san-pham\/maxiflex-style-cr\/","title":{"rendered":"Maxiflex Style CR"},"content":{"rendered":"","protected":false},"excerpt":{"rendered":"<p>Y\u1ebfu t\u1ed1 b\u1ecbt k\u00edn v\u1ebft th\u01b0\u01a1ng xo\u1eafn Maxiflex<br \/>\nV\u00f2ng ngo\u00e0i b\u1eb1ng kim lo\u1ea1i r\u1eafn \u0111\u01b0\u1ee3c s\u1eed d\u1ee5ng l\u00e0m thi\u1ebft b\u1ecb \u0111\u1ecbnh t\u00e2m v\u00e0 ch\u1eb7n n\u00e9n.<br \/>\nCh\u1ee7 y\u1ebfu \u0111\u01b0\u1ee3c s\u1eed d\u1ee5ng tr\u00ean m\u1eb7t b\u00edch n\u00e2ng l\u00ean v\u00e0 m\u1eb7t b\u00edch ph\u1eb3ng.<br \/>\nNhi\u1ec1u l\u1ef1a ch\u1ecdn v\u1eadt li\u1ec7u cho ch\u1ea5t \u0111\u1ed9n v\u00e0 d\u1ea3i kim lo\u1ea1i.<br \/>\nNhi\u1ec7m v\u1ee5 chung.<\/p>\n","protected":false},"featured_media":1645,"template":"","meta":[],"product_cat":[240,251],"product_tag":[],"class_list":{"0":"post-1644","1":"product","2":"type-product","3":"status-publish","4":"has-post-thumbnail","6":"product_cat-klinger","7":"product_cat-spiral-wounds","9":"first","10":"instock","11":"shipping-taxable","12":"product-type-simple"},"_links":{"self":[{"href":"https:\/\/sval.vn\/vi\/wp-json\/wp\/v2\/product\/1644"}],"collection":[{"href":"https:\/\/sval.vn\/vi\/wp-json\/wp\/v2\/product"}],"about":[{"href":"https:\/\/sval.vn\/vi\/wp-json\/wp\/v2\/types\/product"}],"wp:featuredmedia":[{"embeddable":true,"href":"https:\/\/sval.vn\/vi\/wp-json\/wp\/v2\/media\/1645"}],"wp:attachment":[{"href":"https:\/\/sval.vn\/vi\/wp-json\/wp\/v2\/media?parent=1644"}],"wp:term":[{"taxonomy":"product_cat","embeddable":true,"href":"https:\/\/sval.vn\/vi\/wp-json\/wp\/v2\/product_cat?post=1644"},{"taxonomy":"product_tag","embeddable":true,"href":"https:\/\/sval.vn\/vi\/wp-json\/wp\/v2\/product_tag?post=1644"}],"curies":[{"name":"wp","href":"https:\/\/api.w.org\/{rel}","templated":true}]}}