{"id":1638,"date":"2024-09-23T06:32:29","date_gmt":"2024-09-23T06:32:29","guid":{"rendered":"https:\/\/sval.vn\/?post_type=product&#038;p=1638"},"modified":"2024-10-12T06:00:36","modified_gmt":"2024-10-12T06:00:36","slug":"style-104","status":"publish","type":"product","link":"https:\/\/sval.vn\/vi\/san-pham\/style-104\/","title":{"rendered":"Ki\u1ec3u 104"},"content":{"rendered":"","protected":false},"excerpt":{"rendered":"<p><strong>Gio\u0103ng g\u1ee3n s\u00f3ng \u0111\u01a1n \u2013 kh\u00f4ng c\u00f3 ch\u1ea5t \u0111\u1ed9n<\/strong><\/p>\n<p>Ch\u1ee7 y\u1ebfu \u0111\u01b0\u1ee3c s\u1eed d\u1ee5ng trong c\u00e1c \u1ee9ng d\u1ee5ng van v\u00e0 c\u00e1c khe h\u1edf nh\u1ecf. Gio\u0103ng l\u00e0 m\u1ed9t c\u1ea5u tr\u00fac ho\u00e0n to\u00e0n b\u1eb1ng kim lo\u1ea1i v\u00e0 do \u0111\u00f3 \u0111\u00f2i h\u1ecfi ch\u1ea5t l\u01b0\u1ee3ng cao v\u1ec1 \u0111\u1ed9 ho\u00e0n thi\u1ec7n b\u1ec1 m\u1eb7t b\u00edch v\u00e0 \u0111\u1ed9 ph\u1eb3ng. \u0110\u00f4i khi \u0111\u01b0\u1ee3c g\u1ecdi l\u00e0 v\u00f2ng Taylor.<\/p>\n","protected":false},"featured_media":1639,"template":"","meta":[],"product_cat":[240,252],"product_tag":[],"class_list":{"0":"post-1638","1":"product","2":"type-product","3":"status-publish","4":"has-post-thumbnail","6":"product_cat-klinger","7":"product_cat-metallic-gaskets","9":"first","10":"instock","11":"shipping-taxable","12":"product-type-simple"},"_links":{"self":[{"href":"https:\/\/sval.vn\/vi\/wp-json\/wp\/v2\/product\/1638"}],"collection":[{"href":"https:\/\/sval.vn\/vi\/wp-json\/wp\/v2\/product"}],"about":[{"href":"https:\/\/sval.vn\/vi\/wp-json\/wp\/v2\/types\/product"}],"wp:featuredmedia":[{"embeddable":true,"href":"https:\/\/sval.vn\/vi\/wp-json\/wp\/v2\/media\/1639"}],"wp:attachment":[{"href":"https:\/\/sval.vn\/vi\/wp-json\/wp\/v2\/media?parent=1638"}],"wp:term":[{"taxonomy":"product_cat","embeddable":true,"href":"https:\/\/sval.vn\/vi\/wp-json\/wp\/v2\/product_cat?post=1638"},{"taxonomy":"product_tag","embeddable":true,"href":"https:\/\/sval.vn\/vi\/wp-json\/wp\/v2\/product_tag?post=1638"}],"curies":[{"name":"wp","href":"https:\/\/api.w.org\/{rel}","templated":true}]}}