{"id":1636,"date":"2024-09-23T06:31:44","date_gmt":"2024-09-23T06:31:44","guid":{"rendered":"https:\/\/sval.vn\/?post_type=product&#038;p=1636"},"modified":"2024-10-12T05:59:27","modified_gmt":"2024-10-12T05:59:27","slug":"style-180","status":"publish","type":"product","link":"https:\/\/sval.vn\/vi\/san-pham\/style-180\/","title":{"rendered":"Ki\u1ec3u 180"},"content":{"rendered":"<p class=\"qtranxs-available-languages-message qtranxs-available-languages-message-vi\">R\u1ea5t ti\u1ebfc, m\u1ee5c n\u00e0y ch\u1ec9 t\u1ed3n t\u1ea1i \u1edf <a href=\"https:\/\/sval.vn\/kr\/wp-json\/wp\/v2\/product\/1636\" class=\"qtranxs-available-language-link qtranxs-available-language-link-kr\" title=\"Korean\">Korean<\/a>.<\/p>","protected":false},"excerpt":{"rendered":"<p><strong>Gio\u0103ng kim lo\u1ea1i \u0111\u1eb7c<\/strong><\/p>\n<p>Ch\u1ee7 y\u1ebfu \u0111\u01b0\u1ee3c s\u1eed d\u1ee5ng tr\u00ean b\u1ed9 trao \u0111\u1ed5i nhi\u1ec7t ho\u1eb7c l\u00e0m mi\u1ebfng \u0111\u1ec7m. C\u0169ng c\u00f3 th\u1ec3 \u0111\u01b0\u1ee3c s\u1eed d\u1ee5ng cho v\u00f2ng \u0111\u1ec7m.<\/p>\n<p>V\u1eadt li\u1ec7u gio\u0103ng l\u00fd t\u01b0\u1edfng nh\u1ea5t l\u00e0 \u00edt h\u01a1n kho\u1ea3ng 30 Brinell so v\u1edbi v\u1eadt li\u1ec7u m\u1eb7t b\u00edch \u0111\u1ec3 \u0111\u1ea3m b\u1ea3o gio\u0103ng \u0111\u1ee7 bi\u1ebfn d\u1ea1ng m\u00e0 kh\u00f4ng l\u00e0m h\u1ecfng m\u1eb7t b\u00edch. B\u1ec1 m\u1eb7t ho\u00e0n thi\u1ec7n c\u1ee7a m\u1eb7t b\u00edch l\u00e0 r\u1ea5t quan tr\u1ecdng.<\/p>\n<p>C\u00e1c kim lo\u1ea1i ph\u1ed5 bi\u1ebfn l\u00e0 Th\u00e9p cacbon, Th\u00e9p kh\u00f4ng g\u1ec9 304, 316L, 321, S\u1eaft m\u1ec1m, Monel v\u00e0 Inconel. C\u00e1c v\u1eadt li\u1ec7u kh\u00e1c c\u00f3 s\u1eb5n theo y\u00eau c\u1ea7u. \u0110\u1ed9 d\u00e0y c\u00f3 s\u1eb5n t\u1eeb 0,05mm tr\u1edf l\u00ean.<\/p>\n<p>.<\/p>\n","protected":false},"featured_media":1637,"template":"","meta":[],"product_cat":[240,252],"product_tag":[],"class_list":{"0":"post-1636","1":"product","2":"type-product","3":"status-publish","4":"has-post-thumbnail","6":"product_cat-klinger","7":"product_cat-metallic-gaskets","9":"first","10":"instock","11":"shipping-taxable","12":"product-type-simple"},"_links":{"self":[{"href":"https:\/\/sval.vn\/vi\/wp-json\/wp\/v2\/product\/1636"}],"collection":[{"href":"https:\/\/sval.vn\/vi\/wp-json\/wp\/v2\/product"}],"about":[{"href":"https:\/\/sval.vn\/vi\/wp-json\/wp\/v2\/types\/product"}],"wp:featuredmedia":[{"embeddable":true,"href":"https:\/\/sval.vn\/vi\/wp-json\/wp\/v2\/media\/1637"}],"wp:attachment":[{"href":"https:\/\/sval.vn\/vi\/wp-json\/wp\/v2\/media?parent=1636"}],"wp:term":[{"taxonomy":"product_cat","embeddable":true,"href":"https:\/\/sval.vn\/vi\/wp-json\/wp\/v2\/product_cat?post=1636"},{"taxonomy":"product_tag","embeddable":true,"href":"https:\/\/sval.vn\/vi\/wp-json\/wp\/v2\/product_tag?post=1636"}],"curies":[{"name":"wp","href":"https:\/\/api.w.org\/{rel}","templated":true}]}}