{"id":1632,"date":"2024-09-23T06:30:29","date_gmt":"2024-09-23T06:30:29","guid":{"rendered":"https:\/\/sval.vn\/?post_type=product&#038;p=1632"},"modified":"2024-10-12T05:56:37","modified_gmt":"2024-10-12T05:56:37","slug":"weld-ring-gaskets","status":"publish","type":"product","link":"https:\/\/sval.vn\/vi\/san-pham\/weld-ring-gaskets\/","title":{"rendered":"Weld Ring Gaskets"},"content":{"rendered":"","protected":false},"excerpt":{"rendered":"<p>Gio\u0103ng v\u00f2ng h\u00e0n<\/p>\n<p>H\u00ecnh \u1ea3nh b\u00ean c\u1ea1nh l\u00e0 m\u1eabu c\u1ee7a c\u00e1c ki\u1ec3u gio\u0103ng v\u00f2ng h\u00e0n c\u00f3 s\u1eb5n t\u1eeb Klinger.<\/p>\n<p>C\u00f3 hai phi\u00ean b\u1ea3n c\u1ee7a lo\u1ea1i gio\u0103ng n\u00e0y, gio\u0103ng m\u00e0ng h\u00e0n theo ki\u1ec3u A21 v\u00e0 gio\u0103ng v\u00f2ng h\u00e0n theo ki\u1ec3u A22, A23, A24 v\u00e0 A25.<\/p>\n<p>Gio\u0103ng m\u00e0ng h\u00e0n bao g\u1ed3m hai v\u00f2ng gi\u1ed1ng h\u1ec7t nhau v\u00e0 v\u1eadt li\u1ec7u ph\u1ea3i lu\u00f4n gi\u1ed1ng v\u1edbi m\u1eb7t b\u00edch, \u0111i\u1ec1u n\u00e0y \u0111\u1ea3m b\u1ea3o t\u00ednh t\u01b0\u01a1ng th\u00edch c\u1ee7a v\u1eadt li\u1ec7u.<\/p>\n<p>Gio\u0103ng v\u00f2ng h\u00e0n c\u0169ng \u0111\u01b0\u1ee3c s\u1eed d\u1ee5ng theo c\u1eb7p v\u00e0 \u0111\u01b0\u1ee3c s\u1ea3n xu\u1ea5t t\u1eeb \u200b\u200bc\u00e1c v\u1eadt li\u1ec7u t\u01b0\u01a1ng t\u1ef1 nh\u01b0 v\u1eadt li\u1ec7u c\u1ee7a m\u1eb7t b\u00edch, \u0111i\u1ec1u n\u00e0y \u0111\u1ea3m b\u1ea3o t\u00ednh t\u01b0\u01a1ng th\u00edch c\u1ee7a v\u1eadt li\u1ec7u.<\/p>\n<p>\u0110\u01b0\u1ee3c s\u1eed d\u1ee5ng tr\u00ean c\u00e1c b\u1ed9 trao \u0111\u1ed5i nhi\u1ec7t ho\u1eb7c m\u1eb7t b\u00edch \u1ed1ng kh\u00f3 b\u1ecbt k\u00edn, ch\u1ecbu m\u1ee9c \u0111\u1ed9 chu k\u1ef3 v\u00e0 bi\u1ebfn \u0111\u1ed9ng nhi\u1ec7t \u0111\u1ed9 c\u1ef1c \u0111\u1ed9.<\/p>\n","protected":false},"featured_media":1633,"template":"","meta":[],"product_cat":[240,252],"product_tag":[],"class_list":{"0":"post-1632","1":"product","2":"type-product","3":"status-publish","4":"has-post-thumbnail","6":"product_cat-klinger","7":"product_cat-metallic-gaskets","9":"first","10":"instock","11":"shipping-taxable","12":"product-type-simple"},"_links":{"self":[{"href":"https:\/\/sval.vn\/vi\/wp-json\/wp\/v2\/product\/1632"}],"collection":[{"href":"https:\/\/sval.vn\/vi\/wp-json\/wp\/v2\/product"}],"about":[{"href":"https:\/\/sval.vn\/vi\/wp-json\/wp\/v2\/types\/product"}],"wp:featuredmedia":[{"embeddable":true,"href":"https:\/\/sval.vn\/vi\/wp-json\/wp\/v2\/media\/1633"}],"wp:attachment":[{"href":"https:\/\/sval.vn\/vi\/wp-json\/wp\/v2\/media?parent=1632"}],"wp:term":[{"taxonomy":"product_cat","embeddable":true,"href":"https:\/\/sval.vn\/vi\/wp-json\/wp\/v2\/product_cat?post=1632"},{"taxonomy":"product_tag","embeddable":true,"href":"https:\/\/sval.vn\/vi\/wp-json\/wp\/v2\/product_tag?post=1632"}],"curies":[{"name":"wp","href":"https:\/\/api.w.org\/{rel}","templated":true}]}}