{"id":1627,"date":"2024-09-23T06:28:58","date_gmt":"2024-09-23T06:28:58","guid":{"rendered":"https:\/\/sval.vn\/?post_type=product&#038;p=1627"},"modified":"2024-10-12T05:55:09","modified_gmt":"2024-10-12T05:55:09","slug":"klingermaxiprofile-109","status":"publish","type":"product","link":"https:\/\/sval.vn\/vi\/san-pham\/klingermaxiprofile-109\/","title":{"rendered":"KLINGER\u00aeMaxiprofile 109"},"content":{"rendered":"<strong>\u1ee8ng d\u1ee5ng c\u1ee7a Gio\u0103ng Maxiprofile<\/strong><\/p>\n<p>&nbsp;<\/p>\n<p>M\u1eb7t b\u00edch ti\u00eau chu\u1ea9n, B\u1ed9 trao \u0111\u1ed5i nhi\u1ec7t v\u00e0 \u1ee9ng d\u1ee5ng b\u00ecnh ch\u1ee9a<\/p>\n<p>Nhi\u1ec7t \u0111\u1ed9 cao v\u00e0 th\u1ea5p<\/p>\n<p>\u00c1p su\u1ea5t l\u00ean \u0111\u1ebfn 400 bar<\/p>\n<p>T\u1ea3i tr\u1ecdng bu l\u00f4ng th\u1ea5p<\/p>\n<p>Chi\u1ec1u r\u1ed9ng m\u1eb7t b\u00edch h\u1eb9p<\/p>\n<p>M\u1eb7t b\u00edch b\u1ecb h\u1ecfng<\/p>\n<p>C\u00f3 nhi\u1ec1u \u1ee9ng su\u1ea5t \u0111\u1ecbnh v\u1ecb kh\u00e1c nhau m\u00e0 l\u1edbp \u0111\u1ec7m b\u1ecb \u1ea3nh h\u01b0\u1edfng v\u00e0 duy tr\u00ec.<\/p>\n<p>C\u00f3 th\u1ec3 s\u1eed d\u1ee5ng khi kh\u00f4ng c\u00f3 \u0111\u1ee7 t\u1ea3i tr\u1ecdng bu l\u00f4ng \u0111\u1ec3 \u0111\u1ec7m k\u00edn c\u00e1c v\u1eadt li\u1ec7u gio\u0103ng th\u00f4ng th\u01b0\u1eddng.<\/p>\n<p>D\u1ec5 d\u00e0ng x\u1eed l\u00fd v\u00e0 l\u1eafp \u0111\u1eb7t<\/p>\n<p>Th\u00edch h\u1ee3p cho nhi\u1ec1u \u0111i\u1ec1u ki\u1ec7n v\u1eadn h\u00e0nh kh\u00e1c nhau.<\/p>\n<p>L\u1edbp ph\u1ee7 m\u1ec1m ng\u0103n ng\u1eeba h\u01b0 h\u1ecfng m\u1eb7t b\u00edch.<\/p>\n<p>Cung c\u1ea5p l\u1edbp \u0111\u1ec7m to\u00e0n v\u1eb9n cao bao g\u1ed3m c\u1ea3 trong \u0111i\u1ec1u ki\u1ec7n chu tr\u00ecnh nhi\u1ec7t v\u00e0 t\u1ea3i tr\u1ecdng va \u0111\u1eadp.<\/p>\n<p>C\u00f3 th\u1ec3 t\u00e2n trang l\u1ea1i b\u1eb1ng l\u1edbp ph\u1ee7 m\u1edbi v\u00e0 t\u00e1i s\u1eed d\u1ee5ng.<\/p>\n<p>C\u00f3 th\u1ec3 s\u1ea3n xu\u1ea5t theo nhi\u1ec1u k\u00edch th\u01b0\u1edbc v\u00e0 h\u00ecnh d\u1ea1ng kh\u00e1c nhau t\u00f9y theo thi\u1ebft k\u1ebf c\u1ee7a kh\u00e1ch h\u00e0ng<\/p>\n<p>C\u00f3 nhi\u1ec1u ki\u1ec3u Maxiprofile.<\/p>\n<p>T\u1ea5t c\u1ea3 \u0111\u1ec1u c\u00f3 th\u1ec3 \u0111\u01b0\u1ee3c cung c\u1ea5p k\u00e8m theo thanh \u0111\u1ec3 ph\u00f9 h\u1ee3p v\u1edbi c\u1ea5u h\u00ecnh b\u1ed9 trao \u0111\u1ed5i nhi\u1ec7t.<\/p>\n<p>C\u00e1c m\u1ed1i n\u1ed1i c\u00f3 h\u00ecnh d\u1ea1ng l\u1ed3i CA1,2&amp;3 theo c\u00f9ng ki\u1ec3u v\u1edbi LA 1, 2 v\u00e0 3. H\u00ecnh d\u1ea1ng l\u1ed3i \u0111\u01b0\u1ee3c thi\u1ebft k\u1ebf \u0111\u1ec3 h\u1ed7 tr\u1ee3 vi\u1ec7c b\u1ecbt k\u00edn trong c\u00e1c \u1ee9ng d\u1ee5ng t\u1ea3i bu l\u00f4ng<\/p>\n<p><strong>STYLE LA1<\/strong><\/p>\n<p><img loading=\"lazy\" decoding=\"async\" class=\"alignnone wp-image-987453629 size-medium\" src=\"http:\/\/www.khonglieng.com.sg\/wp-content\/uploads\/Style-LA1-300x300.jpg\" sizes=\"(max-width: 300px) 100vw, 300px\" srcset=\"https:\/\/khonglieng.com.sg\/wp-content\/uploads\/Style-LA1-300x300.jpg 300w, https:\/\/khonglieng.com.sg\/wp-content\/uploads\/Style-LA1-400x400.jpg 400w, https:\/\/khonglieng.com.sg\/wp-content\/uploads\/Style-LA1-100x100.jpg 100w, https:\/\/khonglieng.com.sg\/wp-content\/uploads\/Style-LA1-510x510.jpg 510w, https:\/\/khonglieng.com.sg\/wp-content\/uploads\/Style-LA1-150x150.jpg 150w, https:\/\/khonglieng.com.sg\/wp-content\/uploads\/Style-LA1-768x768.jpg 768w, https:\/\/khonglieng.com.sg\/wp-content\/uploads\/Style-LA1.jpg 1000w\" alt=\"Style LA1\" width=\"300\" height=\"300\" \/><\/p>\n<p>M\u1ed1i n\u1ed1i \u0111\u1ecbnh h\u00ecnh b\u00ean c\u00f3 v\u00f2ng d\u1eabn h\u01b0\u1edbng cho c\u00e1c \u1ee9ng d\u1ee5ng m\u1eb7t ph\u1eb3ng v\u00e0 m\u1eb7t n\u00e2ng<\/p>\n<p><strong>STAYLE LA2<\/strong><\/p>\n<p><img loading=\"lazy\" decoding=\"async\" class=\"alignnone size-medium wp-image-987453630\" src=\"http:\/\/www.khonglieng.com.sg\/wp-content\/uploads\/Style-LA2-300x300.jpg\" sizes=\"(max-width: 300px) 100vw, 300px\" srcset=\"https:\/\/khonglieng.com.sg\/wp-content\/uploads\/Style-LA2-300x300.jpg 300w, https:\/\/khonglieng.com.sg\/wp-content\/uploads\/Style-LA2-400x400.jpg 400w, https:\/\/khonglieng.com.sg\/wp-content\/uploads\/Style-LA2-100x100.jpg 100w, https:\/\/khonglieng.com.sg\/wp-content\/uploads\/Style-LA2-510x510.jpg 510w, https:\/\/khonglieng.com.sg\/wp-content\/uploads\/Style-LA2-150x150.jpg 150w, https:\/\/khonglieng.com.sg\/wp-content\/uploads\/Style-LA2-768x768.jpg 768w, https:\/\/khonglieng.com.sg\/wp-content\/uploads\/Style-LA2.jpg 1000w\" alt=\"Style LA2\" width=\"300\" height=\"300\" \/><\/p>\n<p>M\u1ed1i n\u1ed1i \u0111\u1ecbnh h\u00ecnh b\u00ean kh\u00f4ng c\u00f3 v\u00f2ng d\u1eabn h\u01b0\u1edbng cho \u0111\u1ea7u \u0111\u1ef1c v\u00e0 \u0111\u1ea7u c\u00e1i, l\u01b0\u1ee1i v\u00e0 r\u00e3nh v\u00e0 m\u1eb7t b\u00edch r\u00e3nh<\/p>\n<p><strong>STAYLE LA3<\/strong><\/p>\n<p><img loading=\"lazy\" decoding=\"async\" class=\"alignnone wp-image-987453620 size-medium\" src=\"http:\/\/www.khonglieng.com.sg\/wp-content\/uploads\/14.-Style-LA3-1-300x300.jpg\" sizes=\"(max-width: 300px) 100vw, 300px\" srcset=\"https:\/\/khonglieng.com.sg\/wp-content\/uploads\/14.-Style-LA3-1-300x300.jpg 300w, https:\/\/khonglieng.com.sg\/wp-content\/uploads\/14.-Style-LA3-1-400x400.jpg 400w, https:\/\/khonglieng.com.sg\/wp-content\/uploads\/14.-Style-LA3-1-100x100.jpg 100w, https:\/\/khonglieng.com.sg\/wp-content\/uploads\/14.-Style-LA3-1-510x510.jpg 510w, https:\/\/khonglieng.com.sg\/wp-content\/uploads\/14.-Style-LA3-1-150x150.jpg 150w, https:\/\/khonglieng.com.sg\/wp-content\/uploads\/14.-Style-LA3-1-768x768.jpg 768w, https:\/\/khonglieng.com.sg\/wp-content\/uploads\/14.-Style-LA3-1.jpg 1000w\" alt=\"Style LA3\" width=\"300\" height=\"300\" \/><\/p>\n<p>M\u1ed1i n\u1ed1i \u0111\u1ecbnh h\u00ecnh b\u00ean c\u00f3 v\u00f2ng d\u1eabn h\u01b0\u1edbng n\u1ed5i d\u00f9ng cho \u1ee9ng d\u1ee5ng m\u1eb7t ph\u1eb3ng v\u00e0 m\u1eb7t n\u00e2ng.<\/p>\n<div><strong>Thi\u1ebft k\u1ebf l\u00f5i ti\u00eau chu\u1ea9n<\/strong><\/div>\n<div><\/div>\n<div>Thi\u1ebft k\u1ebf l\u00f5i cho ki\u1ec3u Maxifrofile ti\u00eau chu\u1ea9n 109 l\u00e0 song song v\u00e0 \u0111\u01b0\u1ee3c hi\u1ec3n th\u1ecb b\u00ean d\u01b0\u1edbi<\/div>\n<p><img loading=\"lazy\" decoding=\"async\" class=\"alignnone wp-image-987453286 size-shop_single\" src=\"http:\/\/www.khonglieng.com.sg\/wp-content\/uploads\/Klinger-Maxiprofile-109-Graph-510x227.jpg\" sizes=\"(max-width: 510px) 100vw, 510px\" srcset=\"https:\/\/khonglieng.com.sg\/wp-content\/uploads\/Klinger-Maxiprofile-109-Graph-510x227.jpg 510w, https:\/\/khonglieng.com.sg\/wp-content\/uploads\/Klinger-Maxiprofile-109-Graph-300x134.jpg 300w, https:\/\/khonglieng.com.sg\/wp-content\/uploads\/Klinger-Maxiprofile-109-Graph-768x342.jpg 768w, https:\/\/khonglieng.com.sg\/wp-content\/uploads\/Klinger-Maxiprofile-109-Graph.jpg 886w\" alt=\"Klinger Maxiprofile 109 Graph\" width=\"510\" height=\"227\" \/><\/p>\n<div><strong>V\u1eadt li\u1ec7u \u1ed1p<\/strong><\/div>\n<div><\/div>\n<div>Graphite gi\u00e3n n\u1edf l\u00e0 v\u1eadt li\u1ec7u \u1ed1p ph\u1ed5 bi\u1ebfn nh\u1ea5t \u0111\u01b0\u1ee3c s\u1eed d\u1ee5ng cho mi\u1ebfng \u0111\u1ec7m Maxiprofile. Tuy nhi\u00ean, c\u00f3 th\u1ec3 s\u1eed d\u1ee5ng c\u00e1c v\u1eadt li\u1ec7u kh\u00e1c, ch\u1eb3ng h\u1ea1n nh\u01b0 PTFE cho c\u00e1c nhi\u1ec7m v\u1ee5 c\u00f3 t\u00ednh \u0103n m\u00f2n h\u00f3a h\u1ecdc ho\u1eb7c mica cho c\u00e1c nhi\u1ec7m v\u1ee5 nhi\u1ec7t \u0111\u1ed9 cao.<\/div>\n<div><\/div>\n<div><strong>V\u1eadt li\u1ec7u \u1ed1p nhi\u1ec7t \u0111\u1ed9 ho\u1ea1t \u0111\u1ed9ng t\u1ed1i thi\u1ec3u v\u00e0 t\u1ed1i \u0111a<\/strong><\/div>\n<table>\n<tbody>\n<tr>\n<td width=\"20{281c20df6ecee21acc1933c886f5c8d85907f3875beafbde0dffcf4171fbe98e}\">Graphite<\/td>\n<td width=\"80{281c20df6ecee21acc1933c886f5c8d85907f3875beafbde0dffcf4171fbe98e}\">-200 to 500\u00b0C<\/td>\n<\/tr>\n<tr>\n<td>PTFE<\/td>\n<td>-200 to 260\u00b0C<\/td>\n<\/tr>\n<tr>\n<td>Mica<\/td>\n<td>to 1000\u00b0C<\/td>\n<\/tr>\n<tr>\n<td>KLINGERSIL<span class=\"small\"><sup>\u00ae<\/sup><\/span>C-4430<\/td>\n<td>-196 to 250\u00b0C<\/td>\n<\/tr>\n<\/tbody>\n<\/table>\n<p>Nhi\u1ec7t \u0111\u1ed9 t\u1ed1i \u0111a c\u1ee7a v\u1eadt li\u1ec7u l\u00f5i<\/p>\n<table>\n<tbody>\n<tr>\n<td width=\"20{281c20df6ecee21acc1933c886f5c8d85907f3875beafbde0dffcf4171fbe98e}\">316L Stainless Steel<\/td>\n<td width=\"80{281c20df6ecee21acc1933c886f5c8d85907f3875beafbde0dffcf4171fbe98e}\">800\u00b0C<\/td>\n<\/tr>\n<tr>\n<td>304 Stainless Steel<\/td>\n<td>650\u00b0C<\/td>\n<\/tr>\n<tr>\n<td>Duplex UN S31803<\/td>\n<td>800\u00b0C<\/td>\n<\/tr>\n<tr>\n<td>347 Stainless Steel<\/td>\n<td>870\u00b0C<\/td>\n<\/tr>\n<tr>\n<td>321 Stainless Steel<\/td>\n<td>870\u00b0C<\/td>\n<\/tr>\n<tr>\n<td>Super Duplex<\/td>\n<td>600\u00b0C<\/td>\n<\/tr>\n<tr>\n<td>Inconel 600 &amp; 625<\/td>\n<td>1000\u00b0C<\/td>\n<\/tr>\n<tr>\n<td>Incoloy 825<\/td>\n<td>600\u00b0C<\/td>\n<\/tr>\n<tr>\n<td>Monel 400<\/td>\n<td>800\u00b0C<\/td>\n<\/tr>\n<tr>\n<td>Nickel 200<\/td>\n<td>600\u00b0C<\/td>\n<\/tr>\n<tr>\n<td>Titanium Gr7 &amp; Gr2<\/td>\n<td>500\u00b0C<\/td>\n<\/tr>\n<tr>\n<td>Hastelloy B-2\/B-3<\/td>\n<td>700\u00b0C<\/td>\n<\/tr>\n<tr>\n<td>Hastelloy C-276<\/td>\n<td>700\u00b0C<\/td>\n<\/tr>\n<tr>\n<td>Alloy 20<\/td>\n<td>600\u00b0C<\/td>\n<\/tr>\n<\/tbody>\n<\/table>\n<p>\u0110\u1ed1i v\u1edbi t\u1ea5t c\u1ea3 c\u00e1c v\u1eadt li\u1ec7u c\u1ed1t l\u00f5i kh\u00e1c, vui l\u00f2ng tham kh\u1ea3o Sval.","protected":false},"excerpt":{"rendered":"<p><strong>\u0110\u1eb7c \u0111i\u1ec3m &amp; \u1ee9ng d\u1ee5ng ch\u00ednh<\/strong><\/p>\n<p>Maxiprofile l\u00e0 mi\u1ebfng \u0111\u1ec7m composite, s\u1eed d\u1ee5ng l\u00f5i kim lo\u1ea1i r\u0103ng c\u01b0a v\u1edbi v\u1eadt li\u1ec7u m\u1eb7t m\u1ec1m. L\u00f5i kim lo\u1ea1i \u0111\u01b0\u1ee3c gia c\u00f4ng tr\u00ean m\u1ed7i m\u1eb7t ti\u1ebfp x\u00fac v\u1edbi c\u00e1c r\u0103ng c\u01b0a \u0111\u1ed3ng t\u00e2m theo m\u1ed9t c\u1ea5u h\u00ecnh c\u1ee5 th\u1ec3 t\u1ea1o ra c\u00e1c v\u00f9ng ch\u1ecbu \u00e1p su\u1ea5t cao, \u0111\u1ea3m b\u1ea3o l\u1edbp ph\u1ee7 m\u1ec1m ch\u1ea3y v\u00e0o m\u1ecdi khuy\u1ebft \u0111i\u1ec3m tr\u00ean m\u1eb7t b\u00edch ngay c\u1ea3 khi t\u1ea3i bu l\u00f4ng t\u01b0\u01a1ng \u0111\u1ed1i th\u1ea5p.<\/p>\n<p>Thi\u1ebft k\u1ebf l\u00f5i ti\u00eau chu\u1ea9n l\u00e0 song song, mang l\u1ea1i l\u1ee3i th\u1ebf ph\u00e2n b\u1ed5 \u1ee9ng su\u1ea5t \u0111\u1ec1u tr\u00ean to\u00e0n b\u1ed9 m\u1eb7t mi\u1ebfng \u0111\u1ec7m. Maxiprofile l\u1ed3i c\u0169ng c\u00f3 s\u1eb5n v\u1edbi \u0111\u1ed9 s\u00e2u r\u00e3nh gi\u1ea3m v\u1ec1 ph\u00eda t\u00e2m c\u1ea5u h\u00ecnh. Lo\u1ea1i c\u1ea5u h\u00ecnh n\u00e0y \u0111\u1ea3m b\u1ea3o \u1ee9ng su\u1ea5t ng\u1ed3i cao \u1edf gi\u1eefa c\u1ea5u h\u00ecnh v\u00e0 hi\u1ec7u qu\u1ea3 cho c\u00e1c \u1ee9ng d\u1ee5ng t\u1ea3i bu l\u00f4ng th\u1ea5p.<\/p>\n<p>K\u1ebft qu\u1ea3 l\u00e0 m\u1ed9t mi\u1ebfng \u0111\u1ec7m k\u1ebft h\u1ee3p c\u00e1c l\u1ee3i \u00edch c\u1ee7a v\u1eadt li\u1ec7u c\u1eaft m\u1ec1m v\u1edbi c\u00e1c l\u1ee3i th\u1ebf v\u1ec1 t\u00ednh to\u00e0n v\u1eb9n c\u1ee7a l\u1edbp \u0111\u1ec7m li\u00ean quan \u0111\u1ebfn mi\u1ebfng \u0111\u1ec7m kim lo\u1ea1i. Maxiprofile lo\u1ea1i 109 cho k\u1ebft qu\u1ea3 tuy\u1ec7t v\u1eddi, \u0111\u1eb7c bi\u1ec7t l\u00e0 khi c\u1ea7n ki\u1ec3m so\u00e1t \u00e1p su\u1ea5t, nhi\u1ec7t \u0111\u1ed9 cao v\u00e0 do \u0111\u00f3, t\u1ea3i bu l\u00f4ng cao.<\/p>\n<p>C\u00f3 th\u1ec3 \u00e1p d\u1ee5ng nhi\u1ec1u l\u1edbp ph\u1ee7 b\u1ec1 m\u1eb7t kh\u00e1c nhau \u0111\u1ec3 ph\u1ee5c v\u1ee5 c\u00e1c \u1ee9ng d\u1ee5ng c\u00f3 nhi\u1ec7t \u0111\u1ed9 cao, \u00e1p su\u1ea5t cao ho\u1eb7c m\u00f4i tr\u01b0\u1eddng \u0103n m\u00f2n. Ph\u1ea1m vi nhi\u1ec7t \u0111\u1ed9 t\u1eeb nhi\u1ec7t \u0111\u1ed9 \u0111\u00f4ng l\u1ea1nh \u0111\u1ebfn 1000\u00b0C v\u1edbi kh\u1ea3 n\u0103ng ch\u1ed1ng h\u00f3a ch\u1ea5t r\u1ed9ng.<\/p>\n","protected":false},"featured_media":1628,"template":"","meta":[],"product_cat":[240,252],"product_tag":[],"class_list":{"0":"post-1627","1":"product","2":"type-product","3":"status-publish","4":"has-post-thumbnail","6":"product_cat-klinger","7":"product_cat-metallic-gaskets","9":"first","10":"instock","11":"shipping-taxable","12":"product-type-simple"},"_links":{"self":[{"href":"https:\/\/sval.vn\/vi\/wp-json\/wp\/v2\/product\/1627"}],"collection":[{"href":"https:\/\/sval.vn\/vi\/wp-json\/wp\/v2\/product"}],"about":[{"href":"https:\/\/sval.vn\/vi\/wp-json\/wp\/v2\/types\/product"}],"wp:featuredmedia":[{"embeddable":true,"href":"https:\/\/sval.vn\/vi\/wp-json\/wp\/v2\/media\/1628"}],"wp:attachment":[{"href":"https:\/\/sval.vn\/vi\/wp-json\/wp\/v2\/media?parent=1627"}],"wp:term":[{"taxonomy":"product_cat","embeddable":true,"href":"https:\/\/sval.vn\/vi\/wp-json\/wp\/v2\/product_cat?post=1627"},{"taxonomy":"product_tag","embeddable":true,"href":"https:\/\/sval.vn\/vi\/wp-json\/wp\/v2\/product_tag?post=1627"}],"curies":[{"name":"wp","href":"https:\/\/api.w.org\/{rel}","templated":true}]}}