{"id":1625,"date":"2024-09-23T06:27:43","date_gmt":"2024-09-23T06:27:43","guid":{"rendered":"https:\/\/sval.vn\/?post_type=product&#038;p=1625"},"modified":"2024-10-12T05:39:33","modified_gmt":"2024-10-12T05:39:33","slug":"metal-jacketed-gaskets","status":"publish","type":"product","link":"https:\/\/sval.vn\/vi\/san-pham\/metal-jacketed-gaskets\/","title":{"rendered":"Metal Jacketed Gaskets"},"content":{"rendered":"<strong>T\u00ednh ch\u1ea5t chung<\/strong><\/p>\n<p>Ti\u1ebft ki\u1ec7m<\/p>\n<p>D\u1ec5 x\u1eed l\u00fd v\u00e0 l\u1eafp \u0111\u1eb7t<\/p>\n<p>Th\u00edch h\u1ee3p cho nhi\u1ec7t \u0111\u1ed9 cao<\/p>\n<p>Th\u00edch h\u1ee3p cho m\u1eb7t b\u00edch h\u1eb9p<\/p>\n<p>Kh\u1ea3 n\u0103ng ch\u1ed1ng th\u1ed5i t\u1ed1t<\/p>\n<p><strong>\u1ee8ng d\u1ee5ng<\/strong><\/p>\n<p>B\u1ed9 trao \u0111\u1ed5i nhi\u1ec7t<\/p>\n<p>Kh\u00ed th\u1ea3i<\/p>\n<p>Gio\u0103ng n\u1eafp van<\/p>\n<p>M\u1eb7t b\u00edch h\u1eb9p<\/p>\n<p>&nbsp;<\/p>\n<p><strong>Style 100<\/strong><\/p>\n<p><img loading=\"lazy\" decoding=\"async\" class=\"alignnone size-full wp-image-987451915\" src=\"http:\/\/www.khonglieng.com.sg\/wp-content\/uploads\/2017\/06\/1.png\" alt=\"Style 100\" width=\"186\" height=\"97\" \/><\/p>\n<p><strong>Gio\u0103ng hai l\u1edbp<\/strong><\/p>\n<p>\u0110\u01b0\u1ee3c ch\u1ebf t\u1ea1o b\u1eb1ng ch\u1ea5t \u0111\u1ed9n m\u1ec1m \u0111\u01b0\u1ee3c bao b\u1ecdc b\u1edfi l\u1edbp v\u1ecf kim lo\u1ea1i v\u00e0 mi\u1ebfng ch\u00e8n. \u0110\u01b0\u1ee3c thi\u1ebft k\u1ebf \u0111\u1ec3 s\u1eed d\u1ee5ng trong c\u00e1c \u1ee9ng d\u1ee5ng c\u00f3 nhi\u1ec7t \u0111\u1ed9 v\u00e0 \u00e1p su\u1ea5t cao.<\/p>\n<p><strong>Style 101<\/strong><\/p>\n<p><img loading=\"lazy\" decoding=\"async\" class=\"alignnone size-full wp-image-987451920\" src=\"http:\/\/www.khonglieng.com.sg\/wp-content\/uploads\/2017\/06\/11.png\" alt=\"Style 101\" width=\"187\" height=\"93\" \/><\/p>\n<p><strong>Gio\u0103ng m\u1ed9t l\u1edbp<\/strong><\/p>\n<p>\u0110\u01b0\u1ee3c ch\u1ebf t\u1ea1o b\u1eb1ng ch\u1ea5t \u0111\u1ed9n m\u1ec1m \u0111\u01b0\u1ee3c bao ph\u1ee7 b\u1edfi l\u1edbp v\u1ecf kim lo\u1ea1i \u1edf c\u1ea3 hai m\u1eb7t v\u00e0 m\u1ed9t m\u1eb7t. Gio\u0103ng l\u00fd t\u01b0\u1edfng cho c\u00e1c \u1ee9ng d\u1ee5ng h\u1eb9p ho\u1eb7c \u0111i\u1ec1u ki\u1ec7n d\u1ecbch v\u1ee5 v\u1eeba ph\u1ea3i.<\/p>\n<p>&nbsp;<\/p>\n<p><strong>Style 102<\/strong><\/p>\n<p><img loading=\"lazy\" decoding=\"async\" class=\"alignnone size-full wp-image-987451919\" src=\"http:\/\/www.khonglieng.com.sg\/wp-content\/uploads\/2017\/06\/5.png\" alt=\"Style 102\" width=\"187\" height=\"96\" \/><\/p>\n<p><strong>Gio\u0103ng m\u1ed9t l\u1edbp ho\u00e0n to\u00e0n k\u00edn<\/strong><\/p>\n<p>\u0110\u01b0\u1ee3c ch\u1ebf t\u1ea1o b\u1eb1ng ch\u1ea5t \u0111\u1ed9n m\u1ec1m \u0111\u01b0\u1ee3c bao b\u1ecdc ho\u00e0n to\u00e0n trong m\u1ed9t l\u1edbp v\u1ecf duy nh\u1ea5t \u0111\u1ec3 s\u1eed d\u1ee5ng trong c\u00e1c \u1ee9ng d\u1ee5ng m\u00e0 chi\u1ec1u r\u1ed9ng kh\u00f4ng cho ph\u00e9p s\u1eed d\u1ee5ng gio\u0103ng hai l\u1edbp.<\/p>\n<p><strong>Style 103<\/strong><\/p>\n<p><img loading=\"lazy\" decoding=\"async\" class=\"alignnone size-full wp-image-987451917\" src=\"http:\/\/www.khonglieng.com.sg\/wp-content\/uploads\/2017\/06\/3.png\" alt=\"Style 103\" width=\"190\" height=\"99\" \/><\/p>\n<p><strong>Gio\u0103ng m\u1ed9t l\u1edbp h\u1edf tr\u00ean \u0111\u01b0\u1eddng k\u00ednh ngo\u00e0i<\/strong><\/p>\n<p>L\u00fd t\u01b0\u1edfng cho c\u00e1c \u1ee9ng d\u1ee5ng h\u1eb9p, n\u01a1i c\u1ea7n b\u1ea3o v\u1ec7 ch\u1ea5t \u0111\u1ed9n m\u1ec1m tr\u00ean \u0111\u01b0\u1eddng k\u00ednh trong. \u0110\u01b0\u1ee3c s\u1eed d\u1ee5ng trong n\u1eafp van, k\u00ednh quan s\u00e1t v\u00e0 ph\u1edbt ch\u00e2n kh\u00f4ng.<\/p>\n<p><strong>Style 105<\/strong><\/p>\n<p><img loading=\"lazy\" decoding=\"async\" class=\"alignnone size-full wp-image-987451918\" src=\"http:\/\/www.khonglieng.com.sg\/wp-content\/uploads\/2017\/06\/4.png\" alt=\"Style 105\" width=\"187\" height=\"98\" \/><\/p>\n<p><strong>V\u1ecf b\u1ecdc k\u00e9p d\u1ea1ng s\u00f3ng (Ch\u1ea5t \u0111\u1ed9n m\u1ec1m)<\/strong><\/p>\n<p>Di\u1ec7n t\u00edch ti\u1ebfp x\u00fac gi\u1ea3m c\u1ee7a k\u1ebft c\u1ea5u gi\u00fap t\u0103ng c\u01b0\u1eddng \u0111\u1eb7c t\u00ednh n\u00e9n, khi\u1ebfn n\u00f3 ph\u00f9 h\u1ee3p h\u01a1n v\u1edbi c\u00e1c \u1ee9ng d\u1ee5ng c\u00f3 t\u1ea3i bu l\u00f4ng th\u1ea5p h\u01a1n ho\u1eb7c n\u01a1i m\u1eb7t b\u00edch kh\u00f4ng \u0111\u1ec1u.","protected":false},"excerpt":{"rendered":"<p>Gio\u0103ng b\u1ecdc kim lo\u1ea1i<\/p>\n<p>Gio\u0103ng b\u1ecdc kim lo\u1ea1i l\u00e0 lo\u1ea1i gio\u0103ng b\u00e1n kim lo\u1ea1i c\u01a1 b\u1ea3n nh\u1ea5t k\u1ebft h\u1ee3p kh\u1ea3 n\u0103ng ch\u1ecbu \u00e1p su\u1ea5t cao v\u00e0 kh\u1ea3 n\u0103ng ch\u1ed1ng th\u1ed5i c\u1ee7a v\u1eadt li\u1ec7u kim lo\u1ea1i v\u1edbi kh\u1ea3 n\u0103ng n\u00e9n \u0111\u01b0\u1ee3c c\u1ea3i thi\u1ec7n c\u1ee7a v\u1eadt li\u1ec7u m\u1ec1m. Gio\u0103ng b\u1ecdc kim lo\u1ea1i cung c\u1ea5p l\u1edbp \u0111\u1ec7m ti\u1ebft ki\u1ec7m khi b\u1ec1 m\u1eb7t \u0111\u1ec7m h\u1eb9p v\u00e0 c\u00f3 th\u1ec3 \u0111\u01b0\u1ee3c s\u1ea3n xu\u1ea5t theo nhi\u1ec1u h\u00ecnh d\u1ea1ng v\u00e0 c\u1ea5u h\u00ecnh kh\u00e1c nhau, khi\u1ebfn ch\u00fang tr\u1edf th\u00e0nh l\u1ef1a ch\u1ecdn t\u1ed1t cho b\u1ed9 trao \u0111\u1ed5i nhi\u1ec7t.<\/p>\n<p>Gio\u0103ng d\u1ea1ng s\u00f3ng l\u00e0 m\u1ed9t nh\u00f3m s\u1ea3n ph\u1ea9m c\u1ef1c k\u1ef3 linh ho\u1ea1t, c\u00f3 nhi\u1ec1u c\u1ea5u h\u00ecnh kh\u00e1c nhau v\u00e0 ph\u00f9 h\u1ee3p v\u1edbi nhi\u1ec1u \u1ee9ng d\u1ee5ng kh\u00e1c nhau. \u0110\u1ec3 c\u1ea3i thi\u1ec7n hi\u1ec7u su\u1ea5t b\u1ecbt k\u00edn, gio\u0103ng d\u1ea1ng s\u00f3ng c\u00f3 th\u1ec3 \u0111\u01b0\u1ee3c ph\u1ee7 m\u1ed9t ph\u1ea7n ho\u1eb7c to\u00e0n b\u1ed9.<\/p>\n<p>Gio\u0103ng b\u1ecdc kim lo\u1ea1i v\u00e0 d\u1ea1ng s\u00f3ng c\u00f3 th\u1ec3 \u0111\u01b0\u1ee3c s\u1ea3n xu\u1ea5t \u0111\u1ec3 ph\u00f9 h\u1ee3p v\u1edbi nhi\u1ec1u m\u00f4i tr\u01b0\u1eddng h\u00f3a ch\u1ea5t b\u1eb1ng c\u00e1ch l\u1ef1a ch\u1ecdn l\u1edbp v\u1ecf h\u1ee3p kim ho\u1eb7c l\u00f5i ph\u00f9 h\u1ee3p. Ch\u1ea5t \u0111\u1ed9n c\u00f3 th\u1ec3 l\u00e0 v\u00e1n \u00e9p kh\u00f4ng ami\u0103ng, v\u1eadt li\u1ec7u t\u1ea5m kh\u00f4ng ami\u0103ng, g\u1ed1m, than ch\u00ec, mica ho\u1eb7c PTFE. \u0110\u1ed9 d\u00e0y ti\u00eau chu\u1ea9n l\u00e0 3,0mm nh\u01b0ng \u0111\u1ed9 d\u00e0y c\u00f3 th\u1ec3 thay \u0111\u1ed5i \u0111\u1ec3 ph\u00f9 h\u1ee3p v\u1edbi y\u00eau c\u1ea7u c\u1ee7a kh\u00e1ch h\u00e0ng.<\/p>\n","protected":false},"featured_media":1626,"template":"","meta":[],"product_cat":[240,252],"product_tag":[],"class_list":{"0":"post-1625","1":"product","2":"type-product","3":"status-publish","4":"has-post-thumbnail","6":"product_cat-klinger","7":"product_cat-metallic-gaskets","9":"first","10":"instock","11":"shipping-taxable","12":"product-type-simple"},"_links":{"self":[{"href":"https:\/\/sval.vn\/vi\/wp-json\/wp\/v2\/product\/1625"}],"collection":[{"href":"https:\/\/sval.vn\/vi\/wp-json\/wp\/v2\/product"}],"about":[{"href":"https:\/\/sval.vn\/vi\/wp-json\/wp\/v2\/types\/product"}],"wp:featuredmedia":[{"embeddable":true,"href":"https:\/\/sval.vn\/vi\/wp-json\/wp\/v2\/media\/1626"}],"wp:attachment":[{"href":"https:\/\/sval.vn\/vi\/wp-json\/wp\/v2\/media?parent=1625"}],"wp:term":[{"taxonomy":"product_cat","embeddable":true,"href":"https:\/\/sval.vn\/vi\/wp-json\/wp\/v2\/product_cat?post=1625"},{"taxonomy":"product_tag","embeddable":true,"href":"https:\/\/sval.vn\/vi\/wp-json\/wp\/v2\/product_tag?post=1625"}],"curies":[{"name":"wp","href":"https:\/\/api.w.org\/{rel}","templated":true}]}}