{"id":1623,"date":"2024-09-23T06:26:41","date_gmt":"2024-09-23T06:26:41","guid":{"rendered":"https:\/\/sval.vn\/?post_type=product&#038;p=1623"},"modified":"2024-10-12T04:49:10","modified_gmt":"2024-10-12T04:49:10","slug":"klinger108","status":"publish","type":"product","link":"https:\/\/sval.vn\/vi\/san-pham\/klinger108\/","title":{"rendered":"KLINGER\u00ae108"},"content":{"rendered":"<strong>L\u1ee3i \u00edch c\u1ee7a mi\u1ebfng \u0111\u1ec7m than ch\u00ec lo\u1ea1i 108 c\u1ee7a Klinger<\/strong><\/p>\n<p>Gi\u00e1 tr\u1ecb \u1ee9ng su\u1ea5t ng\u1ed3i th\u1ea5p<\/p>\n<p>\u0110\u1eb7c t\u00ednh b\u1ecbt k\u00edn tuy\u1ec7t v\u1eddi<\/p>\n<p>Kh\u1ea3 n\u0103ng ch\u1ed1ng \u0103n m\u00f2n tuy\u1ec7t v\u1eddi<\/p>\n<p>C\u00f3 chi\u1ec1u r\u1ed9ng mi\u1ebfng \u0111\u1ec7m h\u1eb9p<\/p>\n<p>\u0110\u1eb7c bi\u1ec7t ph\u00f9 h\u1ee3p v\u1edbi h\u00ecnh ch\u1eef nh\u1eadt ho\u1eb7c kh\u00f4ng tr\u00f2n<\/p>\n<p><strong>V\u1eadt li\u1ec7u<\/strong><\/p>\n<p>Than ch\u00ec t\u00e1ch l\u1edbp nguy\u00ean ch\u1ea5t v\u1edbi l\u00f5i th\u00e9p r\u1eafn. \u0110\u1ec3 bi\u1ebft th\u00eam v\u1ec1 l\u1edbp ph\u1ee7 PTFE, h\u00e3y tham kh\u1ea3o Khong Lieng.<\/p>\n<p>Th\u00f4ng s\u1ed1 k\u1ef9 thu\u1eadt ti\u00eau bi\u1ec3u<\/p>\n<p>V\u1eadt li\u1ec7u: Ti\u00eau bi\u1ec3u, 316L \/ Than ch\u00ec. C\u00f3 nhi\u1ec1u lo\u1ea1i l\u00f5i kh\u00e1c nhau.<\/p>\n<p>Nhi\u1ec7t \u0111\u1ed9: -200 \u0111\u1ebfn +450\u00b0C<\/p>\n<p>\u00c1p su\u1ea5t: \u0110\u1ebfn 900 psi (62 bar). \u0110\u1ed1i v\u1edbi \u00e1p su\u1ea5t l\u00ean \u0111\u1ebfn 1450 psi (100 bar), vui l\u00f2ng tham kh\u1ea3o Khong Lieng.<\/p>\n<p>\u0110\u1ed1i v\u1edbi d\u1ecbch v\u1ee5 \u00e1p su\u1ea5t cao h\u01a1n, h\u00e3y tham kh\u1ea3o mi\u1ebfng \u0111\u1ec7m Klinger Maxiprofile 109.<\/p>\n<p>\u0110\u1ed9 d\u00e0y: L\u00f5i: 3,0mm (ti\u00eau chu\u1ea9n) ho\u1eb7c theo ch\u1ec9 \u0111\u1ecbnh c\u1ee7a kh\u00e1ch h\u00e0ng. M\u1eb7t: 0,5mm.<\/p>\n<p>\u0110\u1ed9 tinh khi\u1ebft ti\u00eau chu\u1ea9n c\u1ee7a than ch\u00ec, &gt;98% than ch\u00ec, m\u1eadt \u0111\u1ed9 1,0g. cm3","protected":false},"excerpt":{"rendered":"<p><strong>\u0110\u1eb7c \u0111i\u1ec3m &amp; \u1ee9ng d\u1ee5ng ch\u00ednh<\/strong><\/p>\n<p>Klinger Style 108 l\u00e0 mi\u1ebfng \u0111\u1ec7m nhi\u1ec1u l\u1edbp c\u1ee9ng g\u1ed3m c\u00e1c l\u1edbp than ch\u00ec li\u00ean k\u1ebft v\u1edbi m\u1ed7i m\u1eb7t c\u1ee7a l\u00f5i th\u00e9p r\u1eafn. Mi\u1ebfng \u0111\u1ec7m Klinger graphite Style 108 ban \u0111\u1ea7u \u0111\u01b0\u1ee3c thi\u1ebft k\u1ebf \u0111\u1ec3 cung c\u1ea5p mi\u1ebfng \u0111\u1ec7m thay th\u1ebf hi\u1ec7u su\u1ea5t cao, \u1ee9ng su\u1ea5t ng\u1ed3i th\u1ea5p cho mi\u1ebfng \u0111\u1ec7m s\u1ee3i ami\u0103ng n\u00e9n v\u00e0 c\u00f3 v\u1ecf b\u1ecdc kim lo\u1ea1i truy\u1ec1n th\u1ed1ng \u0111\u01b0\u1ee3c s\u1eed d\u1ee5ng trong c\u00e1c \u1ee9ng d\u1ee5ng trao \u0111\u1ed5i nhi\u1ec7t.<\/p>\n<p>L\u00f5i c\u1ee7a Style 108 c\u00f3 th\u1ec3 t\u00e1i s\u1eed d\u1ee5ng n\u1ebfu \u0111\u01b0\u1ee3c s\u1ea3n xu\u1ea5t t\u1eeb \u200b\u200bv\u1eadt li\u1ec7u ch\u1ea5t l\u01b0\u1ee3ng ph\u00f9 h\u1ee3p cho \u1ee9ng d\u1ee5ng. C\u00f3 th\u1ec3 c\u1eaft laser th\u00e0nh nhi\u1ec1u c\u1ea5u h\u00ecnh \u0111\u1ec3 ph\u00f9 h\u1ee3p v\u1edbi nhi\u1ec1u c\u1ea5u h\u00ecnh mi\u1ebfng \u0111\u1ec7m kh\u00e1c nhau cho b\u1ed9 trao \u0111\u1ed5i nhi\u1ec7t.<\/p>\n","protected":false},"featured_media":1624,"template":"","meta":[],"product_cat":[240,252],"product_tag":[],"class_list":{"0":"post-1623","1":"product","2":"type-product","3":"status-publish","4":"has-post-thumbnail","6":"product_cat-klinger","7":"product_cat-metallic-gaskets","9":"first","10":"instock","11":"shipping-taxable","12":"product-type-simple"},"_links":{"self":[{"href":"https:\/\/sval.vn\/vi\/wp-json\/wp\/v2\/product\/1623"}],"collection":[{"href":"https:\/\/sval.vn\/vi\/wp-json\/wp\/v2\/product"}],"about":[{"href":"https:\/\/sval.vn\/vi\/wp-json\/wp\/v2\/types\/product"}],"wp:featuredmedia":[{"embeddable":true,"href":"https:\/\/sval.vn\/vi\/wp-json\/wp\/v2\/media\/1624"}],"wp:attachment":[{"href":"https:\/\/sval.vn\/vi\/wp-json\/wp\/v2\/media?parent=1623"}],"wp:term":[{"taxonomy":"product_cat","embeddable":true,"href":"https:\/\/sval.vn\/vi\/wp-json\/wp\/v2\/product_cat?post=1623"},{"taxonomy":"product_tag","embeddable":true,"href":"https:\/\/sval.vn\/vi\/wp-json\/wp\/v2\/product_tag?post=1623"}],"curies":[{"name":"wp","href":"https:\/\/api.w.org\/{rel}","templated":true}]}}