{"id":1621,"date":"2024-09-23T06:25:58","date_gmt":"2024-09-23T06:25:58","guid":{"rendered":"https:\/\/sval.vn\/?post_type=product&#038;p=1621"},"modified":"2024-10-12T09:01:54","modified_gmt":"2024-10-12T09:01:54","slug":"klingermaxigraph-104g","status":"publish","type":"product","link":"https:\/\/sval.vn\/vi\/san-pham\/klingermaxigraph-104g\/","title":{"rendered":"KLINGER\u00aeMaxigraph 104G"},"content":{"rendered":"<strong><span style=\"font-size: 130%;\">M\u00f4 t\u1ea3<\/span><\/strong><\/p>\n<p><img loading=\"lazy\" decoding=\"async\" class=\"alignnone wp-image-987453288 size-medium\" src=\"http:\/\/www.khonglieng.com.sg\/wp-content\/uploads\/Klinger-Maxigraph-104G-Metal-Core_Compressible-sealing-element--300x237.jpg\" sizes=\"(max-width: 300px) 100vw, 300px\" srcset=\"https:\/\/khonglieng.com.sg\/wp-content\/uploads\/Klinger-Maxigraph-104G-Metal-Core_Compressible-sealing-element--300x237.jpg 300w, https:\/\/khonglieng.com.sg\/wp-content\/uploads\/Klinger-Maxigraph-104G-Metal-Core_Compressible-sealing-element--510x402.jpg 510w, https:\/\/khonglieng.com.sg\/wp-content\/uploads\/Klinger-Maxigraph-104G-Metal-Core_Compressible-sealing-element--768x605.jpg 768w, https:\/\/khonglieng.com.sg\/wp-content\/uploads\/Klinger-Maxigraph-104G-Metal-Core_Compressible-sealing-element-.jpg 879w\" alt=\"Klinger Maxigraph 104G Metal Core Compressible Sealing Element\" width=\"300\" height=\"237\" \/><\/p>\n<p><strong>T\u00ednh ch\u1ea5t chung<\/strong><\/p>\n<p>Nhi\u1ec7t \u0111\u1ed9 t\u1eeb -200 \u0111\u1ebfn +450\u00b0C<\/p>\n<p>S\u1eed d\u1ee5ng chung \u0111\u1ebfn 600 psi \u0110\u1ed1i v\u1edbi \u00e1p su\u1ea5t l\u00ean \u0111\u1ebfn 1450 psi, vui l\u00f2ng li\u00ean h\u1ec7 v\u1edbi Khong Lieng.<\/p>\n<p>T\u00ednh ch\u1ea5t v\u1eadt l\u00fd<\/p>\n<p>\u0110\u1ed9 d\u00e0y danh ngh\u0129a c\u1ee7a l\u00f5i kim lo\u1ea1i: 0,5 mm (ti\u00eau chu\u1ea9n), 0,6 mm v\u00e0 0,7 mm, tr\u01b0\u1edbc khi t\u1ea1o s\u00f3ng.<\/p>\n<p>Trong \u0111i\u1ec1u ki\u1ec7n giao h\u00e0ng, t\u1ed5ng \u0111\u1ed9 d\u00e0y c\u1ee7a mi\u1ebfng \u0111\u1ec7m c\u00f3 l\u1edbp than ch\u00ec l\u00ean t\u1edbi x\u1ea5p x\u1ec9 2,3mm, t\u1ea1o ra t\u1eeb v\u00f2ng l\u01b0\u1ee3n s\u00f3ng 1,3mm v\u00e0 m\u1ed9t l\u1edbp than ch\u00ec 0,5 m\u1ed7i b\u00ean<\/p>\n<p>B\u01b0\u1edbc s\u00f3ng danh ngh\u0129a c\u1ee7a c\u00e1c l\u1edbp l\u01b0\u1ee3n s\u00f3ng: t\u1ed1i \u0111a 3mm<\/p>\n<p>\u0110\u1ed9 d\u00e0y m\u1eb7t than ch\u00ec: 0,5mm ti\u00eau chu\u1ea9n v\u00e0 0,8mm theo y\u00eau c\u1ea7u<\/p>\n<p>C\u0169ng c\u00f3 s\u1eb5n v\u1edbi L\u1ed7 khoen h\u00ecnh ch\u1eef U \u0111\u01b0\u1ee3c l\u1eafp v\u00e0o l\u1ed7 khoan v\u00e0 chu vi b\u00ean ngo\u00e0i c\u1ee7a mi\u1ebfng \u0111\u1ec7m. L\u1ed7 khoen \u0111\u01b0\u1ee3c l\u1eafp v\u00e0o l\u1ed7 khoan gi\u00fap ng\u0103n ng\u1eeba \u00f4 nhi\u1ec5m m\u00f4i tr\u01b0\u1eddng x\u1eed l\u00fd v\u00e0 b\u1ea3o v\u1ec7 than ch\u00ec kh\u1ecfi m\u00f4i tr\u01b0\u1eddng x\u1eed l\u00fd.<\/p>\n<p>\u0110\u1ed9 tinh khi\u1ebft ti\u00eau chu\u1ea9n c\u1ee7a than ch\u00ec, &gt;98% than ch\u00ec, m\u1eadt \u0111\u1ed9 1,0g. cm3","protected":false},"excerpt":{"rendered":"<p><strong>\u0110\u1eb7c \u0111i\u1ec3m &amp; \u1ee9ng d\u1ee5ng ch\u00ednh<\/strong><\/p>\n<p>Gio\u0103ng Maxigraph Style 104G \u0111\u01b0\u1ee3c s\u1ea3n xu\u1ea5t t\u1eeb \u200b\u200bc\u00e1c v\u00f2ng kim lo\u1ea1i g\u1ee3n s\u00f3ng v\u1edbi l\u1edbp than ch\u00ec \u1edf c\u1ea3 hai m\u1eb7t, do \u0111\u00f3 t\u1ea1o ra m\u1ed9t gio\u0103ng k\u00edn m\u1ec1m ban \u0111\u1ea7u cho ph\u00e9p \u0111\u1ea1t \u0111\u01b0\u1ee3c \u0111\u1ed9 k\u00edn hi\u1ec7u qu\u1ea3 \u1edf m\u1ee9c \u1ee9ng su\u1ea5t ban \u0111\u1ea7u th\u1ea5p.<\/p>\n<p>Ch\u00fang l\u00e0 m\u1ed9t gio\u0103ng ph\u1ed5 th\u00f4ng cho nhi\u1ec1u \u1ee9ng d\u1ee5ng nh\u01b0ng \u0111\u1eb7c bi\u1ec7t ph\u00f9 h\u1ee3p v\u1edbi c\u00e1c \u1ee9ng d\u1ee5ng li\u00ean quan \u0111\u1ebfn m\u1eb7t b\u00edch h\u1eb9p ho\u1eb7c n\u01a1i t\u1ea3i bu l\u00f4ng th\u1ea5p. Do \u0111\u1eb7c t\u00ednh b\u1ecbt k\u00edn c\u1ee7a gio\u0103ng g\u1ee3n s\u00f3ng m\u1eb7t, ch\u00fang l\u00e0 s\u1ef1 thay th\u1ebf tuy\u1ec7t v\u1eddi cho gio\u0103ng CAF ho\u1eb7c cho gio\u0103ng g\u1ee3n s\u00f3ng c\u00f3 l\u1edbp d\u00e2y th\u1eebng ami\u0103ng.<\/p>\n","protected":false},"featured_media":1622,"template":"","meta":[],"product_cat":[240,252],"product_tag":[],"class_list":{"0":"post-1621","1":"product","2":"type-product","3":"status-publish","4":"has-post-thumbnail","6":"product_cat-klinger","7":"product_cat-metallic-gaskets","9":"first","10":"instock","11":"shipping-taxable","12":"product-type-simple"},"_links":{"self":[{"href":"https:\/\/sval.vn\/vi\/wp-json\/wp\/v2\/product\/1621"}],"collection":[{"href":"https:\/\/sval.vn\/vi\/wp-json\/wp\/v2\/product"}],"about":[{"href":"https:\/\/sval.vn\/vi\/wp-json\/wp\/v2\/types\/product"}],"wp:featuredmedia":[{"embeddable":true,"href":"https:\/\/sval.vn\/vi\/wp-json\/wp\/v2\/media\/1622"}],"wp:attachment":[{"href":"https:\/\/sval.vn\/vi\/wp-json\/wp\/v2\/media?parent=1621"}],"wp:term":[{"taxonomy":"product_cat","embeddable":true,"href":"https:\/\/sval.vn\/vi\/wp-json\/wp\/v2\/product_cat?post=1621"},{"taxonomy":"product_tag","embeddable":true,"href":"https:\/\/sval.vn\/vi\/wp-json\/wp\/v2\/product_tag?post=1621"}],"curies":[{"name":"wp","href":"https:\/\/api.w.org\/{rel}","templated":true}]}}