{"id":1617,"date":"2024-09-23T06:22:52","date_gmt":"2024-09-23T06:22:52","guid":{"rendered":"https:\/\/sval.vn\/?post_type=product&#038;p=1617"},"modified":"2024-10-12T08:53:47","modified_gmt":"2024-10-12T08:53:47","slug":"klingersil-c-8200","status":"publish","type":"product","link":"https:\/\/sval.vn\/vi\/san-pham\/klingersil-c-8200\/","title":{"rendered":"KLINGERSIL\u00ae C-8200"},"content":{"rendered":"<strong>V\u1eadt li\u1ec7u<\/strong><\/p>\n<p>S\u1ee3i th\u1ee7y tinh li\u00ean k\u1ebft v\u1edbi ch\u1ea5t \u0111\u00e0n h\u1ed3i \u0111\u1eb7c bi\u1ec7t ch\u1ed1ng axit.<\/p>\n<p><strong>Bi\u1ec3u \u0111\u1ed3 pT<\/strong><\/p>\n<p>Bi\u1ec3u \u0111\u1ed3 pT c\u1ee7a Klinger cung c\u1ea5p h\u01b0\u1edbng d\u1eabn \u0111\u1ec3 x\u00e1c \u0111\u1ecbnh t\u00ednh ph\u00f9 h\u1ee3p c\u1ee7a v\u1eadt li\u1ec7u gio\u0103ng c\u1ee5 th\u1ec3 cho m\u1ed9t \u1ee9ng d\u1ee5ng c\u1ee5 th\u1ec3 ch\u1ec9 d\u1ef1a tr\u00ean nhi\u1ec7t \u0111\u1ed9 v\u00e0 \u00e1p su\u1ea5t ho\u1ea1t \u0111\u1ed9ng. Lu\u00f4n tham kh\u1ea3o kh\u1ea3 n\u0103ng ch\u1ed1ng h\u00f3a ch\u1ea5t c\u1ee7a gio\u0103ng \u0111\u1ed1i v\u1edbi ch\u1ea5t l\u1ecfng.<\/p>\n<p><img loading=\"lazy\" decoding=\"async\" class=\"alignnone wp-image-987452517\" src=\"http:\/\/www.khonglieng.com.sg\/wp-content\/uploads\/klingersil-c8200-diagram.gif\" alt=\"\" width=\"400\" height=\"398\" \/><\/p>\n<ol>\n<li>\u1ede khu v\u1ef1c m\u1ed9t, v\u1eadt li\u1ec7u gio\u0103ng th\u01b0\u1eddng ph\u00f9 h\u1ee3p t\u00f9y thu\u1ed9c v\u00e0o kh\u1ea3 n\u0103ng t\u01b0\u01a1ng th\u00edch h\u00f3a h\u1ecdc.<\/li>\n<li>\u1ede khu v\u1ef1c hai, v\u1eadt li\u1ec7u gio\u0103ng c\u00f3 th\u1ec3 ph\u00f9 h\u1ee3p nh\u01b0ng n\u00ean \u0111\u00e1nh gi\u00e1 k\u1ef9 thu\u1eadt.<\/li>\n<li>\u1ede khu v\u1ef1c ba, kh\u00f4ng l\u1eafp gio\u0103ng n\u1ebfu kh\u00f4ng c\u00f3 \u0111\u00e1nh gi\u00e1 k\u1ef9 thu\u1eadt.<\/li>\n<\/ol>\n<p><strong>D\u1eef li\u1ec7u k\u1ef9 thu\u1eadt \u2013 Gi\u00e1 tr\u1ecb ti\u00eau chu\u1ea9n cho \u0111\u1ed9 d\u00e0y 2mm<\/strong><\/p>\n<table>\n<tbody>\n<tr>\n<td class=\"col1\">Compressibility ASTM F 36 J<\/td>\n<td class=\"col2\">9%<\/td>\n<\/tr>\n<tr>\n<td>Recovery ASTM F 36 J min.<\/td>\n<td>55%<\/td>\n<\/tr>\n<tr>\n<td colspan=\"2\"><strong>Klinger cold\/hot compression, 25 MPa<\/strong><\/td>\n<\/tr>\n<tr>\n<td>thickness decrease at 23\u00b0C<\/td>\n<td>7%<\/td>\n<\/tr>\n<tr>\n<td>thickness decrease at 200\u00b0C<\/td>\n<td>17%<\/td>\n<\/tr>\n<tr>\n<td>% Density<\/td>\n<td>1,7g\/cm<span class=\"small\"><sup>3<\/sup><\/span><\/td>\n<\/tr>\n<\/tbody>\n<\/table>\n<p><strong>K\u00edch th\u01b0\u1edbc c\u1ee7a c\u00e1c t\u1ea5m ti\u00eau chu\u1ea9n<\/strong><\/p>\n<p>D\u1eef li\u1ec7u k\u1ef9 thu\u1eadt \u2013 Gi\u00e1 tr\u1ecb ti\u00eau chu\u1ea9n cho \u0111\u1ed9 d\u00e0y 2mm<\/p>\n<p>K\u00edch th\u01b0\u1edbc: 1000 x 1500 mm, 2000 x 1500 mm.<\/p>\n<p>\u0110\u1ed9 d\u00e0y: 0,5 mm, 1,0 mm, 1,5 mm, 2,0 mm, 3,0 mm; \u0111\u1ed9 d\u00e0y v\u00e0 k\u00edch th\u01b0\u1edbc kh\u00e1c theo y\u00eau c\u1ea7u.<\/p>\n<p>Dung sai: \u0110\u1ed9 d\u00e0y theo DIN 28091-1, chi\u1ec1u d\u00e0i \u00b1 50 mm, chi\u1ec1u r\u1ed9ng \u00b1 50 mm.<\/p>\n<p>B\u1ec1 m\u1eb7t<\/p>\n<p>V\u1eadt li\u1ec7u gio\u0103ng KLINGERSIL\u00ae th\u01b0\u1eddng \u0111\u01b0\u1ee3c trang b\u1ecb b\u1ec1 m\u1eb7t c\u00f3 \u0111\u1ed9 b\u00e1m d\u00ednh th\u1ea5p. Theo y\u00eau c\u1ea7u, l\u1edbp ph\u1ee7 graphite v\u00e0 c\u00e1c l\u1edbp ho\u00e0n thi\u1ec7n b\u1ec1 m\u1eb7t kh\u00e1c tr\u00ean m\u1ed9t ho\u1eb7c c\u1ea3 hai m\u1eb7t c\u0169ng c\u00f3 s\u1eb5n.<\/p>\n<p>Ch\u1ee9c n\u0103ng v\u00e0 \u0111\u1ed9 b\u1ec1n<\/p>\n<p>Hi\u1ec7u su\u1ea5t v\u00e0 tu\u1ed5i th\u1ecd c\u1ee7a gio\u0103ng KLINGER ph\u1ee5 thu\u1ed9c ph\u1ea7n l\u1edbn v\u00e0o vi\u1ec7c b\u1ea3o qu\u1ea3n v\u00e0 l\u1eafp \u0111\u1eb7t \u0111\u00fang c\u00e1ch, c\u00e1c y\u1ebfu t\u1ed1 n\u1eb1m ngo\u00e0i t\u1ea7m ki\u1ec3m so\u00e1t c\u1ee7a nh\u00e0 s\u1ea3n xu\u1ea5t. Tuy nhi\u00ean, ch\u00fang t\u00f4i c\u00f3 th\u1ec3 \u0111\u1ea3m b\u1ea3o ch\u1ea5t l\u01b0\u1ee3ng tuy\u1ec7t v\u1eddi c\u1ee7a s\u1ea3n ph\u1ea9m. V\u1edbi l\u01b0u \u00fd n\u00e0y, vui l\u00f2ng tu\u00e2n th\u1ee7 h\u01b0\u1edbng d\u1eabn l\u1eafp \u0111\u1eb7t c\u1ee7a ch\u00fang t\u00f4i.<\/p>\n<p>M\u1ed9t s\u1ed1 lo\u1ea1i v\u1eadt li\u1ec7u gh\u00e9p t\u1ea5m Klinger c\u00f3 th\u1ec3 \u0111\u01b0\u1ee3c cung c\u1ea5p v\u1edbi l\u01b0\u1edbi th\u00e9p ho\u1eb7c c\u1ed1t kim lo\u1ea1i gi\u00e3n n\u1edf.<\/p>\n<p>\u0110\u1ec3 bi\u1ebft th\u00f4ng tin v\u1ec1 v\u1eadt li\u1ec7u an to\u00e0n ch\u00e1y n\u1ed5 theo API ho\u1eb7c ISO c\u0169ng nh\u01b0 c\u00e1c ph\u00ea duy\u1ec7t \u1ee9ng d\u1ee5ng qu\u1ed1c t\u1ebf m\u00e0 v\u1eadt li\u1ec7u Klinger \u0111\u00e3 \u0111\u01b0\u1ee3c th\u1eed nghi\u1ec7m, vui l\u00f2ng li\u00ean h\u1ec7 v\u1edbi ch\u00fang t\u00f4i.","protected":false},"excerpt":{"rendered":"<p><strong>\u0110\u1eb7c \u0111i\u1ec3m &amp; \u1ee9ng d\u1ee5ng ch\u00ednh<\/strong><\/p>\n<p>Gio\u0103ng ch\u1ecbu \u00e1p su\u1ea5t cao cao c\u1ea5p d\u00f9ng v\u1edbi axit.<\/p>\n<p>Ch\u1ecbu \u0111\u01b0\u1ee3c nhi\u1ec1u lo\u1ea1i m\u00f4i tr\u01b0\u1eddng kh\u00e1c nhau.<\/p>\n","protected":false},"featured_media":1618,"template":"","meta":[],"product_cat":[250,240],"product_tag":[],"class_list":{"0":"post-1617","1":"product","2":"type-product","3":"status-publish","4":"has-post-thumbnail","6":"product_cat-jointing-material","7":"product_cat-klinger","9":"first","10":"instock","11":"shipping-taxable","12":"product-type-simple"},"_links":{"self":[{"href":"https:\/\/sval.vn\/vi\/wp-json\/wp\/v2\/product\/1617"}],"collection":[{"href":"https:\/\/sval.vn\/vi\/wp-json\/wp\/v2\/product"}],"about":[{"href":"https:\/\/sval.vn\/vi\/wp-json\/wp\/v2\/types\/product"}],"wp:featuredmedia":[{"embeddable":true,"href":"https:\/\/sval.vn\/vi\/wp-json\/wp\/v2\/media\/1618"}],"wp:attachment":[{"href":"https:\/\/sval.vn\/vi\/wp-json\/wp\/v2\/media?parent=1617"}],"wp:term":[{"taxonomy":"product_cat","embeddable":true,"href":"https:\/\/sval.vn\/vi\/wp-json\/wp\/v2\/product_cat?post=1617"},{"taxonomy":"product_tag","embeddable":true,"href":"https:\/\/sval.vn\/vi\/wp-json\/wp\/v2\/product_tag?post=1617"}],"curies":[{"name":"wp","href":"https:\/\/api.w.org\/{rel}","templated":true}]}}