{"id":1609,"date":"2024-09-23T06:18:03","date_gmt":"2024-09-23T06:18:03","guid":{"rendered":"https:\/\/sval.vn\/?post_type=product&#038;p=1609"},"modified":"2024-10-12T09:33:38","modified_gmt":"2024-10-12T09:33:38","slug":"klingersil-c-4430","status":"publish","type":"product","link":"https:\/\/sval.vn\/vi\/san-pham\/klingersil-c-4430\/","title":{"rendered":"KLINGERSIL\u00ae C-4430"},"content":{"rendered":"<strong>V\u1eadt li\u1ec7u<\/strong><\/p>\n<p>S\u1ef1 k\u1ebft h\u1ee3p t\u1ed1i \u01b0u gi\u1eefa s\u1ee3i t\u1ed5ng h\u1ee3p v\u00e0 s\u1ee3i th\u1ee7y tinh li\u00ean k\u1ebft v\u1edbi NBR.<\/p>\n<p><strong>Bi\u1ec3u \u0111\u1ed3 pT<\/strong><\/p>\n<p>Bi\u1ec3u \u0111\u1ed3 pT c\u1ee7a Klinger cung c\u1ea5p h\u01b0\u1edbng d\u1eabn \u0111\u1ec3 x\u00e1c \u0111\u1ecbnh t\u00ednh ph\u00f9 h\u1ee3p c\u1ee7a v\u1eadt li\u1ec7u gio\u0103ng c\u1ee5 th\u1ec3 cho m\u1ed9t \u1ee9ng d\u1ee5ng c\u1ee5 th\u1ec3 ch\u1ec9 d\u1ef1a tr\u00ean nhi\u1ec7t \u0111\u1ed9 v\u00e0 \u00e1p su\u1ea5t v\u1eadn h\u00e0nh. Lu\u00f4n tham kh\u1ea3o kh\u1ea3 n\u0103ng ch\u1ed1ng h\u00f3a ch\u1ea5t c\u1ee7a gio\u0103ng \u0111\u1ed1i v\u1edbi ch\u1ea5t l\u1ecfng.<\/p>\n<p><img loading=\"lazy\" decoding=\"async\" class=\"alignnone wp-image-987452727\" src=\"http:\/\/www.khonglieng.com.sg\/wp-content\/uploads\/klingersil-c4430-diagram.gif\" alt=\"\" width=\"400\" height=\"398\" \/><\/p>\n<ol>\n<li>\u1ede khu v\u1ef1c m\u1ed9t, v\u1eadt li\u1ec7u gio\u0103ng th\u01b0\u1eddng ph\u00f9 h\u1ee3p t\u00f9y thu\u1ed9c v\u00e0o kh\u1ea3 n\u0103ng t\u01b0\u01a1ng th\u00edch h\u00f3a h\u1ecdc.<\/li>\n<li>\u1ede khu v\u1ef1c hai, v\u1eadt li\u1ec7u gio\u0103ng c\u00f3 th\u1ec3 ph\u00f9 h\u1ee3p nh\u01b0ng n\u00ean \u0111\u00e1nh gi\u00e1 k\u1ef9 thu\u1eadt.<\/li>\n<li>\u1ede khu v\u1ef1c ba, kh\u00f4ng l\u1eafp gio\u0103ng m\u00e0 kh\u00f4ng c\u00f3 \u0111\u00e1nh gi\u00e1 k\u1ef9 thu\u1eadt.<\/li>\n<\/ol>\n<p><strong>D\u1eef li\u1ec7u k\u1ef9 thu\u1eadt \u2013 Gi\u00e1 tr\u1ecb ti\u00eau chu\u1ea9n cho \u0111\u1ed9 d\u00e0y 2mm<\/strong><\/p>\n<table>\n<tbody>\n<tr>\n<td class=\"col1\">Compressibility ASTM F 36 J<\/td>\n<td class=\"col2\">9%<\/td>\n<\/tr>\n<tr>\n<td>Recovery ASTM F 36 J\u00a0min.<\/td>\n<td>50%<\/td>\n<\/tr>\n<tr>\n<td colspan=\"2\"><strong>Stress relaxation DIN 52913<\/strong><\/td>\n<\/tr>\n<tr>\n<td>50 MPa, 16 h\/300\u00b0C<\/td>\n<td>35MPa<\/td>\n<\/tr>\n<tr>\n<td>50 MPa, 16 h\/175\u00b0C<\/td>\n<td>39MPa<\/td>\n<\/tr>\n<tr>\n<td>Stress relaxation BS 7531<br \/>\n40 MPa, 16 h\/300\u00b0C<\/td>\n<td>31MPa<\/td>\n<\/tr>\n<tr>\n<td colspan=\"2\">Klinger cold\/hot compression, 50 MPa<\/td>\n<\/tr>\n<tr>\n<td>thickness decrease at 23\u00b0C<\/td>\n<td>8%<\/td>\n<\/tr>\n<tr>\n<td>thickness decrease at 300\u00b0C<\/td>\n<td>11%<\/td>\n<\/tr>\n<tr>\n<td>Tightness according DIN 3535\/6<\/td>\n<td>&lt;0.1mg\/sm<\/td>\n<\/tr>\n<tr>\n<td colspan=\"2\"><strong>Thickness increase ASTM F 146<\/strong><\/td>\n<\/tr>\n<tr>\n<td>oil JRM 903: 5 h\/150\u00b0C<\/td>\n<td>3%<\/td>\n<\/tr>\n<tr>\n<td>fuel B: 5 h\/23\u00b0C<\/td>\n<td>5%<\/td>\n<\/tr>\n<tr>\n<td>Density<\/td>\n<td>1,75g\/cm<span class=\"small\"><sup>3<\/sup><\/span><\/td>\n<\/tr>\n<\/tbody>\n<\/table>\n<p>\u0110\u00e1p \u1ee9ng c\u00e1c y\u00eau c\u1ea7u k\u1ef9 thu\u1eadt c\u1ee7a BS 7531:2006 C\u1ea5p AX<\/p>\n<p><strong>K\u00edch th\u01b0\u1edbc c\u1ee7a c\u00e1c t\u1ea5m ti\u00eau chu\u1ea9n<\/strong><\/p>\n<p>K\u00edch th\u01b0\u1edbc: 1000 x 1500 mm, 2000 x 1500 mm.<\/p>\n<p>\u0110\u1ed9 d\u00e0y: 0,5 mm, 1,0 mm, 1,5 mm, 2,0 mm, 3,0 mm; \u0111\u1ed9 d\u00e0y v\u00e0 k\u00edch th\u01b0\u1edbc kh\u00e1c theo y\u00eau c\u1ea7u.<\/p>\n<p>Dung sai: \u0111\u1ed9 d\u00e0y \u00b110%, chi\u1ec1u d\u00e0i \u00b1 50 mm, chi\u1ec1u r\u1ed9ng \u00b1 50 mm.<\/p>\n<p><strong>B\u1ec1 m\u1eb7t<\/strong><\/p>\n<p>V\u1eadt li\u1ec7u gio\u0103ng KLINGERSIL\u00ae th\u01b0\u1eddng \u0111\u01b0\u1ee3c trang b\u1ecb b\u1ec1 m\u1eb7t c\u00f3 \u0111\u1ed9 b\u00e1m d\u00ednh th\u1ea5p. Theo y\u00eau c\u1ea7u, l\u1edbp ph\u1ee7 graphite v\u00e0 c\u00e1c l\u1edbp ho\u00e0n thi\u1ec7n b\u1ec1 m\u1eb7t kh\u00e1c tr\u00ean m\u1ed9t ho\u1eb7c c\u1ea3 hai m\u1eb7t c\u0169ng c\u00f3 s\u1eb5n.<\/p>\n<p><strong>Ch\u1ee9c n\u0103ng v\u00e0 \u0111\u1ed9 b\u1ec1n<\/strong><\/p>\n<p>Hi\u1ec7u su\u1ea5t v\u00e0 tu\u1ed5i th\u1ecd c\u1ee7a gio\u0103ng KLINGER ph\u1ee5 thu\u1ed9c ph\u1ea7n l\u1edbn v\u00e0o vi\u1ec7c b\u1ea3o qu\u1ea3n v\u00e0 l\u1eafp \u0111\u1eb7t \u0111\u00fang c\u00e1ch, c\u00e1c y\u1ebfu t\u1ed1 n\u1eb1m ngo\u00e0i t\u1ea7m ki\u1ec3m so\u00e1t c\u1ee7a nh\u00e0 s\u1ea3n xu\u1ea5t. Tuy nhi\u00ean, ch\u00fang t\u00f4i c\u00f3 th\u1ec3 \u0111\u1ea3m b\u1ea3o ch\u1ea5t l\u01b0\u1ee3ng tuy\u1ec7t v\u1eddi c\u1ee7a s\u1ea3n ph\u1ea9m. V\u1edbi l\u01b0u \u00fd n\u00e0y, vui l\u00f2ng tu\u00e2n th\u1ee7 h\u01b0\u1edbng d\u1eabn c\u00e0i \u0111\u1eb7t c\u1ee7a ch\u00fang t\u00f4i.","protected":false},"excerpt":{"rendered":"<p><strong>\u0110\u1eb7c \u0111i\u1ec3m &amp; \u1ee9ng d\u1ee5ng ch\u00ednh<\/strong><\/p>\n<p>V\u1eadt li\u1ec7u gio\u0103ng cao c\u1ea5p, ch\u1ecbu \u00e1p su\u1ea5t cao v\u1edbi kh\u1ea3 n\u0103ng ch\u1ed1ng gi\u00e3n \u1ee9ng su\u1ea5t tuy\u1ec7t v\u1eddi v\u00e0 kh\u1ea3 n\u0103ng ch\u1ed1ng n\u01b0\u1edbc n\u00f3ng v\u00e0 h\u01a1i n\u01b0\u1edbc c\u0169ng nh\u01b0 d\u1ea7u v\u00e0 hydrocarbon tuy\u1ec7t v\u1eddi.<\/p>\n<p>C\u00f3 ch\u1ee9ng nh\u1eadn n\u01b0\u1edbc u\u1ed1ng AS4020. An to\u00e0n ch\u00e1y n\u1ed5 v\u00e0 \u0111\u01b0\u1ee3c AGA ch\u1ea5p thu\u1eadn.<\/p>\n","protected":false},"featured_media":1610,"template":"","meta":[],"product_cat":[250,240],"product_tag":[],"class_list":{"0":"post-1609","1":"product","2":"type-product","3":"status-publish","4":"has-post-thumbnail","6":"product_cat-jointing-material","7":"product_cat-klinger","9":"first","10":"instock","11":"shipping-taxable","12":"product-type-simple"},"_links":{"self":[{"href":"https:\/\/sval.vn\/vi\/wp-json\/wp\/v2\/product\/1609"}],"collection":[{"href":"https:\/\/sval.vn\/vi\/wp-json\/wp\/v2\/product"}],"about":[{"href":"https:\/\/sval.vn\/vi\/wp-json\/wp\/v2\/types\/product"}],"wp:featuredmedia":[{"embeddable":true,"href":"https:\/\/sval.vn\/vi\/wp-json\/wp\/v2\/media\/1610"}],"wp:attachment":[{"href":"https:\/\/sval.vn\/vi\/wp-json\/wp\/v2\/media?parent=1609"}],"wp:term":[{"taxonomy":"product_cat","embeddable":true,"href":"https:\/\/sval.vn\/vi\/wp-json\/wp\/v2\/product_cat?post=1609"},{"taxonomy":"product_tag","embeddable":true,"href":"https:\/\/sval.vn\/vi\/wp-json\/wp\/v2\/product_tag?post=1609"}],"curies":[{"name":"wp","href":"https:\/\/api.w.org\/{rel}","templated":true}]}}