{"id":1599,"date":"2024-09-23T06:09:40","date_gmt":"2024-09-23T06:09:40","guid":{"rendered":"https:\/\/sval.vn\/?post_type=product&#038;p=1599"},"modified":"2024-10-13T04:11:24","modified_gmt":"2024-10-13T04:11:24","slug":"klingersealex","status":"publish","type":"product","link":"https:\/\/sval.vn\/vi\/san-pham\/klingersealex\/","title":{"rendered":"KLINGER\u00aesealex"},"content":{"rendered":"<strong>V\u1eadt li\u1ec7u<\/strong><\/p>\n<p>PTFE gi\u00e3n n\u1edf<\/p>\n<p><strong>Bi\u1ec3u \u0111\u1ed3 pT<\/strong><\/p>\n<p>Bi\u1ec3u \u0111\u1ed3 pT c\u1ee7a Klinger cung c\u1ea5p c\u00e1c h\u01b0\u1edbng d\u1eabn \u0111\u1ec3 x\u00e1c \u0111\u1ecbnh t\u00ednh ph\u00f9 h\u1ee3p c\u1ee7a m\u1ed9t v\u1eadt li\u1ec7u gio\u0103ng c\u1ee5 th\u1ec3 cho m\u1ed9t \u1ee9ng d\u1ee5ng c\u1ee5 th\u1ec3 ch\u1ec9 d\u1ef1a tr\u00ean nhi\u1ec7t \u0111\u1ed9 v\u00e0 \u00e1p su\u1ea5t ho\u1ea1t \u0111\u1ed9ng. Lu\u00f4n tham kh\u1ea3o kh\u1ea3 n\u0103ng ch\u1ed1ng h\u00f3a ch\u1ea5t c\u1ee7a gio\u0103ng \u0111\u1ed1i v\u1edbi ch\u1ea5t l\u1ecfng.<\/p>\n<p><img loading=\"lazy\" decoding=\"async\" class=\"alignnone wp-image-987452658\" src=\"http:\/\/www.khonglieng.com.sg\/wp-content\/uploads\/klinger-sealex-diagram.jpg\" sizes=\"(max-width: 450px) 100vw, 450px\" srcset=\"https:\/\/khonglieng.com.sg\/wp-content\/uploads\/klinger-sealex-diagram.jpg 600w, https:\/\/khonglieng.com.sg\/wp-content\/uploads\/klinger-sealex-diagram-300x278.jpg 300w\" alt=\"\" width=\"450\" height=\"416\" \/><span class=\"med\"><br \/>\n<\/span><\/p>\n<p>Nhi\u1ec7t \u0111\u1ed9: -196 \u0111\u1ebfn 260\u00b0C<\/p>\n<p>\u00c1p su\u1ea5t: l\u00ean \u0111\u1ebfn 140 bar t\u00f9y thu\u1ed9c v\u00e0o \u1ee9ng d\u1ee5ng<\/p>\n<p>&nbsp;<\/p>\n<ol>\n<li>\u1ede khu v\u1ef1c m\u1ed9t, v\u1eadt li\u1ec7u gio\u0103ng th\u01b0\u1eddng ph\u00f9 h\u1ee3p t\u00f9y thu\u1ed9c v\u00e0o kh\u1ea3 n\u0103ng t\u01b0\u01a1ng th\u00edch h\u00f3a h\u1ecdc.<\/li>\n<li>\u1ede khu v\u1ef1c hai, v\u1eadt li\u1ec7u gio\u0103ng c\u00f3 th\u1ec3 ph\u00f9 h\u1ee3p nh\u01b0ng n\u00ean \u0111\u00e1nh gi\u00e1 k\u1ef9 thu\u1eadt.<\/li>\n<li>\u1ede khu v\u1ef1c ba, kh\u00f4ng l\u1eafp gio\u0103ng m\u00e0 kh\u00f4ng c\u00f3 \u0111\u00e1nh gi\u00e1 k\u1ef9 thu\u1eadt.<\/li>\n<\/ol>\n<p>&nbsp;<\/p>\n<p><strong>D\u1eef li\u1ec7u k\u1ef9 thu\u1eadt \u2013 D\u1ef1a tr\u00ean m\u1eabu d\u00e0y 7 x 2,5mm<\/strong><\/p>\n<p><span class=\"med\">\u00a0<\/span><\/p>\n<table>\n<tbody>\n<tr>\n<td width=\"50{9ad64afaddb365e5a5cfa66871db463c44261c1155e93add173363a813d956ed}\">Compressibility ASTM F 36 L<\/td>\n<td width=\"50{9ad64afaddb365e5a5cfa66871db463c44261c1155e93add173363a813d956ed}\">75-85%<\/td>\n<\/tr>\n<tr>\n<td>Creep relaxation<br \/>\nASTM F-38, 3000psi<\/td>\n<td>44%<\/td>\n<\/tr>\n<tr>\n<td>Gas leakage<br \/>\nASTM F37B, 30psi Nitrogen, 3000psi load<\/td>\n<td>4.8ml\/hour<\/td>\n<\/tr>\n<tr>\n<td>Density<\/td>\n<td>0.6g\/cm<span class=\"small\"><sup>3<\/sup><\/span><\/td>\n<\/tr>\n<\/tbody>\n<\/table>\n<p><strong>Kh\u1ea3 d\u1ee5ng<\/strong><\/p>\n<table>\n<tbody>\n<tr>\n<td width=\"50{9ad64afaddb365e5a5cfa66871db463c44261c1155e93add173363a813d956ed}\">Dimensions (mm)<\/td>\n<td width=\"50{9ad64afaddb365e5a5cfa66871db463c44261c1155e93add173363a813d956ed}\">Roll (length metres)<\/td>\n<\/tr>\n<tr>\n<td>3.2 x 1.5<\/td>\n<td>30<\/td>\n<\/tr>\n<tr>\n<td>4.7 x 2.0<\/td>\n<td>20<\/td>\n<\/tr>\n<tr>\n<td>6.5 x 2.5<\/td>\n<td>15<\/td>\n<\/tr>\n<tr>\n<td>9.5 x 3.0<\/td>\n<td>8<\/td>\n<\/tr>\n<tr>\n<td>12.7 x 6.5<\/td>\n<td>5<\/td>\n<\/tr>\n<tr>\n<td>16.0 x 6.5<\/td>\n<td>5<\/td>\n<\/tr>\n<tr>\n<td>19.0 x 7.0<\/td>\n<td>5<\/td>\n<\/tr>\n<tr>\n<td>25.4 x 8.0<\/td>\n<td>5<\/td>\n<\/tr>\n<\/tbody>\n<\/table>","protected":false},"excerpt":{"rendered":"<p><strong>\u0110\u1eb7c \u0111i\u1ec3m &amp; \u1ee9ng d\u1ee5ng ch\u00ednh<\/strong><\/p>\n<p>Klinger Sealex l\u00e0 v\u1eadt li\u1ec7u tr\u00e1m khe \u0111\u01b0\u1ee3c s\u1ea3n xu\u1ea5t t\u1eeb \u200b\u200bPTFE tinh khi\u1ebft 100% \u0111\u01b0\u1ee3c x\u1eed l\u00fd \u0111\u1eb7c bi\u1ec7t theo m\u1ed9t quy tr\u00ecnh \u0111\u1ed9c \u0111\u00e1o. N\u00f3 bao g\u1ed3m c\u00e1c fluorocarbon \u0111\u01b0\u1ee3c ch\u1ebf t\u1ea1o \u0111\u1eb7c bi\u1ec7t c\u00f3 kh\u1ea3 n\u0103ng ch\u1ed1ng h\u00f3a ch\u1ea5t m\u1ea1nh tuy\u1ec7t v\u1eddi c\u0169ng nh\u01b0 cung c\u1ea5p kh\u1ea3 n\u0103ng b\u1ecbt k\u00edn an to\u00e0n d\u01b0\u1edbi \u00e1p su\u1ea5t b\u00ean trong cao.<\/p>\n<p>Kh\u1ea3 n\u0103ng n\u00e9n cao c\u1ee7a Sealex\u00ae cho ph\u00e9p n\u00f3 l\u1ea5p \u0111\u1ea7y hi\u1ec7u qu\u1ea3 c\u00e1c khuy\u1ebft t\u1eadt c\u1ee7a m\u1eb7t b\u00edch \u0111\u1ec3 t\u1ea1o ra l\u1edbp \u0111\u1ec7m k\u00edn, kh\u00f4ng b\u1ecb r\u00f2 r\u1ec9.<\/p>\n<p>Kh\u00f4ng gi\u1ed1ng nh\u01b0 PTFE th\u00f4ng th\u01b0\u1eddng d\u1ec5 b\u1ecb ch\u1ea3y l\u1ea1nh, Sealex c\u00f3 kh\u1ea3 n\u0103ng ch\u1ed1ng bi\u1ebfn d\u1ea1ng v\u00e0 gi\u1eef m\u00f4-men xo\u1eafn bu l\u00f4ng t\u1ed1t. T\u00ednh linh ho\u1ea1t khi \u0111\u1ecbnh h\u00ecnh t\u1ea1i ch\u1ed7 c\u1ee7a n\u00f3 c\u0169ng gi\u00fap c\u1eaft gi\u1ea3m chi ph\u00ed b\u1ea3o tr\u00ec v\u00e0 l\u01b0u tr\u1eef. N\u00f3 c\u00f3 l\u1edbp n\u1ec1n d\u00ednh \u0111\u1ec3 h\u1ed7 tr\u1ee3 l\u1eafp \u0111\u1eb7t.<\/p>\n","protected":false},"featured_media":1600,"template":"","meta":[],"product_cat":[240,249],"product_tag":[],"class_list":{"0":"post-1599","1":"product","2":"type-product","3":"status-publish","4":"has-post-thumbnail","6":"product_cat-klinger","7":"product_cat-ptfe-products","9":"first","10":"instock","11":"shipping-taxable","12":"product-type-simple"},"_links":{"self":[{"href":"https:\/\/sval.vn\/vi\/wp-json\/wp\/v2\/product\/1599"}],"collection":[{"href":"https:\/\/sval.vn\/vi\/wp-json\/wp\/v2\/product"}],"about":[{"href":"https:\/\/sval.vn\/vi\/wp-json\/wp\/v2\/types\/product"}],"wp:featuredmedia":[{"embeddable":true,"href":"https:\/\/sval.vn\/vi\/wp-json\/wp\/v2\/media\/1600"}],"wp:attachment":[{"href":"https:\/\/sval.vn\/vi\/wp-json\/wp\/v2\/media?parent=1599"}],"wp:term":[{"taxonomy":"product_cat","embeddable":true,"href":"https:\/\/sval.vn\/vi\/wp-json\/wp\/v2\/product_cat?post=1599"},{"taxonomy":"product_tag","embeddable":true,"href":"https:\/\/sval.vn\/vi\/wp-json\/wp\/v2\/product_tag?post=1599"}],"curies":[{"name":"wp","href":"https:\/\/api.w.org\/{rel}","templated":true}]}}