{"id":1597,"date":"2024-09-23T06:08:41","date_gmt":"2024-09-23T06:08:41","guid":{"rendered":"https:\/\/sval.vn\/?post_type=product&#038;p=1597"},"modified":"2024-10-13T04:06:47","modified_gmt":"2024-10-13T04:06:47","slug":"ptfe-taskline-gaskets","status":"publish","type":"product","link":"https:\/\/sval.vn\/vi\/san-pham\/ptfe-taskline-gaskets\/","title":{"rendered":"PTFE Taskline Gaskets"},"content":{"rendered":"<strong>\u00c1p su\u1ea5t \u2013 Gi\u1edbi h\u1ea1n nhi\u1ec7t \u0111\u1ed9<\/strong><\/p>\n<p><img loading=\"lazy\" decoding=\"async\" class=\"alignnone size-full wp-image-987452661\" src=\"http:\/\/www.khonglieng.com.sg\/wp-content\/uploads\/ptfe-taskline-gaskets-limits3.jpg\" sizes=\"(max-width: 500px) 100vw, 500px\" srcset=\"https:\/\/khonglieng.com.sg\/wp-content\/uploads\/ptfe-taskline-gaskets-limits3.jpg 500w, https:\/\/khonglieng.com.sg\/wp-content\/uploads\/ptfe-taskline-gaskets-limits3-300x204.jpg 300w\" alt=\"PTFE Taskline Gaskets Pressure - Temperature Limits\" width=\"500\" height=\"340\" \/>","protected":false},"excerpt":{"rendered":"<p><strong>\u0110\u1eb7c \u0111i\u1ec3m &amp; \u1ee9ng d\u1ee5ng ch\u00ednh<\/strong><\/p>\n<p>Gio\u0103ng Taskline l\u00e0 lo\u1ea1i gio\u0103ng hi\u1ec7u su\u1ea5t cao \u0111\u01b0\u1ee3c l\u00e0m t\u1eeb PTFE v\u00e0 ch\u00e8n th\u00e9p kh\u00f4ng g\u1ec9 304 \u0111\u1ee5c l\u1ed7. Th\u00e9p kh\u00f4ng g\u1ec9 \u0111\u01b0\u1ee3c bao b\u1ecdc trong PTFE.<\/p>\n<p>S\u1ef1 k\u1ebft h\u1ee3p n\u00e0y l\u00e0m t\u0103ng \u0111\u1ed9 b\u1ec1n cho PTFE v\u00e0 gi\u1ea3i quy\u1ebft v\u1ea5n \u0111\u1ec1 ch\u00ednh li\u00ean quan \u0111\u1ebfn gio\u0103ng PTFE nguy\u00ean ch\u1ea5t \u2013 gi\u00e3n n\u1edf nhi\u1ec7t qu\u00e1 m\u1ee9c v\u00e0 bi\u1ebfn d\u1ea1ng do \u00e1p su\u1ea5t cao v\u00e0 t\u1ea3i tr\u1ecdng c\u1ee7a gio\u0103ng trong khi v\u1eabn gi\u1eef \u0111\u01b0\u1ee3c t\u1ea5t c\u1ea3 c\u00e1c \u0111\u1eb7c t\u00ednh c\u00f3 l\u1ee3i c\u1ee7a PTFE.<\/p>\n<p>Th\u00edch h\u1ee3p cho m\u1eb7t b\u00edch 150 v\u00e0 300 lb.<\/p>\n<p>&nbsp;<\/p>\n","protected":false},"featured_media":1598,"template":"","meta":[],"product_cat":[240,249],"product_tag":[],"class_list":{"0":"post-1597","1":"product","2":"type-product","3":"status-publish","4":"has-post-thumbnail","6":"product_cat-klinger","7":"product_cat-ptfe-products","9":"first","10":"instock","11":"shipping-taxable","12":"product-type-simple"},"_links":{"self":[{"href":"https:\/\/sval.vn\/vi\/wp-json\/wp\/v2\/product\/1597"}],"collection":[{"href":"https:\/\/sval.vn\/vi\/wp-json\/wp\/v2\/product"}],"about":[{"href":"https:\/\/sval.vn\/vi\/wp-json\/wp\/v2\/types\/product"}],"wp:featuredmedia":[{"embeddable":true,"href":"https:\/\/sval.vn\/vi\/wp-json\/wp\/v2\/media\/1598"}],"wp:attachment":[{"href":"https:\/\/sval.vn\/vi\/wp-json\/wp\/v2\/media?parent=1597"}],"wp:term":[{"taxonomy":"product_cat","embeddable":true,"href":"https:\/\/sval.vn\/vi\/wp-json\/wp\/v2\/product_cat?post=1597"},{"taxonomy":"product_tag","embeddable":true,"href":"https:\/\/sval.vn\/vi\/wp-json\/wp\/v2\/product_tag?post=1597"}],"curies":[{"name":"wp","href":"https:\/\/api.w.org\/{rel}","templated":true}]}}