{"id":1595,"date":"2024-09-23T06:07:46","date_gmt":"2024-09-23T06:07:46","guid":{"rendered":"https:\/\/sval.vn\/?post_type=product&#038;p=1595"},"modified":"2024-10-13T04:04:37","modified_gmt":"2024-10-13T04:04:37","slug":"ptfe-envelope-with-insert","status":"publish","type":"product","link":"https:\/\/sval.vn\/vi\/san-pham\/ptfe-envelope-with-insert\/","title":{"rendered":"PTFE Envelope with insert"},"content":{"rendered":"Gio\u0103ng v\u1ecf PTFE Klinger c\u00f3 3 ki\u1ec3u d\u00e1ng kh\u00e1c nhau nh\u01b0 sau.<\/p>\n<p>Ki\u1ec3u khe \u2013 0-500 mm<\/p>\n<p>Ki\u1ec3u ch\u1eef U \u2013 0-500 mm<\/p>\n<p>Ki\u1ec3u h\u00e0n \u2013 500 \u0111\u1ebfn 3000 mm<\/p>\n<p><img loading=\"lazy\" decoding=\"async\" class=\"alignnone size-full wp-image-987452663\" src=\"http:\/\/www.khonglieng.com.sg\/wp-content\/uploads\/ptfe-envelope-slit.jpg\" alt=\"\" width=\"100\" height=\"33\" \/><\/p>\n<p>Ki\u1ec3u khe l\u00e0 ki\u1ec3u s\u1ea3n xu\u1ea5t ti\u1ebft ki\u1ec7m nh\u1ea5t nh\u01b0ng c\u00f3 th\u1ec3 b\u1ecb t\u00e1ch \u1edf ch\u1eef V khi ch\u1ecbu t\u1ea3i v\u00e0 do b\u1ecb x\u00f3i m\u00f2n.<\/p>\n<p><img loading=\"lazy\" decoding=\"async\" class=\"alignnone size-full wp-image-987452664\" src=\"http:\/\/www.khonglieng.com.sg\/wp-content\/uploads\/ptfe-envelope-u.jpg\" alt=\"\" width=\"100\" height=\"36\" \/><\/p>\n<p>Ki\u1ec3u ch\u1eef U \u0111\u01b0\u1ee3c gia c\u00f4ng \u0111\u1ec3 ph\u00f9 h\u1ee3p v\u1edbi \u0111\u1ed9 d\u00e0y c\u1ee7a ch\u1ea5t \u0111\u1ed9n. M\u1eb7c d\u00f9 \u0111\u1eaft h\u01a1n ki\u1ec3u ch\u1eef V nh\u01b0ng kh\u00f4ng b\u1ecb t\u00e1ch khi ch\u1ecbu t\u1ea3i v\u00e0 do \u0111\u00f3 c\u00f3 th\u1ec3 s\u1eed d\u1ee5ng \u0111\u01b0\u1ee3c l\u00e2u h\u01a1n.<\/p>\n<p><img loading=\"lazy\" decoding=\"async\" class=\"alignnone size-full wp-image-987452665\" src=\"http:\/\/www.khonglieng.com.sg\/wp-content\/uploads\/ptfe-envelope-welded.jpg\" alt=\"\" width=\"100\" height=\"33\" \/><\/p>\n<p>C\u1ea5u h\u00ecnh ki\u1ec3u h\u00e0n \u0111\u01b0\u1ee3c s\u1eed d\u1ee5ng \u0111\u1ec3 s\u1ea3n xu\u1ea5t v\u1ecf PTFE khi kh\u00f4ng th\u1ec3 gia c\u00f4ng gio\u0103ng th\u00e0nh m\u1ed9t kh\u1ed1i.","protected":false},"excerpt":{"rendered":"<p><strong>\u0110\u1eb7c \u0111i\u1ec3m &amp; \u1ee9ng d\u1ee5ng ch\u00ednh<\/strong><\/p>\n<p>Kh\u1ea3 n\u0103ng ch\u1ed1ng h\u00f3a ch\u1ea5t tuy\u1ec7t v\u1eddi. Gio\u0103ng v\u1ecf PTFE bao g\u1ed3m v\u1eadt li\u1ec7u ch\u00e8n ph\u00f9 h\u1ee3p v\u1edbi v\u1ecf PTFE.<\/p>\n<p>V\u1ecf PTFE b\u1ea3o v\u1ec7 gio\u0103ng kh\u1ecfi s\u1ef1 t\u1ea5n c\u00f4ng c\u1ee7a h\u00f3a ch\u1ea5t. Ch\u00e8n cung c\u1ea5p \u0111\u1ed9 b\u1ec1n v\u00e0 kh\u1ea3 n\u0103ng ph\u1ee5c h\u1ed3i c\u1ea7n thi\u1ebft cho ho\u1ea1t \u0111\u1ed9ng b\u1ecbt k\u00edn \u0111\u00f2i h\u1ecfi kh\u1eaft khe. Trong m\u1ed9t s\u1ed1 tr\u01b0\u1eddng h\u1ee3p, c\u00f3 th\u1ec3 k\u1ebft h\u1ee3p ch\u00e8n th\u00e9p v\u00e0o gio\u0103ng.<\/p>\n<p>Gio\u0103ng n\u00e0y c\u00f3 kh\u1ea3 n\u0103ng ch\u1ed1ng h\u00f3a ch\u1ea5t tuy\u1ec7t v\u1eddi trong \u0111i\u1ec1u ki\u1ec7n nhi\u1ec7t \u0111\u1ed9 v\u00e0 \u00e1p su\u1ea5t v\u1eeba ph\u1ea3i trong h\u1ea7u h\u1ebft m\u1ecdi m\u00f4i tr\u01b0\u1eddng ho\u1eb7c n\u01a1i t\u1ea3i bu l\u00f4ng b\u1ecb h\u1ea1n ch\u1ebf. R\u1ea5t ph\u00f9 h\u1ee3p cho c\u00e1c \u1ee9ng d\u1ee5ng th\u1ef1c ph\u1ea9m v\u00e0 d\u01b0\u1ee3c ph\u1ea9m.<\/p>\n","protected":false},"featured_media":1596,"template":"","meta":[],"product_cat":[240,249],"product_tag":[],"class_list":{"0":"post-1595","1":"product","2":"type-product","3":"status-publish","4":"has-post-thumbnail","6":"product_cat-klinger","7":"product_cat-ptfe-products","9":"first","10":"instock","11":"shipping-taxable","12":"product-type-simple"},"_links":{"self":[{"href":"https:\/\/sval.vn\/vi\/wp-json\/wp\/v2\/product\/1595"}],"collection":[{"href":"https:\/\/sval.vn\/vi\/wp-json\/wp\/v2\/product"}],"about":[{"href":"https:\/\/sval.vn\/vi\/wp-json\/wp\/v2\/types\/product"}],"wp:featuredmedia":[{"embeddable":true,"href":"https:\/\/sval.vn\/vi\/wp-json\/wp\/v2\/media\/1596"}],"wp:attachment":[{"href":"https:\/\/sval.vn\/vi\/wp-json\/wp\/v2\/media?parent=1595"}],"wp:term":[{"taxonomy":"product_cat","embeddable":true,"href":"https:\/\/sval.vn\/vi\/wp-json\/wp\/v2\/product_cat?post=1595"},{"taxonomy":"product_tag","embeddable":true,"href":"https:\/\/sval.vn\/vi\/wp-json\/wp\/v2\/product_tag?post=1595"}],"curies":[{"name":"wp","href":"https:\/\/api.w.org\/{rel}","templated":true}]}}