{"id":1593,"date":"2024-09-23T06:06:46","date_gmt":"2024-09-23T06:06:46","guid":{"rendered":"https:\/\/sval.vn\/?post_type=product&#038;p=1593"},"modified":"2024-10-13T03:58:48","modified_gmt":"2024-10-13T03:58:48","slug":"klingertop-chem-2006","status":"publish","type":"product","link":"https:\/\/sval.vn\/vi\/san-pham\/klingertop-chem-2006\/","title":{"rendered":"KLINGER\u00aetop-chem 2006"},"content":{"rendered":"<strong>V\u1eadt li\u1ec7u<\/strong><\/p>\n<p>PTFE ch\u1ee9a Bari Sulphate<\/p>\n<p><strong>Bi\u1ec3u \u0111\u1ed3 pT<\/strong><\/p>\n<p>Bi\u1ec3u \u0111\u1ed3 pT c\u1ee7a Klinger cung c\u1ea5p h\u01b0\u1edbng d\u1eabn \u0111\u1ec3 x\u00e1c \u0111\u1ecbnh t\u00ednh ph\u00f9 h\u1ee3p c\u1ee7a v\u1eadt li\u1ec7u gio\u0103ng c\u1ee5 th\u1ec3 cho m\u1ed9t \u1ee9ng d\u1ee5ng c\u1ee5 th\u1ec3 ch\u1ec9 d\u1ef1a tr\u00ean nhi\u1ec7t \u0111\u1ed9 v\u00e0 \u00e1p su\u1ea5t v\u1eadn h\u00e0nh. Lu\u00f4n tham kh\u1ea3o kh\u1ea3 n\u0103ng ch\u1ed1ng h\u00f3a ch\u1ea5t c\u1ee7a gio\u0103ng \u0111\u1ed1i v\u1edbi ch\u1ea5t l\u1ecfng.<\/p>\n<p><img loading=\"lazy\" decoding=\"async\" class=\"alignnone wp-image-987452608\" src=\"http:\/\/www.khonglieng.com.sg\/wp-content\/uploads\/klinger-top-chem-2006-diagram.jpg\" sizes=\"(max-width: 400px) 100vw, 400px\" srcset=\"https:\/\/khonglieng.com.sg\/wp-content\/uploads\/klinger-top-chem-2006-diagram.jpg 600w, https:\/\/khonglieng.com.sg\/wp-content\/uploads\/klinger-top-chem-2006-diagram-150x150.jpg 150w, https:\/\/khonglieng.com.sg\/wp-content\/uploads\/klinger-top-chem-2006-diagram-157x157.jpg 157w\" alt=\"\" width=\"400\" height=\"402\" \/><\/p>\n<ol>\n<li>\u1ede khu v\u1ef1c m\u1ed9t, v\u1eadt li\u1ec7u gio\u0103ng th\u01b0\u1eddng ph\u00f9 h\u1ee3p t\u00f9y thu\u1ed9c v\u00e0o kh\u1ea3 n\u0103ng t\u01b0\u01a1ng th\u00edch h\u00f3a h\u1ecdc.<\/li>\n<li>\u1ede khu v\u1ef1c hai, v\u1eadt li\u1ec7u gio\u0103ng c\u00f3 th\u1ec3 ph\u00f9 h\u1ee3p nh\u01b0ng n\u00ean \u0111\u00e1nh gi\u00e1 k\u1ef9 thu\u1eadt.<\/li>\n<li>\u1ede khu v\u1ef1c ba, kh\u00f4ng l\u1eafp gio\u0103ng n\u1ebfu ch\u01b0a c\u00f3 \u0111\u00e1nh gi\u00e1 k\u1ef9 thu\u1eadt.<\/li>\n<\/ol>\n<p>D\u1eef li\u1ec7u k\u1ef9 thu\u1eadt \u2013 Gi\u00e1 tr\u1ecb ti\u00eau bi\u1ec3u cho \u0111\u1ed9 d\u00e0y 1,5mm<\/p>\n<table>\n<tbody>\n<tr>\n<td class=\"col1\">Compressibility ASTM F 36 J<\/td>\n<td class=\"col2\">4%<\/td>\n<\/tr>\n<tr>\n<td>Recovery ASTM F 36 J<\/td>\n<td>40%<\/td>\n<\/tr>\n<tr>\n<td>Stress relaxation DIN 52913<br \/>\n30 MPa, 16 h\/150\u00b0C<\/td>\n<td>18MPa<\/td>\n<\/tr>\n<tr>\n<td colspan=\"2\"><strong>Klinger cold\/hot compression<\/strong><\/td>\n<\/tr>\n<tr>\n<td>23\u00b0C \/ 50 MPa<\/td>\n<td>10%<\/td>\n<\/tr>\n<tr>\n<td>260\u00b0C \/ 50 MPa<\/td>\n<td>40%<\/td>\n<\/tr>\n<tr>\n<td>Tightness DIN 3535\/6<\/td>\n<td>0.1 ml\/min<\/td>\n<\/tr>\n<tr>\n<td>Tightness DIN 28090-2<\/td>\n<td>0.01 mg\/s m<\/td>\n<\/tr>\n<tr>\n<td colspan=\"2\"><strong>Thickness\/weight increase<\/strong><\/td>\n<\/tr>\n<tr>\n<td>HNO<span class=\"small\">3<\/span>, 100%: 18 h\/23\u00b0C<\/td>\n<td>1\/2%<\/td>\n<\/tr>\n<tr>\n<td>NaOH, 33%: 72 h\/110\u00b0C<\/td>\n<td>1\/1%}<\/td>\n<\/tr>\n<tr>\n<td>Density<\/td>\n<td>3.0g\/cm<span class=\"small\"><sup>3<\/sup><\/span><\/td>\n<\/tr>\n<\/tbody>\n<\/table>\n<p><strong>K\u00edch th\u01b0\u1edbc c\u1ee7a c\u00e1c t\u1ea5m ti\u00eau chu\u1ea9n<\/strong><\/p>\n<p>K\u00edch th\u01b0\u1edbc: 1500 x 1500 mm<\/p>\n<p>\u0110\u1ed9 d\u00e0y: 1,0 mm, 1,5 mm, 2,0 mm, 3,0 mm; \u0111\u1ed9 d\u00e0y v\u00e0 k\u00edch th\u01b0\u1edbc kh\u00e1c theo y\u00eau c\u1ea7u.<\/p>\n<p>\u0110\u1ed9 d\u00e0y theo DIN 28091-1, chi\u1ec1u d\u00e0i \u00b1 50 mm, chi\u1ec1u r\u1ed9ng \u00b1 50 mm<\/p>\n<p><strong>Ch\u1ee9c n\u0103ng v\u00e0 \u0111\u1ed9 b\u1ec1n<\/strong><\/p>\n<p>Hi\u1ec7u su\u1ea5t v\u00e0 tu\u1ed5i th\u1ecd c\u1ee7a gio\u0103ng KLINGER ph\u1ee5 thu\u1ed9c ph\u1ea7n l\u1edbn v\u00e0o vi\u1ec7c b\u1ea3o qu\u1ea3n v\u00e0 l\u1eafp \u0111\u1eb7t \u0111\u00fang c\u00e1ch, nh\u1eefng y\u1ebfu t\u1ed1 n\u1eb1m ngo\u00e0i t\u1ea7m ki\u1ec3m so\u00e1t c\u1ee7a nh\u00e0 s\u1ea3n xu\u1ea5t. Tuy nhi\u00ean, ch\u00fang t\u00f4i c\u00f3 th\u1ec3 \u0111\u1ea3m b\u1ea3o ch\u1ea5t l\u01b0\u1ee3ng tuy\u1ec7t v\u1eddi c\u1ee7a s\u1ea3n ph\u1ea9m. V\u1edbi l\u01b0u \u00fd n\u00e0y, vui l\u00f2ng tu\u00e2n th\u1ee7 h\u01b0\u1edbng d\u1eabn l\u1eafp \u0111\u1eb7t c\u1ee7a ch\u00fang t\u00f4i.","protected":false},"excerpt":{"rendered":"<p><strong>\u0110\u1eb7c \u0111i\u1ec3m &amp; \u1ee9ng d\u1ee5ng ch\u00ednh<\/strong><\/p>\n<p>KLINGER\u00aetop-chem 2006 c\u00f3 kh\u1ea3 n\u0103ng ch\u1ed1ng h\u00f3a ch\u1ea5t t\u1ed1t trong \u0111i\u1ec1u ki\u1ec7n ki\u1ec1m m\u1ea1nh v\u00e0 c\u00f3 t\u00ednh ch\u1ea5t c\u01a1 h\u1ecdc t\u1ed1t \u1edf nhi\u1ec7t \u0111\u1ed9 v\u00e0 t\u1ea3i tr\u1ecdng trung b\u00ecnh v\u00e0 th\u1ea5p.<\/p>\n<p>\u0110\u01b0\u1ee3c t\u1ed1i \u01b0u h\u00f3a cho \u0111i\u1ec1u ki\u1ec7n \u0103n m\u00f2n v\u00e0 ph\u00f9 h\u1ee3p v\u1edbi nhi\u1ec1u \u1ee9ng d\u1ee5ng trong ng\u00e0nh c\u00f4ng nghi\u1ec7p h\u00f3a ch\u1ea5t.<\/p>\n<p>Kh\u00f4ng ch\u1ee9a ch\u1ea5t t\u1ea1o m\u00e0u v\u00e0 ph\u00f9 h\u1ee3p v\u1edbi c\u00e1c \u1ee9ng d\u1ee5ng th\u1ef1c ph\u1ea9m v\u00e0 d\u01b0\u1ee3c ph\u1ea9m.<\/p>\n","protected":false},"featured_media":1594,"template":"","meta":[],"product_cat":[240,249],"product_tag":[],"class_list":{"0":"post-1593","1":"product","2":"type-product","3":"status-publish","4":"has-post-thumbnail","6":"product_cat-klinger","7":"product_cat-ptfe-products","9":"first","10":"instock","11":"shipping-taxable","12":"product-type-simple"},"_links":{"self":[{"href":"https:\/\/sval.vn\/vi\/wp-json\/wp\/v2\/product\/1593"}],"collection":[{"href":"https:\/\/sval.vn\/vi\/wp-json\/wp\/v2\/product"}],"about":[{"href":"https:\/\/sval.vn\/vi\/wp-json\/wp\/v2\/types\/product"}],"wp:featuredmedia":[{"embeddable":true,"href":"https:\/\/sval.vn\/vi\/wp-json\/wp\/v2\/media\/1594"}],"wp:attachment":[{"href":"https:\/\/sval.vn\/vi\/wp-json\/wp\/v2\/media?parent=1593"}],"wp:term":[{"taxonomy":"product_cat","embeddable":true,"href":"https:\/\/sval.vn\/vi\/wp-json\/wp\/v2\/product_cat?post=1593"},{"taxonomy":"product_tag","embeddable":true,"href":"https:\/\/sval.vn\/vi\/wp-json\/wp\/v2\/product_tag?post=1593"}],"curies":[{"name":"wp","href":"https:\/\/api.w.org\/{rel}","templated":true}]}}