{"id":1581,"date":"2024-09-23T04:48:24","date_gmt":"2024-09-23T04:48:24","guid":{"rendered":"https:\/\/sval.vn\/?post_type=product&#038;p=1581"},"modified":"2024-10-14T02:06:28","modified_gmt":"2024-10-14T02:06:28","slug":"klingerpsm","status":"publish","type":"product","link":"https:\/\/sval.vn\/vi\/san-pham\/klingerpsm\/","title":{"rendered":"KLINGER\u00aePSM"},"content":{"rendered":"<strong>V\u1eadt li\u1ec7u<\/strong><\/p>\n<p>Than ch\u00ec t\u00e1ch l\u1edbp nguy\u00ean ch\u1ea5t v\u1edbi l\u1edbp gia c\u1ed1 b\u1eb1ng th\u00e9p kh\u00f4ng g\u1ec9 c\u00f3 kh\u00eda.<\/p>\n<p><strong>Bi\u1ec3u \u0111\u1ed3 pT<\/strong><\/p>\n<p>Bi\u1ec3u \u0111\u1ed3 pT c\u1ee7a Klinger cung c\u1ea5p h\u01b0\u1edbng d\u1eabn \u0111\u1ec3 x\u00e1c \u0111\u1ecbnh t\u00ednh ph\u00f9 h\u1ee3p c\u1ee7a v\u1eadt li\u1ec7u gio\u0103ng c\u1ee5 th\u1ec3 cho m\u1ed9t \u1ee9ng d\u1ee5ng c\u1ee5 th\u1ec3 ch\u1ec9 d\u1ef1a tr\u00ean nhi\u1ec7t \u0111\u1ed9 v\u00e0 \u00e1p su\u1ea5t v\u1eadn h\u00e0nh. Lu\u00f4n tham kh\u1ea3o kh\u1ea3 n\u0103ng ch\u1ed1ng h\u00f3a ch\u1ea5t c\u1ee7a gio\u0103ng \u0111\u1ed1i v\u1edbi ch\u1ea5t l\u1ecfng.<\/p>\n<p><img loading=\"lazy\" decoding=\"async\" class=\"alignnone wp-image-987452526 size-full\" src=\"http:\/\/www.khonglieng.com.sg\/wp-content\/uploads\/klinger-psm-diagram.jpg\" sizes=\"(max-width: 340px) 100vw, 340px\" srcset=\"https:\/\/khonglieng.com.sg\/wp-content\/uploads\/klinger-psm-diagram.jpg 340w, https:\/\/khonglieng.com.sg\/wp-content\/uploads\/klinger-psm-diagram-300x278.jpg 300w\" alt=\"\" width=\"340\" height=\"315\" \/><\/p>\n<ol>\n<li>\u1ede khu v\u1ef1c m\u1ed9t, v\u1eadt li\u1ec7u gio\u0103ng th\u01b0\u1eddng ph\u00f9 h\u1ee3p t\u00f9y thu\u1ed9c v\u00e0o kh\u1ea3 n\u0103ng t\u01b0\u01a1ng th\u00edch h\u00f3a h\u1ecdc.<\/li>\n<li>\u1ede khu v\u1ef1c hai, v\u1eadt li\u1ec7u gio\u0103ng c\u00f3 th\u1ec3 ph\u00f9 h\u1ee3p nh\u01b0ng n\u00ean \u0111\u00e1nh gi\u00e1 k\u1ef9 thu\u1eadt.<\/li>\n<li>\u1ede khu v\u1ef1c ba, kh\u00f4ng l\u1eafp gio\u0103ng n\u1ebfu ch\u01b0a c\u00f3 \u0111\u00e1nh gi\u00e1 k\u1ef9 thu\u1eadt.<\/li>\n<\/ol>\n<p>&nbsp;<\/p>\n<p>D\u1eef li\u1ec7u k\u1ef9 thu\u1eadt \u2013 Gi\u00e1 tr\u1ecb ti\u00eau bi\u1ec3u cho \u0111\u1ed9 d\u00e0y 1,5mm<\/p>\n<table>\n<tbody>\n<tr>\n<td class=\"col1\">Compressibility (ASTM F36J)<\/td>\n<td class=\"col2\">35%<\/td>\n<\/tr>\n<tr>\n<td>Recovery (ASTM F36J)<\/td>\n<td>20%<\/td>\n<\/tr>\n<tr>\n<td>Stress relaxation DIN 52913<br \/>\n50 MPa, 16 h\/300\u00b0C<\/td>\n<td>48N\/mm<span class=\"small\"><sup>2<\/sup><\/span><\/td>\n<\/tr>\n<tr>\n<td>Stress relaxation BS 7531<br \/>\n40 MPa, 16 h\/300\u00b0C<\/td>\n<td>38N\/mm<span class=\"small\"><sup>2<\/sup><\/span><\/td>\n<\/tr>\n<tr>\n<td>Leachable chloride<\/td>\n<td>&lt;40ppm<\/td>\n<\/tr>\n<tr>\n<td>Graphite purity<\/td>\n<td>&gt;98%<\/td>\n<\/tr>\n<tr>\n<td>Gas leakage (DIN 3535\/6)<\/td>\n<td>&lt;1.0ml\/min<\/td>\n<\/tr>\n<tr>\n<td>Thickness increase after immersion in<br \/>\noil JRM 903: 5 h\/150\u00b0C<\/td>\n<td>&lt;2%<\/td>\n<\/tr>\n<tr>\n<td>Density<\/td>\n<td>1.0g\/cm<span class=\"small\"><sup>3<\/sup><\/span><\/td>\n<\/tr>\n<tr>\n<td>Standard insert: 316<\/td>\n<td>0.1mm<\/td>\n<\/tr>\n<\/tbody>\n<\/table>\n<p><strong>K\u00edch th\u01b0\u1edbc c\u1ee7a c\u00e1c t\u1ea5m ti\u00eau chu\u1ea9n<\/strong><\/p>\n<p>K\u00edch th\u01b0\u1edbc: 1000 x 1000mm, 1500 x 1500mm<\/p>\n<p>\u0110\u1ed9 d\u00e0y: 0,8mm, 1,0mm, 1,5mm, 2,0mm, 3,0mm<\/p>\n<p><strong>Ch\u1ee9c n\u0103ng v\u00e0 \u0111\u1ed9 b\u1ec1n<\/strong><\/p>\n<p>Hi\u1ec7u su\u1ea5t v\u00e0 tu\u1ed5i th\u1ecd c\u1ee7a gio\u0103ng KLINGER ph\u1ee5 thu\u1ed9c ph\u1ea7n l\u1edbn v\u00e0o vi\u1ec7c b\u1ea3o qu\u1ea3n v\u00e0 l\u1eafp \u0111\u1eb7t \u0111\u00fang c\u00e1ch, nh\u1eefng y\u1ebfu t\u1ed1 n\u1eb1m ngo\u00e0i t\u1ea7m ki\u1ec3m so\u00e1t c\u1ee7a nh\u00e0 s\u1ea3n xu\u1ea5t. Tuy nhi\u00ean, ch\u00fang t\u00f4i c\u00f3 th\u1ec3 \u0111\u1ea3m b\u1ea3o ch\u1ea5t l\u01b0\u1ee3ng tuy\u1ec7t v\u1eddi c\u1ee7a c\u00e1c s\u1ea3n ph\u1ea9m c\u1ee7a m\u00ecnh. V\u1edbi l\u01b0u \u00fd n\u00e0y, vui l\u00f2ng tu\u00e2n th\u1ee7 h\u01b0\u1edbng d\u1eabn l\u1eafp \u0111\u1eb7t c\u1ee7a ch\u00fang t\u00f4i.","protected":false},"excerpt":{"rendered":"<p><strong>\u0110\u1eb7c \u0111i\u1ec3m &amp; \u1ee9ng d\u1ee5ng ch\u00ednh<\/strong><\/p>\n<p>&nbsp;<\/p>\n<p>KLINGER\u00ae PSM c\u00f3 s\u1eb5n trong c\u1ea5u h\u00ecnh AS (ch\u1ed1ng d\u00ednh) ho\u1eb7c G \u0111\u1ed9c \u0111\u00e1o.<\/p>\n<p>C\u00f3 ch\u00e8n th\u00e9p c\u00f3 kh\u00eda \u0111\u1ec3 c\u1ea3i thi\u1ec7n kh\u1ea3 n\u0103ng ch\u1ed1ng n\u1ed5 v\u00e0 d\u1ec5 x\u1eed l\u00fd.<\/p>\n<p>Do kh\u1ea3 n\u0103ng ch\u1ecbu nhi\u1ec7t v\u00e0 h\u00f3a h\u1ecdc tuy\u1ec7t v\u1eddi c\u1ee7a than ch\u00ec n\u00ean than ch\u00ec \u0111\u01b0\u1ee3c s\u1eed d\u1ee5ng r\u1ed9ng r\u00e3i trong c\u00e1c ng\u00e0nh c\u00f4ng nghi\u1ec7p h\u00f3a d\u1ea7u v\u00e0 h\u00f3a ch\u1ea5t cho c\u00e1c nhi\u1ec7m v\u1ee5 x\u1eed l\u00fd v\u00e0 \u1ee9ng d\u1ee5ng h\u01a1i n\u01b0\u1edbc.<\/p>\n<p>\u0110\u01b0\u1ee3c ch\u1ee9ng nh\u1eadn an to\u00e0n ch\u00e1y n\u1ed5 API 6FB.<\/p>\n<p>Fire safe certified API 6FB.<\/p>\n","protected":false},"featured_media":1582,"template":"","meta":[],"product_cat":[247,240],"product_tag":[],"class_list":{"0":"post-1581","1":"product","2":"type-product","3":"status-publish","4":"has-post-thumbnail","6":"product_cat-graphite-laminates","7":"product_cat-klinger","9":"first","10":"instock","11":"shipping-taxable","12":"product-type-simple"},"_links":{"self":[{"href":"https:\/\/sval.vn\/vi\/wp-json\/wp\/v2\/product\/1581"}],"collection":[{"href":"https:\/\/sval.vn\/vi\/wp-json\/wp\/v2\/product"}],"about":[{"href":"https:\/\/sval.vn\/vi\/wp-json\/wp\/v2\/types\/product"}],"wp:featuredmedia":[{"embeddable":true,"href":"https:\/\/sval.vn\/vi\/wp-json\/wp\/v2\/media\/1582"}],"wp:attachment":[{"href":"https:\/\/sval.vn\/vi\/wp-json\/wp\/v2\/media?parent=1581"}],"wp:term":[{"taxonomy":"product_cat","embeddable":true,"href":"https:\/\/sval.vn\/vi\/wp-json\/wp\/v2\/product_cat?post=1581"},{"taxonomy":"product_tag","embeddable":true,"href":"https:\/\/sval.vn\/vi\/wp-json\/wp\/v2\/product_tag?post=1581"}],"curies":[{"name":"wp","href":"https:\/\/api.w.org\/{rel}","templated":true}]}}