{"id":1579,"date":"2024-09-23T04:46:03","date_gmt":"2024-09-23T04:46:03","guid":{"rendered":"https:\/\/sval.vn\/?post_type=product&#038;p=1579"},"modified":"2024-10-14T02:07:27","modified_gmt":"2024-10-14T02:07:27","slug":"klingermilam-pss","status":"publish","type":"product","link":"https:\/\/sval.vn\/vi\/san-pham\/klingermilam-pss\/","title":{"rendered":"KLINGERmilam PSS"},"content":{"rendered":"","protected":false},"excerpt":{"rendered":"<p><strong>\u0110\u1eb7c \u0111i\u1ec3m &amp; \u1ee9ng d\u1ee5ng ch\u00ednh<\/strong><\/p>\n<p>KLINGERmilam l\u00e0 v\u1eadt li\u1ec7u gio\u0103ng ch\u1ecbu nhi\u1ec7t \u0111\u1ed9 cao kh\u00f4ng ch\u1ee9a ami\u0103ng. KLINGERmilam \u0111\u1eb7c bi\u1ec7t ph\u00f9 h\u1ee3p \u0111\u1ec3 s\u1eed d\u1ee5ng trong c\u00e1c \u1ee9ng d\u1ee5ng axit m\u1ea1nh v\u00e0 nhi\u1ec7t \u0111\u1ed9 cao.<\/p>\n<p>N\u00f3 c\u0169ng ph\u00f9 h\u1ee3p \u1edf nhi\u1ec7t \u0111\u1ed9 cao h\u01a1n nhi\u1ec7t \u0111\u1ed9 \u1ee9ng d\u1ee5ng th\u00f4ng th\u01b0\u1eddng c\u1ee7a Graphite.<\/p>\n<p>&nbsp;<\/p>\n<p>\u0110\u01b0\u1ee3c s\u1eed d\u1ee5ng cho c\u00e1c \u1ee9ng d\u1ee5ng nhi\u1ec7t \u0111\u1ed9 cao nh\u01b0 \u1ed1ng x\u1ea3, tua bin, b\u1ed9 t\u0103ng \u00e1p v\u00e0 \u1ed1ng d\u1eabn \u0111\u1ea7u \u0111\u1ed1t.<\/p>\n<p>Kh\u1ea3 n\u0103ng ch\u1ed1ng nhi\u1ec7t kh\u00f4 tuy\u1ec7t v\u1eddi.<\/p>\n<p>Kh\u1ea3 n\u0103ng ch\u1ed1ng axit m\u1ea1nh, baz\u01a1, dung m\u00f4i, d\u1ea7u kho\u00e1ng t\u1ed1t.<\/p>\n<p>C\u01b0\u1eddng \u0111\u1ed9 n\u00e9n t\u1ed1t<\/p>\n<p>Kh\u00f4ng b\u1eaft l\u1eeda<\/p>\n<p>Kh\u00f4ng th\u1ea3i ra kh\u00f3i<\/p>\n<p>Kh\u00f4ng \u0111\u1ed9c h\u1ea1i<\/p>\n","protected":false},"featured_media":1580,"template":"","meta":[],"product_cat":[247,240],"product_tag":[],"class_list":{"0":"post-1579","1":"product","2":"type-product","3":"status-publish","4":"has-post-thumbnail","6":"product_cat-graphite-laminates","7":"product_cat-klinger","9":"first","10":"instock","11":"shipping-taxable","12":"product-type-simple"},"_links":{"self":[{"href":"https:\/\/sval.vn\/vi\/wp-json\/wp\/v2\/product\/1579"}],"collection":[{"href":"https:\/\/sval.vn\/vi\/wp-json\/wp\/v2\/product"}],"about":[{"href":"https:\/\/sval.vn\/vi\/wp-json\/wp\/v2\/types\/product"}],"wp:featuredmedia":[{"embeddable":true,"href":"https:\/\/sval.vn\/vi\/wp-json\/wp\/v2\/media\/1580"}],"wp:attachment":[{"href":"https:\/\/sval.vn\/vi\/wp-json\/wp\/v2\/media?parent=1579"}],"wp:term":[{"taxonomy":"product_cat","embeddable":true,"href":"https:\/\/sval.vn\/vi\/wp-json\/wp\/v2\/product_cat?post=1579"},{"taxonomy":"product_tag","embeddable":true,"href":"https:\/\/sval.vn\/vi\/wp-json\/wp\/v2\/product_tag?post=1579"}],"curies":[{"name":"wp","href":"https:\/\/api.w.org\/{rel}","templated":true}]}}