{"id":1577,"date":"2024-09-23T04:45:21","date_gmt":"2024-09-23T04:45:21","guid":{"rendered":"https:\/\/sval.vn\/?post_type=product&#038;p=1577"},"modified":"2024-10-14T02:09:38","modified_gmt":"2024-10-14T02:09:38","slug":"psm-eyelet-gasket-2","status":"publish","type":"product","link":"https:\/\/sval.vn\/vi\/san-pham\/psm-eyelet-gasket-2\/","title":{"rendered":"PSM Eyelet Gasket"},"content":{"rendered":"","protected":false},"excerpt":{"rendered":"<p><strong>\u0110\u1eb7c \u0111i\u1ec3m &amp; \u1ee9ng d\u1ee5ng ch\u00ednh<\/strong><\/p>\n<p>L\u1edbp ph\u1ee7 ch\u1ed1ng d\u00ednh \u0111\u1ed9c \u0111\u00e1o \u2013 kh\u00f4ng c\u1ea7n v\u1ec7 sinh m\u1eb7t b\u00edch kh\u00f4ng c\u1ea7n thi\u1ebft.<\/p>\n<p>Kh\u1ea3 n\u0103ng ch\u1ed1ng n\u1ed5 cao so v\u1edbi gio\u0103ng kh\u00f4ng ph\u1ea3i kim lo\u1ea1i.<\/p>\n<p>Kh\u00f4ng c\u00f3 kh\u1ea3 n\u0103ng r\u00f2 r\u1ec9 qua th\u00e2n gio\u0103ng.<\/p>\n<p>\u0110\u1ed9 k\u00edn ch\u00e2n kh\u00f4ng tuy\u1ec7t v\u1eddi \u1edf nhi\u1ec7t \u0111\u1ed9 cao.<\/p>\n<p>Graphite c\u00f3 r\u00e3nh k\u1ebft h\u1ee3p v\u1edbi l\u1ed7 kim lo\u1ea1i t\u1ea1o ra kh\u1ea3 n\u0103ng ch\u1ed1ng \u0111\u00f9n graphite cao, ng\u0103n ng\u1eeba \u00f4 nhi\u1ec5m \u0111\u01b0\u1eddng \u1ed1ng.<\/p>\n<p>Kh\u1ea3 n\u0103ng ch\u1ed1ng h\u00f3a ch\u1ea5t r\u1ed9ng.<\/p>\n<p>Gio\u0103ng ph\u00e1t th\u1ea3i th\u1ea5p.<\/p>\n<p>Nhi\u1ec7t \u0111\u1ed9 t\u1ed1i \u0111a 450\u00b0C khi ti\u1ebfp x\u00fac v\u1edbi kh\u00f4ng kh\u00ed\/oxy \u2013 nhi\u1ec7t \u0111\u1ed9 cao h\u01a1n c\u00f3 th\u1ec3 x\u1ea3y ra trong m\u00f4i tr\u01b0\u1eddng kh\u00f4ng c\u00f3 oxy ho\u1eb7c kh\u1eed.<\/p>\n<p>L\u00e0m k\u00edn c\u00e1c m\u1eb7t b\u00edch c\u00f3 t\u00ecnh tr\u1ea1ng k\u00e9m do b\u1ecbt k\u00edn b\u1eb1ng graphite trong khi v\u1eadt li\u1ec7u l\u1ed7 c\u00f3 th\u1ec3 ph\u00f9 h\u1ee3p v\u1edbi m\u00f4i tr\u01b0\u1eddng x\u1eed l\u00fd.<\/p>\n<p>Th\u00e9p cacbon m\u1ea1 k\u1ebdm v\u00e0 316 l\u00e0 c\u00e1c lo\u1ea1i l\u1ed7 ti\u00eau chu\u1ea9n.<\/p>\n<p>Ch\u00e8n c\u00f3 r\u00e3nh ng\u0103n ng\u1eeba s\u1ef1 gi\u00e3n n\u1edf qu\u00e1 m\u1ee9c c\u1ee7a graphite d\u01b0\u1edbi nhi\u1ec7t \u0111\u1ed9\/\u00e1p su\u1ea5t cao.<\/p>\n<p>&nbsp;<\/p>\n<p><strong>V\u1eadt li\u1ec7u<\/strong><\/p>\n<p>K\u1ebft h\u1ee3p c\u00e1c \u01b0u \u0111i\u1ec3m c\u1ee7a PSM v\u1edbi l\u1ed7 kim lo\u1ea1i \u1edf \u0111\u01b0\u1eddng k\u00ednh b\u00ean trong c\u1ee7a gio\u0103ng.<\/p>\n<p>M\u1eb7t c\u1eaft ngang c\u1ee7a gio\u0103ng<\/p>\n","protected":false},"featured_media":1578,"template":"","meta":[],"product_cat":[247,240],"product_tag":[],"class_list":{"0":"post-1577","1":"product","2":"type-product","3":"status-publish","4":"has-post-thumbnail","6":"product_cat-graphite-laminates","7":"product_cat-klinger","9":"first","10":"instock","11":"shipping-taxable","12":"product-type-simple"},"_links":{"self":[{"href":"https:\/\/sval.vn\/vi\/wp-json\/wp\/v2\/product\/1577"}],"collection":[{"href":"https:\/\/sval.vn\/vi\/wp-json\/wp\/v2\/product"}],"about":[{"href":"https:\/\/sval.vn\/vi\/wp-json\/wp\/v2\/types\/product"}],"wp:featuredmedia":[{"embeddable":true,"href":"https:\/\/sval.vn\/vi\/wp-json\/wp\/v2\/media\/1578"}],"wp:attachment":[{"href":"https:\/\/sval.vn\/vi\/wp-json\/wp\/v2\/media?parent=1577"}],"wp:term":[{"taxonomy":"product_cat","embeddable":true,"href":"https:\/\/sval.vn\/vi\/wp-json\/wp\/v2\/product_cat?post=1577"},{"taxonomy":"product_tag","embeddable":true,"href":"https:\/\/sval.vn\/vi\/wp-json\/wp\/v2\/product_tag?post=1577"}],"curies":[{"name":"wp","href":"https:\/\/api.w.org\/{rel}","templated":true}]}}