{"id":1575,"date":"2024-09-23T04:43:22","date_gmt":"2024-09-23T04:43:22","guid":{"rendered":"https:\/\/sval.vn\/?post_type=product&#038;p=1575"},"modified":"2024-10-14T02:18:56","modified_gmt":"2024-10-14T02:18:56","slug":"lens-rings","status":"publish","type":"product","link":"https:\/\/sval.vn\/vi\/san-pham\/lens-rings\/","title":{"rendered":"Lens Rings"},"content":{"rendered":"","protected":false},"excerpt":{"rendered":"<p><strong>V\u00f2ng th\u1ea5u k\u00ednh<\/strong><\/p>\n<p>V\u00f2ng th\u1ea5u k\u00ednh c\u00f3 b\u1ec1 m\u1eb7t h\u00ecnh c\u1ea7u v\u00e0 \u0111\u01b0\u1ee3c s\u1eed d\u1ee5ng tr\u00ean c\u00e1c m\u1eb7t b\u00edch c\u00f3 m\u1eb7t h\u00ecnh n\u00f3n. V\u1eadt li\u1ec7u gio\u0103ng ph\u1ea3i m\u1ec1m h\u01a1n v\u1eadt li\u1ec7u m\u1eb7t b\u00edch, \u0111\u1ea3m b\u1ea3o r\u1eb1ng t\u1ea3i tr\u1ecdng n\u00e9n \u0111\u01b0\u1ee3c \u00e1p d\u1ee5ng d\u1eabn \u0111\u1ebfn bi\u1ebfn d\u1ea1ng \u0111\u00e0n h\u1ed3i ho\u1eb7c d\u1ebbo c\u1ee7a gio\u0103ng ch\u1ee9 kh\u00f4ng ph\u1ea3i m\u1eb7t b\u1ecbt k\u00edn c\u1ee7a m\u1eb7t b\u00edch.<\/p>\n<p>B\u1eb1ng c\u00e1ch \u00e1p d\u1ee5ng t\u1ea3i tr\u1ecdng cao h\u01a1n l\u00ean gio\u0103ng, di\u1ec7n t\u00edch ti\u1ebfp x\u00fac gi\u1eefa gio\u0103ng v\u00e0 m\u1eb7t b\u00edch s\u1ebd t\u0103ng l\u00ean. \u0110i\u1ec1u n\u00e0y ng\u0103n kh\u00f4ng cho gio\u0103ng b\u1ecb qu\u00e1 t\u1ea3i.<\/p>\n<p>C\u0169ng nh\u01b0 v\u1edbi t\u1ea5t c\u1ea3 c\u00e1c m\u1ed1i n\u1ed1i kim lo\u1ea1i, kh\u00f4ng n\u00ean t\u00e1i s\u1eed d\u1ee5ng V\u00f2ng th\u1ea5u k\u00ednh.<\/p>\n","protected":false},"featured_media":1576,"template":"","meta":[],"product_cat":[240,253],"product_tag":[],"class_list":{"0":"post-1575","1":"product","2":"type-product","3":"status-publish","4":"has-post-thumbnail","6":"product_cat-klinger","7":"product_cat-ring-type-joints","9":"first","10":"instock","11":"shipping-taxable","12":"product-type-simple"},"_links":{"self":[{"href":"https:\/\/sval.vn\/vi\/wp-json\/wp\/v2\/product\/1575"}],"collection":[{"href":"https:\/\/sval.vn\/vi\/wp-json\/wp\/v2\/product"}],"about":[{"href":"https:\/\/sval.vn\/vi\/wp-json\/wp\/v2\/types\/product"}],"wp:featuredmedia":[{"embeddable":true,"href":"https:\/\/sval.vn\/vi\/wp-json\/wp\/v2\/media\/1576"}],"wp:attachment":[{"href":"https:\/\/sval.vn\/vi\/wp-json\/wp\/v2\/media?parent=1575"}],"wp:term":[{"taxonomy":"product_cat","embeddable":true,"href":"https:\/\/sval.vn\/vi\/wp-json\/wp\/v2\/product_cat?post=1575"},{"taxonomy":"product_tag","embeddable":true,"href":"https:\/\/sval.vn\/vi\/wp-json\/wp\/v2\/product_tag?post=1575"}],"curies":[{"name":"wp","href":"https:\/\/api.w.org\/{rel}","templated":true}]}}