{"id":1573,"date":"2024-09-23T04:42:37","date_gmt":"2024-09-23T04:42:37","guid":{"rendered":"https:\/\/sval.vn\/?post_type=product&#038;p=1573"},"modified":"2024-10-14T02:22:07","modified_gmt":"2024-10-14T02:22:07","slug":"style-rx","status":"publish","type":"product","link":"https:\/\/sval.vn\/vi\/san-pham\/style-rx\/","title":{"rendered":"Style RX"},"content":{"rendered":"","protected":false},"excerpt":{"rendered":"<p><strong>\u1ee8ng d\u1ee5ng<\/strong><\/p>\n<p>\u0110\u01b0\u1ee3c s\u1eed d\u1ee5ng cho c\u00e1c \u1ee9ng d\u1ee5ng \u00e1p su\u1ea5t cao.<\/p>\n<p>Ki\u1ec3u RX \u0111\u01b0\u1ee3c thi\u1ebft k\u1ebf \u0111\u1ec3 ph\u00f9 h\u1ee3p v\u1edbi c\u00f9ng thi\u1ebft k\u1ebf r\u00e3nh nh\u01b0 ki\u1ec3u R ti\u00eau chu\u1ea9n, gi\u00fap c\u00e1c m\u1ed1i n\u1ed1i c\u00f3 th\u1ec3 ho\u00e1n \u0111\u1ed5i cho nhau<\/p>\n<p>Ki\u1ec3u RX c\u00f3 chi\u1ec1u cao t\u0103ng l\u00ean v\u00e0 s\u1eed d\u1ee5ng \u00e1p su\u1ea5t h\u1ec7 th\u1ed1ng b\u00ean trong \u0111\u1ec3 cung c\u1ea5p n\u0103ng l\u01b0\u1ee3ng v\u00e0 c\u1ea3i thi\u1ec7n \u0111\u1ed9 k\u00edn khi \u00e1p su\u1ea5t b\u00ean trong t\u0103ng l\u00ean<\/p>\n<p>Th\u00edch h\u1ee3p cho m\u1eb7t b\u00edch r\u00e3nh \u0111\u00e1y ph\u1eb3ng<\/p>\n<p>C\u0169ng c\u00f3 s\u1eb5n trong Ki\u1ec3u SRX.<\/p>\n","protected":false},"featured_media":1574,"template":"","meta":[],"product_cat":[240,253],"product_tag":[],"class_list":{"0":"post-1573","1":"product","2":"type-product","3":"status-publish","4":"has-post-thumbnail","6":"product_cat-klinger","7":"product_cat-ring-type-joints","9":"first","10":"instock","11":"shipping-taxable","12":"product-type-simple"},"_links":{"self":[{"href":"https:\/\/sval.vn\/vi\/wp-json\/wp\/v2\/product\/1573"}],"collection":[{"href":"https:\/\/sval.vn\/vi\/wp-json\/wp\/v2\/product"}],"about":[{"href":"https:\/\/sval.vn\/vi\/wp-json\/wp\/v2\/types\/product"}],"wp:featuredmedia":[{"embeddable":true,"href":"https:\/\/sval.vn\/vi\/wp-json\/wp\/v2\/media\/1574"}],"wp:attachment":[{"href":"https:\/\/sval.vn\/vi\/wp-json\/wp\/v2\/media?parent=1573"}],"wp:term":[{"taxonomy":"product_cat","embeddable":true,"href":"https:\/\/sval.vn\/vi\/wp-json\/wp\/v2\/product_cat?post=1573"},{"taxonomy":"product_tag","embeddable":true,"href":"https:\/\/sval.vn\/vi\/wp-json\/wp\/v2\/product_tag?post=1573"}],"curies":[{"name":"wp","href":"https:\/\/api.w.org\/{rel}","templated":true}]}}