{"id":1571,"date":"2024-09-23T04:41:50","date_gmt":"2024-09-23T04:41:50","guid":{"rendered":"https:\/\/sval.vn\/?post_type=product&#038;p=1571"},"modified":"2024-10-14T02:22:36","modified_gmt":"2024-10-14T02:22:36","slug":"style-r-oval","status":"publish","type":"product","link":"https:\/\/sval.vn\/vi\/san-pham\/style-r-oval\/","title":{"rendered":"Style R Oval"},"content":{"rendered":"","protected":false},"excerpt":{"rendered":"<p><strong>\u1ee8ng d\u1ee5ng<\/strong><\/p>\n<p>\u0110\u01b0\u1ee3c s\u1eed d\u1ee5ng cho c\u00e1c \u1ee9ng d\u1ee5ng \u00e1p su\u1ea5t cao.<\/p>\n<p><strong>T\u00ednh ch\u1ea5t \u0111i\u1ec3n h\u00ecnh<\/strong><\/p>\n<p>\u0110\u1ed9 k\u00edn to\u00e0n v\u1eb9n cao \u1edf \u00e1p su\u1ea5t cao<\/p>\n<p>Th\u00edch h\u1ee3p cho m\u1eb7t b\u00edch r\u00e3nh \u0111\u00e1y ph\u1eb3ng v\u00e0 tr\u00f2n. C\u00f3 th\u1ec3 ho\u00e1n \u0111\u1ed5i tr\u00ean m\u1eb7t b\u00edch r\u00e3nh ki\u1ec3u b\u00e1t gi\u00e1c hi\u1ec7n \u0111\u1ea1i.<\/p>\n<p>C\u00f3 s\u1eb5n trong c\u00e1c s\u1ed1 v\u00f2ng R11 \u0111\u1ebfn R105<\/p>\n","protected":false},"featured_media":1572,"template":"","meta":[],"product_cat":[240,253],"product_tag":[],"class_list":{"0":"post-1571","1":"product","2":"type-product","3":"status-publish","4":"has-post-thumbnail","6":"product_cat-klinger","7":"product_cat-ring-type-joints","9":"first","10":"instock","11":"shipping-taxable","12":"product-type-simple"},"_links":{"self":[{"href":"https:\/\/sval.vn\/vi\/wp-json\/wp\/v2\/product\/1571"}],"collection":[{"href":"https:\/\/sval.vn\/vi\/wp-json\/wp\/v2\/product"}],"about":[{"href":"https:\/\/sval.vn\/vi\/wp-json\/wp\/v2\/types\/product"}],"wp:featuredmedia":[{"embeddable":true,"href":"https:\/\/sval.vn\/vi\/wp-json\/wp\/v2\/media\/1572"}],"wp:attachment":[{"href":"https:\/\/sval.vn\/vi\/wp-json\/wp\/v2\/media?parent=1571"}],"wp:term":[{"taxonomy":"product_cat","embeddable":true,"href":"https:\/\/sval.vn\/vi\/wp-json\/wp\/v2\/product_cat?post=1571"},{"taxonomy":"product_tag","embeddable":true,"href":"https:\/\/sval.vn\/vi\/wp-json\/wp\/v2\/product_tag?post=1571"}],"curies":[{"name":"wp","href":"https:\/\/api.w.org\/{rel}","templated":true}]}}