{"id":1567,"date":"2024-09-23T04:39:52","date_gmt":"2024-09-23T04:39:52","guid":{"rendered":"https:\/\/sval.vn\/?post_type=product&#038;p=1567"},"modified":"2024-10-14T02:23:37","modified_gmt":"2024-10-14T02:23:37","slug":"style-bx","status":"publish","type":"product","link":"https:\/\/sval.vn\/vi\/san-pham\/style-bx\/","title":{"rendered":"Style BX"},"content":{"rendered":"","protected":false},"excerpt":{"rendered":"<p><strong>\u1ee8ng d\u1ee5ng<\/strong><\/p>\n<p>&nbsp;<\/p>\n<p>Kh\u1edbp n\u1ed1i v\u00f2ng lo\u1ea1i Style BX \u0111\u01b0\u1ee3c s\u1ea3n xu\u1ea5t theo API 6A \u0111\u1ec3 s\u1eed d\u1ee5ng trong \u0111i\u1ec1u ki\u1ec7n \u00e1p su\u1ea5t cao.<\/p>\n<p>Kh\u1edbp n\u1ed1i v\u00f2ng lo\u1ea1i Style BX k\u1ebft h\u1ee3p m\u1ed9t l\u1ed7 d\u1eabn \u00e1p su\u1ea5t \u0111\u1ec3 c\u00e2n b\u1eb1ng \u00e1p su\u1ea5t \u1edf m\u1ed7i b\u00ean c\u1ee7a m\u1eb7t b\u1ecbt k\u00edn.<\/p>\n<p>Ki\u1ec3u BX kh\u00f4ng th\u1ec3 ho\u00e1n \u0111\u1ed5i v\u1edbi b\u1ea5t k\u1ef3 ki\u1ec3u n\u00e0o kh\u00e1c v\u00e0 ch\u1ec9 ph\u00f9 h\u1ee3p v\u1edbi m\u1eb7t b\u00edch API 6BX.<\/p>\n<p>C\u0169ng c\u00f3 s\u1eb5n \u1edf Ki\u1ec3u SBX.<\/p>\n","protected":false},"featured_media":1568,"template":"","meta":[],"product_cat":[240,253],"product_tag":[],"class_list":{"0":"post-1567","1":"product","2":"type-product","3":"status-publish","4":"has-post-thumbnail","6":"product_cat-klinger","7":"product_cat-ring-type-joints","9":"first","10":"instock","11":"shipping-taxable","12":"product-type-simple"},"_links":{"self":[{"href":"https:\/\/sval.vn\/vi\/wp-json\/wp\/v2\/product\/1567"}],"collection":[{"href":"https:\/\/sval.vn\/vi\/wp-json\/wp\/v2\/product"}],"about":[{"href":"https:\/\/sval.vn\/vi\/wp-json\/wp\/v2\/types\/product"}],"wp:featuredmedia":[{"embeddable":true,"href":"https:\/\/sval.vn\/vi\/wp-json\/wp\/v2\/media\/1568"}],"wp:attachment":[{"href":"https:\/\/sval.vn\/vi\/wp-json\/wp\/v2\/media?parent=1567"}],"wp:term":[{"taxonomy":"product_cat","embeddable":true,"href":"https:\/\/sval.vn\/vi\/wp-json\/wp\/v2\/product_cat?post=1567"},{"taxonomy":"product_tag","embeddable":true,"href":"https:\/\/sval.vn\/vi\/wp-json\/wp\/v2\/product_tag?post=1567"}],"curies":[{"name":"wp","href":"https:\/\/api.w.org\/{rel}","templated":true}]}}