{"id":1565,"date":"2024-09-23T04:37:17","date_gmt":"2024-09-23T04:37:17","guid":{"rendered":"https:\/\/sval.vn\/?post_type=product&#038;p=1565"},"modified":"2024-10-14T02:24:18","modified_gmt":"2024-10-14T02:24:18","slug":"klinger-ix-seal-ring","status":"publish","type":"product","link":"https:\/\/sval.vn\/vi\/san-pham\/klinger-ix-seal-ring\/","title":{"rendered":"Klinger IX Seal Ring"},"content":{"rendered":"","protected":false},"excerpt":{"rendered":"<p><strong>\u1ee8ng d\u1ee5ng<\/strong><\/p>\n<p>S\u1eed d\u1ee5ng cho c\u00e1c \u1ee9ng d\u1ee5ng \u00e1p su\u1ea5t cao<\/p>\n<p>D\u00f9ng trong m\u1eb7t b\u00edch nh\u1ecf g\u1ecdn<\/p>\n<p>&nbsp;<\/p>\n<p><strong>\u0110\u1eb7c t\u00ednh ti\u00eau bi\u1ec3u<\/strong><\/p>\n<p>\u0110\u1ed9 k\u00edn to\u00e0n v\u1eb9n cao \u1edf \u00e1p su\u1ea5t cao<\/p>\n<p>L\u1edbp ph\u1ee7 PTFE c\u1ea3i thi\u1ec7n kh\u1ea3 n\u0103ng ch\u1ed1ng \u0103n m\u00f2n v\u00e0 d\u1ec5 d\u00e0ng nh\u1eadn d\u1ea1ng<\/p>\n<p>\u0110\u01b0\u1ee3c thi\u1ebft k\u1ebf \u0111\u1ec3 t\u1ea1o m\u1ed1i n\u1ed1i to\u00e0n v\u1eb9n cao v\u1edbi ph\u1edbt ch\u00ednh v\u00e0 ph\u1edbt ph\u1ee5<\/p>\n<p><strong>Th\u00f4ng s\u1ed1 k\u1ef9 thu\u1eadt ti\u00eau bi\u1ec3u:<\/strong><\/p>\n<p>D\u00f9ng cho lo\u1ea1i l\u00ean \u0111\u1ebfn 2500<\/p>\n<p>\u0110\u01b0\u1ee3c s\u1ea3n xu\u1ea5t theo ti\u00eau chu\u1ea9n ASME B16 20<\/p>\n<p>C\u0169ng c\u00f3 s\u1eb5n trong nhi\u1ec1u lo\u1ea1i h\u1ee3p kim: Th\u00e9p cacbon th\u1ea5p, Duplex v\u00e0 Inconel 625<\/p>\n","protected":false},"featured_media":1566,"template":"","meta":[],"product_cat":[240,253],"product_tag":[],"class_list":{"0":"post-1565","1":"product","2":"type-product","3":"status-publish","4":"has-post-thumbnail","6":"product_cat-klinger","7":"product_cat-ring-type-joints","9":"first","10":"instock","11":"shipping-taxable","12":"product-type-simple"},"_links":{"self":[{"href":"https:\/\/sval.vn\/vi\/wp-json\/wp\/v2\/product\/1565"}],"collection":[{"href":"https:\/\/sval.vn\/vi\/wp-json\/wp\/v2\/product"}],"about":[{"href":"https:\/\/sval.vn\/vi\/wp-json\/wp\/v2\/types\/product"}],"wp:featuredmedia":[{"embeddable":true,"href":"https:\/\/sval.vn\/vi\/wp-json\/wp\/v2\/media\/1566"}],"wp:attachment":[{"href":"https:\/\/sval.vn\/vi\/wp-json\/wp\/v2\/media?parent=1565"}],"wp:term":[{"taxonomy":"product_cat","embeddable":true,"href":"https:\/\/sval.vn\/vi\/wp-json\/wp\/v2\/product_cat?post=1565"},{"taxonomy":"product_tag","embeddable":true,"href":"https:\/\/sval.vn\/vi\/wp-json\/wp\/v2\/product_tag?post=1565"}],"curies":[{"name":"wp","href":"https:\/\/api.w.org\/{rel}","templated":true}]}}