{"id":1562,"date":"2024-09-23T04:36:07","date_gmt":"2024-09-23T04:36:07","guid":{"rendered":"https:\/\/sval.vn\/?post_type=product&#038;p=1562"},"modified":"2024-10-14T02:25:35","modified_gmt":"2024-10-14T02:25:35","slug":"stainless-steel","status":"publish","type":"product","link":"https:\/\/sval.vn\/vi\/san-pham\/stainless-steel\/","title":{"rendered":"Stainless Steel"},"content":{"rendered":"<strong>Ki\u1ec3u 1 Ki\u1ec3u d\u00e2y \u0111eo<\/strong><\/p>\n<p><img loading=\"lazy\" decoding=\"async\" class=\"alignnone wp-image-987452646\" src=\"http:\/\/www.khonglieng.com.sg\/wp-content\/uploads\/stainless-steel.jpg\" alt=\"Stainless Steel\" width=\"206\" height=\"242\" \/><\/p>\n<p>K\u1ebft c\u1ea5u th\u00e9p kh\u00f4ng g\u1ec9 316.<\/p>\n<p>C\u00e1c l\u1edbp l\u01b0\u1edbi th\u00e9p kh\u00f4ng g\u1ec9 h\u1ea5p th\u1ee5 v\u00e0 t\u1ea3n nhi\u1ec7t phun \u00e1p su\u1ea5t.<\/p>\n<p>Kh\u00f4ng c\u1ea7n d\u1ee5ng c\u1ee5, l\u1eafp \u0111\u1eb7t nhanh ch\u00f3ng th\u00f4ng qua ch\u1ed1t nhanh c\u00f3 th\u1ec3 \u0111i\u1ec1u ch\u1ec9nh.<\/p>\n<p>Kh\u00f4ng c\u00f3 c\u1ea1nh s\u1eafc.<\/p>\n<p>Tuy\u1ec7t v\u1eddi cho nhi\u1ec7t \u0111\u1ed9 v\u00e0 \u00e1p su\u1ea5t cao.<\/p>\n<p>Khuy\u1ebfn ngh\u1ecb cho h\u01a1i n\u01b0\u1edbc, ch\u1ea5t d\u1ec5 ch\u00e1y v\u00e0 ph\u00f2ng ch\u00e1y.<\/p>\n<p>Nhi\u1ec7t \u0111\u1ed9 t\u1ed1i \u0111a 1093\u00b0C, \u00e1p su\u1ea5t t\u1ed1i \u0111a 3000 psi.<\/p>\n<p><strong>Ki\u1ec3u 2<\/strong><\/p>\n<p><img loading=\"lazy\" decoding=\"async\" class=\"alignnone wp-image-987452814\" src=\"http:\/\/www.khonglieng.com.sg\/wp-content\/uploads\/klinger-stainless-steel-type2.jpg\" alt=\"Klinger Stainless Steel Type2\" width=\"211\" height=\"201\" \/><\/p>\n<p>C\u00e1c c\u1ea1nh ch\u1ed3ng l\u00ean nhau c\u00f3 r\u00e3nh ng\u0103n kh\u00f4ng cho phun ngang ra ngo\u00e0i.<\/p>\n<p>Thanh \u0111\u1ec7m n\u00e2ng t\u1ea5m ch\u1eafn ra kh\u1ecfi m\u1eb7t b\u00edch \u0111\u1ec3 t\u1ea3n nhi\u1ec7t.<\/p>\n<p>Tuy\u1ec7t v\u1eddi cho nhi\u1ec7t \u0111\u1ed9 v\u00e0 \u00e1p su\u1ea5t cao.<\/p>\n<p>Khuy\u1ebfn ngh\u1ecb cho h\u01a1i n\u01b0\u1edbc, ch\u1ea5t d\u1ec5 ch\u00e1y v\u00e0 ph\u00f2ng ch\u00e1y.<\/p>\n<p>Nhi\u1ec7t \u0111\u1ed9 t\u1ed1i \u0111a 1093\u00b0C, \u00e1p su\u1ea5t t\u1ed1i \u0111a 3000 psi.","protected":false},"excerpt":{"rendered":"<p>C\u00f3 hai ki\u1ec3u<\/p>\n","protected":false},"featured_media":1563,"template":"","meta":[],"product_cat":[240,256],"product_tag":[],"class_list":{"0":"post-1562","1":"product","2":"type-product","3":"status-publish","4":"has-post-thumbnail","6":"product_cat-klinger","7":"product_cat-safety-spray-shield","9":"first","10":"instock","11":"shipping-taxable","12":"product-type-simple"},"_links":{"self":[{"href":"https:\/\/sval.vn\/vi\/wp-json\/wp\/v2\/product\/1562"}],"collection":[{"href":"https:\/\/sval.vn\/vi\/wp-json\/wp\/v2\/product"}],"about":[{"href":"https:\/\/sval.vn\/vi\/wp-json\/wp\/v2\/types\/product"}],"wp:featuredmedia":[{"embeddable":true,"href":"https:\/\/sval.vn\/vi\/wp-json\/wp\/v2\/media\/1563"}],"wp:attachment":[{"href":"https:\/\/sval.vn\/vi\/wp-json\/wp\/v2\/media?parent=1562"}],"wp:term":[{"taxonomy":"product_cat","embeddable":true,"href":"https:\/\/sval.vn\/vi\/wp-json\/wp\/v2\/product_cat?post=1562"},{"taxonomy":"product_tag","embeddable":true,"href":"https:\/\/sval.vn\/vi\/wp-json\/wp\/v2\/product_tag?post=1562"}],"curies":[{"name":"wp","href":"https:\/\/api.w.org\/{rel}","templated":true}]}}