{"id":1555,"date":"2024-09-23T04:31:43","date_gmt":"2024-09-23T04:31:43","guid":{"rendered":"https:\/\/sval.vn\/?post_type=product&#038;p=1555"},"modified":"2024-10-14T02:56:49","modified_gmt":"2024-10-14T02:56:49","slug":"flange-shields","status":"publish","type":"product","link":"https:\/\/sval.vn\/vi\/san-pham\/flange-shields\/","title":{"rendered":"Flange Shields"},"content":{"rendered":"<strong>Polyethylene<\/strong><\/p>\n<p><img loading=\"lazy\" decoding=\"async\" class=\"alignnone size-full wp-image-987451947\" src=\"http:\/\/www.khonglieng.com.sg\/wp-content\/uploads\/2017\/06\/1-5.png\" alt=\"\" width=\"162\" height=\"151\" \/><\/p>\n<ul>\n<li>V\u1ea3i polyethylene trong su\u1ed1t, gia c\u1ed1.<\/li>\n<li>K\u1ebft c\u1ea5u nhi\u1ec1u l\u1edbp.<\/li>\n<li>S\u1ee3i poly v\u00e0 d\u00e2y r\u00fat ch\u1eafc ch\u1eafn.<\/li>\n<li>Nhi\u1ec7t \u0111\u1ed9 ho\u1ea1t \u0111\u1ed9ng t\u1ed1i \u0111a l\u00e0 76\u00b0C<\/li>\n<\/ul>\n<p><strong>Polypropylene<\/strong><\/p>\n<p><img loading=\"lazy\" decoding=\"async\" class=\"alignnone size-full wp-image-987451948\" src=\"http:\/\/www.khonglieng.com.sg\/wp-content\/uploads\/2017\/06\/2-5.png\" alt=\"\" width=\"162\" height=\"171\" \/><\/p>\n<ul>\n<li>V\u1ea3i polypropylene d\u1ec7t ch\u1eafc ch\u1eafn.<\/li>\n<li>K\u1ebft c\u1ea5u nhi\u1ec1u l\u1edbp.<\/li>\n<li>Ch\u00e8n \u1edf gi\u1eefa t\u1ea1o th\u00e0nh l\u1edbp b\u1ea3o v\u1ec7 th\u1ee9 4.<\/li>\n<li>S\u1ee3i polypropylen v\u00e0 d\u00e2y r\u00fat.<\/li>\n<li>Nhi\u1ec7t \u0111\u1ed9 ho\u1ea1t \u0111\u1ed9ng t\u1ed1i \u0111a l\u00e0 93\u00b0C<\/li>\n<\/ul>\n<p><strong>Vinyl<\/strong><\/p>\n<p><img loading=\"lazy\" decoding=\"async\" class=\"alignnone size-full wp-image-987451950\" src=\"http:\/\/www.khonglieng.com.sg\/wp-content\/uploads\/2017\/06\/4-5.png\" alt=\"\" width=\"162\" height=\"172\" \/><\/p>\n<ul>\n<li>K\u1ebft c\u1ea5u nhi\u1ec1u l\u1edbp.<\/li>\n<li>S\u1ee3i poly v\u00e0 d\u00e2y r\u00fat ch\u1eafc ch\u1eafn.<\/li>\n<li>M\u00e0u ti\u00eau chu\u1ea9n l\u00e0 cam an to\u00e0n. M\u00e0u v\u00e0ng v\u00e0 c\u00e1c m\u00e0u kh\u00e1c c\u00f3 s\u1eb5n theo y\u00eau c\u1ea7u.<\/li>\n<li>Nhi\u1ec7t \u0111\u1ed9 ho\u1ea1t \u0111\u1ed9ng t\u1ed1i \u0111a l\u00e0 76\u00b0C<\/li>\n<\/ul>\n<p><strong>Standard Teflon\u00ae<\/strong><\/p>\n<p><img loading=\"lazy\" decoding=\"async\" class=\"alignnone size-full wp-image-987451952\" src=\"http:\/\/www.khonglieng.com.sg\/wp-content\/uploads\/2017\/06\/6-3.png\" alt=\"\" width=\"163\" height=\"172\" \/><\/p>\n<ul>\n<li>V\u1ea3i th\u1ee7y tinh ph\u1ee7 Teflon\u00ae.<\/li>\n<li>K\u1ebft c\u1ea5u nhi\u1ec1u l\u1edbp, gia c\u1ed1.<\/li>\n<li>S\u1ee3i th\u1ee7y tinh ph\u1ee7 Teflon\u00ae ho\u1eb7c s\u1ee3i Nomex\u00ae v\u00e0 d\u00e2y r\u00fat.<\/li>\n<li>Ch\u1ed1ng ch\u00e1y.<\/li>\n<li>Nhi\u1ec7t \u0111\u1ed9 ho\u1ea1t \u0111\u1ed9ng t\u1ed1i \u0111a l\u00e0 232\u00b0C<\/li>\n<\/ul>\n<p><strong>Premium Teflon<\/strong><strong>\u00ae<\/strong><\/p>\n<p><img loading=\"lazy\" decoding=\"async\" class=\"alignnone size-full wp-image-987451949\" src=\"http:\/\/www.khonglieng.com.sg\/wp-content\/uploads\/2017\/06\/3-5.png\" sizes=\"(max-width: 162px) 100vw, 162px\" srcset=\"https:\/\/khonglieng.com.sg\/wp-content\/uploads\/2017\/06\/3-5.png 162w, https:\/\/khonglieng.com.sg\/wp-content\/uploads\/2017\/06\/3-5-150x150.png 150w, https:\/\/khonglieng.com.sg\/wp-content\/uploads\/2017\/06\/3-5-157x157.png 157w\" alt=\"\" width=\"162\" height=\"161\" \/><\/p>\n<ul>\n<li>V\u1ea3i c\u00f3 h\u00e0m l\u01b0\u1ee3ng Teflon\u00ae t\u1ed1i \u0111a cho kh\u1ea3 n\u0103ng ho\u1ea1t \u0111\u1ed9ng c\u1ef1c t\u1ed1t v\u00e0 tu\u1ed5i th\u1ecd cao.<\/li>\n<li>K\u1ebft c\u1ea5u nhi\u1ec1u l\u1edbp.<\/li>\n<li>S\u1ee3i th\u1ee7y tinh ph\u1ee7 Teflon\u00ae ho\u1eb7c s\u1ee3i Nomex\u00ae v\u00e0 d\u00e2y r\u00fat.<\/li>\n<li>Ch\u1ed1ng ch\u00e1y v\u00e0 r\u00e1ch.<\/li>\n<li>Nhi\u1ec7t \u0111\u1ed9 ho\u1ea1t \u0111\u1ed9ng t\u1ed1i \u0111a l\u00e0 232\u00b0C<\/li>\n<\/ul>\n<p><strong>Clear Teflon<\/strong><strong>\u00ae<\/strong><\/p>\n<p><img loading=\"lazy\" decoding=\"async\" class=\"alignnone size-full wp-image-987451951\" src=\"http:\/\/www.khonglieng.com.sg\/wp-content\/uploads\/2017\/06\/5-4.png\" alt=\"\" width=\"162\" height=\"172\" \/><\/p>\n<p>&nbsp;<\/p>\n<ul>\n<li>D\u1ea3i trung t\u00e2m Teflon\u00ae trong su\u1ed1t cho ph\u00e9p ki\u1ec3m tra tr\u1ef1c quan ho\u00e0n to\u00e0n.<\/li>\n<li>C\u00e1c m\u1eb7t b\u00ean \u0111\u01b0\u1ee3c l\u00e0m b\u1eb1ng v\u1ea3i th\u1ee7y tinh ph\u1ee7 Teflon\u00ae cao c\u1ea5p.<\/li>\n<li>S\u1ee3i th\u1ee7y tinh ph\u1ee7 Teflon\u00ae ho\u1eb7c s\u1ee3i Nomex\u00ae v\u00e0 d\u00e2y r\u00fat.<\/li>\n<li>Ch\u1ed1ng ch\u00e1y v\u00e0 r\u00e1ch.<\/li>\n<li>N\u00fam x\u1ea3 Teflon\u00ae t\u00f9y ch\u1ecdn<\/li>\n<li>Nhi\u1ec7t \u0111\u1ed9 ho\u1ea1t \u0111\u1ed9ng t\u1ed1i \u0111a l\u00e0 204\u00b0C<\/li>\n<\/ul>\n<p>&nbsp;<\/p>\n<p><strong>EXPANSION JOINT SHIELDS<\/strong><\/p>\n<p><img loading=\"lazy\" decoding=\"async\" class=\"alignnone size-full wp-image-987451953\" src=\"http:\/\/www.khonglieng.com.sg\/wp-content\/uploads\/2017\/06\/7.png\" alt=\"\" width=\"191\" height=\"149\" \/><\/p>\n<ul>\n<li>C\u00f3 s\u1eb5n c\u00f9ng lo\u1ea1i v\u1ea3i v\u00e0 ki\u1ec3u d\u00e1ng nh\u01b0 T\u1ea5m ch\u1eafn b\u00edch.<\/li>\n<li>N\u00ean d\u00f9ng Teflon trong su\u1ed1t \u0111\u1ec3 xem \u1ed1ng th\u1ed5i.<\/li>\n<li>Cho ph\u00e9p chuy\u1ec3n \u0111\u1ed9ng ngang, trong khi v\u1eabn gi\u1eef \u0111\u01b0\u1ee3c s\u1ef1 v\u1eeba v\u1eb7n v\u00e0 b\u1ea3o v\u1ec7.<\/li>\n<li>C\u00f3 s\u1eb5n cho t\u1ea5t c\u1ea3 c\u00e1c ki\u1ec3u v\u00e0 lo\u1ea1i kh\u1edbp n\u1ed1i gi\u00e3n n\u1edf b\u1eb1ng cao su, th\u00e9p kh\u00f4ng g\u1ec9 v\u00e0 Teflon, b\u1ea5t k\u1ec3 nh\u00e0 s\u1ea3n xu\u1ea5t n\u00e0o.<\/li>\n<li>\u0110\u01b0\u1ee3c h\u1ea7u h\u1ebft c\u00e1c nh\u00e0 s\u1ea3n xu\u1ea5t kh\u1edbp n\u1ed1i gi\u00e3n n\u1edf khuy\u00ean d\u00f9ng.<\/li>\n<\/ul>\n<p><strong>VALVE SHIELDS<\/strong><\/p>\n<p><img loading=\"lazy\" decoding=\"async\" class=\"alignnone size-full wp-image-987451954\" src=\"http:\/\/www.khonglieng.com.sg\/wp-content\/uploads\/2017\/06\/1-6.png\" alt=\"\" width=\"163\" height=\"194\" \/><\/p>\n<ul>\n<li>C\u00f3 s\u1eb5n c\u00f9ng lo\u1ea1i v\u1ea3i v\u00e0 ki\u1ec3u nh\u01b0 T\u1ea5m ch\u1eafn b\u00edch.<\/li>\n<li>Cho ph\u00e9p v\u1eadn h\u00e0nh tay c\u1ea7m van ho\u1eb7c b\u00e1nh xe tay.<\/li>\n<li>T\u1ea5m ch\u1eafn Bonnet cho ph\u00e9p di chuy\u1ec3n v\u00e0 \u0111\u00f3ng m\u1edf van c\u1eeda ho\u1eb7c van c\u1ea7u.<\/li>\n<li>\u0110\u01b0\u1ee3c s\u1ea3n xu\u1ea5t \u0111\u1ec3 ph\u00f9 h\u1ee3p v\u1edbi t\u1ea5t c\u1ea3 c\u00e1c ki\u1ec3u v\u00e0 lo\u1ea1i van: Van bi, Van m\u1ed9t chi\u1ec1u, Van b\u01b0\u1edbm, Van c\u1ed5ng, Van m\u00e0ng ch\u1eafn, Van \u0111i\u1ec1u khi\u1ec3n, Van c\u1ea7u.<\/li>\n<\/ul>\n<p><strong>I &amp; E COVERS<\/strong><\/p>\n<p><img loading=\"lazy\" decoding=\"async\" class=\"alignnone size-full wp-image-987451957\" src=\"http:\/\/www.khonglieng.com.sg\/wp-content\/uploads\/2017\/06\/4-6.png\" alt=\"\" width=\"161\" height=\"235\" \/><\/p>\n<ul>\n<li>\u0110\u01b0\u1ee3c thi\u1ebft k\u1ebf \u0111\u1ec3 ph\u00f9 h\u1ee3p v\u1edbi thi\u1ebft b\u1ecb \u0111o l\u01b0\u1eddng, thi\u1ebft b\u1ecb \u0111i\u1ec7n t\u1eed, b\u1ed9 \u0111i\u1ec1u khi\u1ec3n, thi\u1ebft b\u1ecb \u0111\u1eaft ti\u1ec1n v\u00e0 tinh vi.<\/li>\n<li>T\u0103ng tu\u1ed5i th\u1ecd v\u00e0 b\u1ea3o v\u1ec7 kh\u1ecfi m\u00f4i tr\u01b0\u1eddng \u0103n m\u00f2n.<\/li>\n<li>Ki\u1ec3u trong su\u1ed1t cho ph\u00e9p quan s\u00e1t b\u1ed9 \u0111\u1ecbnh v\u1ecb v\u00e0 b\u1ed9 truy\u1ec1n \u0111\u1ed9ng.<\/li>\n<li>Ph\u00f9 h\u1ee3p t\u00f9y ch\u1ec9nh, b\u1ea5t k\u1ec3 chi\u1ec1u d\u00e0i v\u00e0 k\u00edch th\u01b0\u1edbc.<\/li>\n<\/ul>","protected":false},"excerpt":{"rendered":"<p>T\u1ea5m ch\u1eafn b\u00edch<\/p>\n<p>T\u1ea5m ch\u1eafn phun an to\u00e0n \u0111\u01b0\u1ee3c thi\u1ebft k\u1ebf \u0111\u1ec3 ng\u0103n ng\u1eeba th\u1ea3m h\u1ecda b\u1eb1ng c\u00e1ch t\u1ea1m th\u1eddi ng\u0103n ch\u1eb7n r\u00f2 r\u1ec9 v\u00e0 phun nguy hi\u1ec3m. R\u00f2 r\u1ec9 c\u00f3 th\u1ec3 x\u1ea3y ra tr\u00ean h\u1ec7 th\u1ed1ng \u0111\u01b0\u1eddng \u1ed1ng d\u1eabn h\u00f3a ch\u1ea5t, ch\u1ea5t l\u1ecfng nhi\u1ec7t \u0111\u1ed9 cao v\u00e0 h\u01a1i n\u01b0\u1edbc, c\u00f3 th\u1ec3 g\u00e2y h\u1ea1i cho ng\u01b0\u1eddi lao \u0111\u1ed9ng, thi\u1ebft b\u1ecb g\u1ea7n \u0111\u00f3 v\u00e0 m\u00f4i tr\u01b0\u1eddng. R\u00f2 r\u1ec9 ch\u1ea5t d\u1ec5 ch\u00e1y, ch\u1eb3ng h\u1ea1n nh\u01b0 nhi\u00ean li\u1ec7u ho\u1eb7c d\u1ea7u, c\u00f3 th\u1ec3 g\u00e2y ra nguy c\u01a1 ch\u00e1y n\u1ed5.<\/p>\n<p>&nbsp;<\/p>\n<p>T\u1ea5m ch\u1eafn phun an to\u00e0n gi\u00fap \u0111\u00e1p \u1ee9ng c\u00e1c ti\u00eau chu\u1ea9n quy \u0111\u1ecbnh do c\u00e1c c\u01a1 quan nh\u01b0 OSHA, EPA, MSHA, SOLAS, ABS v\u00e0 DNV \u0111\u1eb7t ra v\u00e0 hi\u1ec7n \u0111\u01b0\u1ee3c m\u1ed9t s\u1ed1 c\u00f4ng ty b\u1ea3o hi\u1ec3m y\u00eau c\u1ea7u.<\/p>\n<p>\u0110\u01b0\u1ee3c ch\u1ebf t\u1ea1o t\u1eeb c\u00e1c lo\u1ea1i v\u1ea3i b\u1ec1n, ch\u1ed1ng h\u00f3a ch\u1ea5t, tia UV v\u00e0 th\u1eddi ti\u1ebft, T\u1ea5m ch\u1eafn c\u1ee7a ch\u00fang t\u00f4i c\u00f3 s\u1eb5n b\u1eb1ng Teflon\u00ae, Polypropylene, PVC v\u00e0 Polyethylene. Ki\u1ec3u d\u00e1ng r\u1eafn c\u00f3 mi\u1ebfng v\u00e1 ch\u1ec9 b\u00e1o \u0111\u1ed9 pH b\u00e1o hi\u1ec7u r\u00f2 r\u1ec9 b\u1eb1ng c\u00e1ch ngay l\u1eadp t\u1ee9c \u0111\u1ed5i m\u00e0u sang \u0111\u1ecf n\u1ebfu c\u00f3 t\u00ednh axit ho\u1eb7c sang xanh l\u1ee5c n\u1ebfu c\u00f3 t\u00ednh ki\u1ec1m. Mi\u1ebfng v\u00e1 c\u00f3 th\u1ec3 thay th\u1ebf \u0111\u01b0\u1ee3c, cho ph\u00e9p t\u00e1i s\u1eed d\u1ee5ng t\u1ea5m ch\u1eafn.<\/p>\n<p>T\u1ea5m ch\u1eafn c\u1ee7a ch\u00fang t\u00f4i c\u00f3 th\u1ec3 \u0111\u01b0\u1ee3c l\u1eafp \u0111\u1eb7t nhanh ch\u00f3ng v\u00e0 \u0111\u01a1n gi\u1ea3n b\u1edfi m\u1ed9t ng\u01b0\u1eddi v\u1edbi m\u00f3c v\u00e0 d\u00e2y bu\u1ed9c v\u00e0 d\u00e2y r\u00fat \u0111\u01b0\u1ee3c trang b\u1ecb s\u1eb5n.<\/p>\n<p>Ch\u00fang t\u00f4i cung c\u1ea5p Shields cho m\u1ecdi k\u00edch th\u01b0\u1edbc v\u00e0 \u0111\u1ecbnh m\u1ee9c, c\u1ea3 ti\u00eau chu\u1ea9n, kh\u00f4ng ti\u00eau chu\u1ea9n v\u00e0 h\u1ec7 m\u00e9t (DN).<\/p>\n<p>Ch\u00fang t\u00f4i c\u00f3 th\u1ec3 cung c\u1ea5p c\u00e1c gi\u1ea3i ph\u00e1p gi\u1ea3i quy\u1ebft v\u1ea5n \u0111\u1ec1 b\u1eb1ng c\u00e1ch thi\u1ebft k\u1ebf v\u00e0 s\u1ea3n xu\u1ea5t theo y\u00eau c\u1ea7u cho c\u00e1c k\u00edch th\u01b0\u1edbc v\u00e0 \u1ee9ng d\u1ee5ng \u0111\u1eb7c bi\u1ec7t. C\u00f3 s\u1eb5n trong c\u00f9ng lo\u1ea1i v\u1ea3i v\u00e0 ki\u1ec3u d\u00e1ng nh\u01b0 Flange Shields.<\/p>\n","protected":false},"featured_media":1556,"template":"","meta":[],"product_cat":[240,256],"product_tag":[],"class_list":{"0":"post-1555","1":"product","2":"type-product","3":"status-publish","4":"has-post-thumbnail","6":"product_cat-klinger","7":"product_cat-safety-spray-shield","9":"first","10":"instock","11":"shipping-taxable","12":"product-type-simple"},"_links":{"self":[{"href":"https:\/\/sval.vn\/vi\/wp-json\/wp\/v2\/product\/1555"}],"collection":[{"href":"https:\/\/sval.vn\/vi\/wp-json\/wp\/v2\/product"}],"about":[{"href":"https:\/\/sval.vn\/vi\/wp-json\/wp\/v2\/types\/product"}],"wp:featuredmedia":[{"embeddable":true,"href":"https:\/\/sval.vn\/vi\/wp-json\/wp\/v2\/media\/1556"}],"wp:attachment":[{"href":"https:\/\/sval.vn\/vi\/wp-json\/wp\/v2\/media?parent=1555"}],"wp:term":[{"taxonomy":"product_cat","embeddable":true,"href":"https:\/\/sval.vn\/vi\/wp-json\/wp\/v2\/product_cat?post=1555"},{"taxonomy":"product_tag","embeddable":true,"href":"https:\/\/sval.vn\/vi\/wp-json\/wp\/v2\/product_tag?post=1555"}],"curies":[{"name":"wp","href":"https:\/\/api.w.org\/{rel}","templated":true}]}}